{"id":196988,"date":"2022-06-23T17:24:53","date_gmt":"2022-06-23T21:24:53","guid":{"rendered":"https:\/\/infoliquidationrecycle.com\/info-liquidation-recycle-in-blainville\/"},"modified":"2022-07-19T10:34:38","modified_gmt":"2022-07-19T14:34:38","slug":"info-liquidation-recycle-in-blainville","status":"publish","type":"page","link":"https:\/\/infoliquidationrecycle.com\/en\/info-liquidation-recycle-in-blainville\/","title":{"rendered":"Computer &amp; electronic recycling in Blainville"},"content":{"rendered":"<p>[et_pb_section fb_built=&#8221;1&#8243; custom_padding_last_edited=&#8221;on|phone&#8221; _builder_version=&#8221;4.17.3&#8243; _module_preset=&#8221;default&#8221; use_background_color_gradient=&#8221;on&#8221; background_color_gradient_stops=&#8221;rgba(0,0,0,0.17) 0%|rgba(0,0,0,0.17) 100%&#8221; background_color_gradient_overlays_image=&#8221;on&#8221; background_color_gradient_start=&#8221;rgba(0,0,0,0.17)&#8221; background_color_gradient_end=&#8221;rgba(0,0,0,0.17)&#8221; background_image=&#8221;https:\/\/infoliquidationrecycle.com\/wp-content\/uploads\/2022\/05\/recyclage-info-1.jpg&#8221; custom_padding=&#8221;300px||100px||false|false&#8221; custom_padding_tablet=&#8221;&#8221; custom_padding_phone=&#8221;3vh||3vh||true|false&#8221; locked=&#8221;off&#8221; global_colors_info=&#8221;{}&#8221;][et_pb_row _builder_version=&#8221;4.16&#8243; _module_preset=&#8221;default&#8221; width_tablet=&#8221;&#8221; width_phone=&#8221;95%&#8221; width_last_edited=&#8221;on|phone&#8221; global_colors_info=&#8221;{}&#8221;][et_pb_column type=&#8221;4_4&#8243; _builder_version=&#8221;4.16&#8243; _module_preset=&#8221;default&#8221; global_colors_info=&#8221;{}&#8221;][et_pb_text _builder_version=&#8221;4.16&#8243; _dynamic_attributes=&#8221;content&#8221; _module_preset=&#8221;default&#8221; header_font_size=&#8221;60px&#8221; text_orientation=&#8221;center&#8221; background_layout=&#8221;dark&#8221; global_colors_info=&#8221;{}&#8221;]@ET-DC@eyJkeW5hbWljIjp0cnVlLCJjb250ZW50IjoicG9zdF90aXRsZSIsInNldHRpbmdzIjp7ImJlZm9yZSI6IjxoMT4iLCJhZnRlciI6IjxcL2gxPiJ9fQ==@[\/et_pb_text][et_pb_button button_url=&#8221;@ET-DC@eyJkeW5hbWljIjp0cnVlLCJjb250ZW50IjoicG9zdF9saW5rX3VybF9wYWdlIiwic2V0dGluZ3MiOnsicG9zdF9pZCI6IjMwMyJ9fQ==@&#8221; button_text=&#8221;Pick-up form&#8221; button_alignment=&#8221;center&#8221; _builder_version=&#8221;4.16&#8243; _dynamic_attributes=&#8221;button_url&#8221; _module_preset=&#8221;default&#8221; locked=&#8221;off&#8221; global_colors_info=&#8221;{}&#8221;][\/et_pb_button][\/et_pb_column][\/et_pb_row][\/et_pb_section][et_pb_section fb_built=&#8221;1&#8243; admin_label=&#8221;Section&#8221; _builder_version=&#8221;4.16&#8243; _module_preset=&#8221;default&#8221; background_color=&#8221;#f7f7f7&#8243; custom_padding=&#8221;5%||5%||false|false&#8221; locked=&#8221;off&#8221; global_colors_info=&#8221;{}&#8221;][et_pb_row column_structure=&#8221;1_2,1_2&#8243; _builder_version=&#8221;4.16&#8243; _module_preset=&#8221;default&#8221; width_tablet=&#8221;&#8221; width_phone=&#8221;95%&#8221; width_last_edited=&#8221;on|phone&#8221; global_colors_info=&#8221;{}&#8221;][et_pb_column type=&#8221;1_2&#8243; _builder_version=&#8221;4.16&#8243; _module_preset=&#8221;default&#8221; global_colors_info=&#8221;{}&#8221;][et_pb_image src=&#8221;https:\/\/infoliquidationrecycle.com\/wp-content\/uploads\/2022\/05\/recyclage-info-4.jpg&#8221; alt=&#8221;recycling-info&#8221; title_text=&#8221;recycling-terminal-internet-equipment-telecommunication-laval-montreal&#8221; _builder_version=&#8221;4.17.3&#8243; _module_preset=&#8221;default&#8221; border_radii=&#8221;on|10px|10px|10px|10px&#8221; box_shadow_style=&#8221;preset1&#8243; box_shadow_vertical=&#8221;0px&#8221; box_shadow_blur=&#8221;5px&#8221; global_colors_info=&#8221;{}&#8221;][\/et_pb_image][\/et_pb_column][et_pb_column type=&#8221;1_2&#8243; _builder_version=&#8221;4.16&#8243; _module_preset=&#8221;default&#8221; global_colors_info=&#8221;{}&#8221;][et_pb_text _builder_version=&#8221;4.17.3&#8243; _module_preset=&#8221;default&#8221; text_font=&#8221;|300|||||||&#8221; global_colors_info=&#8221;{}&#8221;]<\/p>\n<p><span style=\"font-weight: 400;\">With the evolution of technology, we currently have at our disposal, sophisticated equipment. However, these new machines need to be renewed at some point. As in the case of computers, the user will need to change it. In addition, it is not advisable to throw it anywhere, at the risk of damaging the environment. This is because end-of-life electronic devices are not good to be thrown into garbage boxes. This computer waste will give ecological impacts: let&#8217;s opt for electronic recycling! Info liquidation in Blainville offers you to recycle your electronic waste without moving.<\/span><\/p>\n<p>[\/et_pb_text][\/et_pb_column][\/et_pb_row][et_pb_row _builder_version=&#8221;4.16&#8243; _module_preset=&#8221;default&#8221; locked=&#8221;off&#8221; global_colors_info=&#8221;{}&#8221;][et_pb_column type=&#8221;4_4&#8243; _builder_version=&#8221;4.16&#8243; _module_preset=&#8221;default&#8221; global_colors_info=&#8221;{}&#8221;][et_pb_button button_url=&#8221;@ET-DC@eyJkeW5hbWljIjp0cnVlLCJjb250ZW50IjoicG9zdF9saW5rX3VybF9wYWdlIiwic2V0dGluZ3MiOnsicG9zdF9pZCI6IjMwMyJ9fQ==@&#8221; button_text=&#8221;Pick-up form&#8221; button_alignment=&#8221;center&#8221; _builder_version=&#8221;4.16&#8243; _dynamic_attributes=&#8221;button_url&#8221; _module_preset=&#8221;default&#8221; global_colors_info=&#8221;{}&#8221;][\/et_pb_button][\/et_pb_column][\/et_pb_row][et_pb_row _builder_version=&#8221;4.16&#8243; _module_preset=&#8221;default&#8221; use_background_color_gradient=&#8221;on&#8221; background_color_gradient_stops=&#8221;rgba(255,255,255,0.9) 0%|rgba(255,255,255,0.9) 100%&#8221; background_color_gradient_overlays_image=&#8221;on&#8221; background_color_gradient_start=&#8221;rgba(255,255,255,0.9)&#8221; background_color_gradient_end=&#8221;rgba(255,255,255,0.9)&#8221; background_image=&#8221;https:\/\/infoliquidationrecycle.com\/wp-content\/uploads\/2020\/11\/ordinateurs-portables-recuperation-recycle-materiel-electronique-certificat-destruction-laval-montreal.jpg&#8221; width_tablet=&#8221;&#8221; width_phone=&#8221;95%&#8221; width_last_edited=&#8221;on|phone&#8221; custom_padding=&#8221;30px|30px|30px|30px|true|true&#8221; global_colors_info=&#8221;{}&#8221;][et_pb_column type=&#8221;4_4&#8243; _builder_version=&#8221;4.16&#8243; _module_preset=&#8221;default&#8221; global_colors_info=&#8221;{}&#8221;][et_pb_text _builder_version=&#8221;4.17.3&#8243; _module_preset=&#8221;default&#8221; text_font=&#8221;|300|||||||&#8221; global_colors_info=&#8221;{}&#8221;]<\/p>\n<h2><span style=\"font-weight: 400;\">Computer &amp; electronic recycling in Blainville<\/span><\/h2>\n<p><span style=\"font-weight: 400;\">If you are forced to throw away items from your computer, it is best to look for an electronic recovery. Putting these computer compositions in garbage cans can harm the environment. Let us take into account that these materials can increase the emission of the greenhouse effect. Copper and lead endanger plant and animal life. But destruction is not limited to nature, it also affects man. Human health can be compromised by the components that make up the device, such as mercury.<\/span><\/p>\n<p><span style=\"font-weight: 400;\">Have you ever heard of computer recycling in Quebec? Environmental degradation stems from the failure to understand the destructive consequences of these different elements. It will be necessary to consider point by point the dangers that this electronic waste represents in relation to the ecological system. Know that in Blainville, we offer you the opportunity to discover the world of electronic recycling. Blainville&#8217;s computer recycling tries to transform and give a second chance to your equipment to be reused. To do this, preserve nature without moving, Blainville recycling comes to you!<\/span><\/p>\n<p>[\/et_pb_text][\/et_pb_column][\/et_pb_row][et_pb_row _builder_version=&#8221;4.17.3&#8243; _module_preset=&#8221;default&#8221; global_colors_info=&#8221;{}&#8221;][et_pb_column type=&#8221;4_4&#8243; _builder_version=&#8221;4.17.3&#8243; _module_preset=&#8221;default&#8221; global_colors_info=&#8221;{}&#8221;][et_pb_text _builder_version=&#8221;4.17.3&#8243; _module_preset=&#8221;default&#8221; global_colors_info=&#8221;{}&#8221;]<\/p>\n<h2><span style=\"font-weight: 400;\">Materials affected by recycling<\/span><\/h2>\n<p>[\/et_pb_text][et_pb_image src=&#8221;https:\/\/infoliquidationrecycle.com\/wp-content\/uploads\/2022\/05\/recyclage-ecolo-01.jpg&#8221; alt=&#8221;computer recycling&#8221; _builder_version=&#8221;4.17.3&#8243; _module_preset=&#8221;default&#8221; global_colors_info=&#8221;{}&#8221;][\/et_pb_image][et_pb_text _builder_version=&#8221;4.17.3&#8243; _module_preset=&#8221;default&#8221; global_colors_info=&#8221;{}&#8221;]<\/p>\n<p><span style=\"font-weight: 400;\">Each product has its own characteristic and both are also recoverable. Blainville has the opportunity to bring all your equipment back to life.<\/span><\/p>\n<h3><span style=\"font-weight: 400;\">Electronic cards<\/span><\/h3>\n<p><span style=\"font-weight: 400;\">These are printed circuits that connect electronic components and that will allow energy exchanges. Electronic boards handle more complex functions and are interconnected. For example: access controls, zone-by-zone monitoring, image transmission. The board consists of a resistor, a capacitor, a diode and a transistor.<\/span><\/p>\n<p><span style=\"font-weight: 400;\">Rather than throwing them away, we invite you to recycle these cards, as they are recoverable. Call on a professional to disassemble your PCB. Practically all the components of a printed circuit board, mentioned above, can be restored again!<\/span><\/p>\n<h3><span style=\"font-weight: 400;\">The sound card<\/span><\/h3>\n<p><span style=\"font-weight: 400;\">A sound card can be in the form of a small chip, it is used to improve the sound system of the computer. It makes sure to convert a digital signal. The PC will transmit the sound there and in turn the card will convert the signal of the computer. You will find two motherboard screw slots and the connector of a motherboard audio tablecloth.<\/span><\/p>\n<p><span style=\"font-weight: 400;\">Each component will constitute a computer, and it can be renewed. A recycling specialist will use lead to weld the whole. And it will be the same for the graphics card, the network card and the video card.<\/span><\/p>\n<h3><span style=\"font-weight: 400;\">Keyboard, screen and mouse<\/span><\/h3>\n<p><span style=\"font-weight: 400;\">The keyboard and mouse allow you to encode your commands that will be translated into computer language. The other electronic components of the computer will translate them. The computer screen allows you to view the result of the commands you expect. Also, the keyboard is used to write texts and execute many commands. It works in conjunction with the small device called &#8220;the mouse&#8221;.<\/span><\/p>\n<p><span style=\"font-weight: 400;\">These three elements of the computer are very easy to reconstruct. You can replace damaged parts of your mouse or keyboard: make sure they still work.<\/span><\/p>\n<p>[\/et_pb_text][\/et_pb_column][\/et_pb_row][et_pb_row _builder_version=&#8221;4.16&#8243; _module_preset=&#8221;default&#8221; background_color=&#8221;#65c05b&#8221; width_tablet=&#8221;&#8221; width_phone=&#8221;95%&#8221; width_last_edited=&#8221;on|phone&#8221; custom_padding=&#8221;30px|30px|30px|30px|true|true&#8221; global_colors_info=&#8221;{}&#8221;][et_pb_column type=&#8221;4_4&#8243; _builder_version=&#8221;4.16&#8243; _module_preset=&#8221;default&#8221; global_colors_info=&#8221;{}&#8221;][et_pb_text _builder_version=&#8221;4.17.3&#8243; _module_preset=&#8221;default&#8221; text_font=&#8221;|300|||||||&#8221; background_layout=&#8221;dark&#8221; global_colors_info=&#8221;{}&#8221;]<\/p>\n<h2><span style=\"font-weight: 400;\">How to recycle?<\/span><\/h2>\n<p><span style=\"font-weight: 400;\">There are three steps to follow to carry out electronic recycling. Items are sorted before they are dismantled: it is a question of separating those that are recoverable from those that are no longer recoverable. The interest is to be able to identify the defective components of the device.<\/span><\/p>\n<p><span style=\"font-weight: 400;\">The sorted elements are then tested for their condition of use, the central unit will be dismantled in stages by the specialist. Each component will be carefully checked to be able to resell them later. It is possible that if an element is still functional, new devices can be built or another can be repaired. Let&#8217;s take as an example, internal and external HARD drives or electronic batteries.<\/span><\/p>\n<p>[\/et_pb_text][\/et_pb_column][\/et_pb_row][et_pb_row _builder_version=&#8221;4.16&#8243; _module_preset=&#8221;default&#8221; global_colors_info=&#8221;{}&#8221;][et_pb_column type=&#8221;4_4&#8243; _builder_version=&#8221;4.16&#8243; _module_preset=&#8221;default&#8221; global_colors_info=&#8221;{}&#8221;][et_pb_button button_url=&#8221;@ET-DC@eyJkeW5hbWljIjp0cnVlLCJjb250ZW50IjoicG9zdF9saW5rX3VybF9wYWdlIiwic2V0dGluZ3MiOnsicG9zdF9pZCI6IjMwMyJ9fQ==@&#8221; button_text=&#8221;Pick-up form&#8221; button_alignment=&#8221;center&#8221; _builder_version=&#8221;4.16&#8243; _dynamic_attributes=&#8221;button_url&#8221; _module_preset=&#8221;default&#8221; global_colors_info=&#8221;{}&#8221;][\/et_pb_button][et_pb_image src=&#8221;https:\/\/infoliquidationrecycle.com\/wp-content\/uploads\/2020\/11\/icon_info_liquidation.png&#8221; title_text=&#8221;icon_info_liquidation&#8221; align=&#8221;center&#8221; _builder_version=&#8221;4.16&#8243; _module_preset=&#8221;default&#8221; width=&#8221;60px&#8221; custom_margin=&#8221;||30px||false|false&#8221; global_colors_info=&#8221;{}&#8221;][\/et_pb_image][\/et_pb_column][\/et_pb_row][\/et_pb_section]<\/p>\n","protected":false},"excerpt":{"rendered":"<p>With the evolution of technology, we currently have at our disposal, sophisticated equipment. However, these new machines need to be renewed at some point. As in the case of computers, the user will need to change it. In addition, it is not advisable to throw it anywhere, at the risk of damaging the environment. This [&hellip;]<\/p>\n","protected":false},"author":1,"featured_media":87719,"parent":0,"menu_order":0,"comment_status":"closed","ping_status":"closed","template":"","meta":{"_et_pb_use_builder":"on","_et_pb_old_content":"","_et_gb_content_width":"","footnotes":""},"class_list":["post-196988","page","type-page","status-publish","has-post-thumbnail","hentry"],"yoast_head":"<!-- This site is optimized with the Yoast SEO plugin v26.3 - https:\/\/yoast.com\/wordpress\/plugins\/seo\/ -->\n<title>Computer &amp; electronic recycling in Blainville - Info Liquidation Recycle<\/title>\n<meta name=\"description\" content=\"Computer &amp; electronic recycling in Blainville\" \/>\n<meta name=\"robots\" content=\"index, follow, max-snippet:-1, max-image-preview:large, max-video-preview:-1\" \/>\n<link rel=\"canonical\" href=\"https:\/\/infoliquidationrecycle.com\/en\/info-liquidation-recycle-in-blainville\/\" \/>\n<meta property=\"og:locale\" content=\"en_US\" \/>\n<meta property=\"og:type\" content=\"article\" \/>\n<meta property=\"og:title\" content=\"Computer &amp; electronic recycling in Blainville - Info Liquidation Recycle\" \/>\n<meta property=\"og:description\" content=\"Computer &amp; electronic recycling in Blainville\" \/>\n<meta property=\"og:url\" content=\"https:\/\/infoliquidationrecycle.com\/en\/info-liquidation-recycle-in-blainville\/\" \/>\n<meta property=\"og:site_name\" content=\"Info Liquidation Recycle\" \/>\n<meta property=\"article:publisher\" content=\"https:\/\/www.facebook.com\/InfoLiquidationRecycle\/\" \/>\n<meta property=\"article:modified_time\" content=\"2022-07-19T14:34:38+00:00\" \/>\n<meta property=\"og:image\" content=\"https:\/\/infoliquidationrecycle.com\/wp-content\/uploads\/2022\/02\/micro-circuit-main-board-computer-electronic-technology-hardware-upgrade-cleaning-concept.jpg\" \/>\n\t<meta property=\"og:image:width\" content=\"1500\" \/>\n\t<meta property=\"og:image:height\" content=\"1000\" \/>\n\t<meta property=\"og:image:type\" content=\"image\/jpeg\" \/>\n<meta name=\"twitter:card\" content=\"summary_large_image\" \/>\n<meta name=\"twitter:label1\" content=\"Est. reading time\" \/>\n\t<meta name=\"twitter:data1\" content=\"7 minutes\" \/>\n<script type=\"application\/ld+json\" class=\"yoast-schema-graph\">{\"@context\":\"https:\/\/schema.org\",\"@graph\":[{\"@type\":\"WebPage\",\"@id\":\"https:\/\/infoliquidationrecycle.com\/en\/info-liquidation-recycle-in-blainville\/\",\"url\":\"https:\/\/infoliquidationrecycle.com\/en\/info-liquidation-recycle-in-blainville\/\",\"name\":\"Computer &amp; electronic recycling in Blainville - Info Liquidation Recycle\",\"isPartOf\":{\"@id\":\"https:\/\/infoliquidationrecycle.com\/en\/#website\"},\"primaryImageOfPage\":{\"@id\":\"https:\/\/infoliquidationrecycle.com\/en\/info-liquidation-recycle-in-blainville\/#primaryimage\"},\"image\":{\"@id\":\"https:\/\/infoliquidationrecycle.com\/en\/info-liquidation-recycle-in-blainville\/#primaryimage\"},\"thumbnailUrl\":\"https:\/\/infoliquidationrecycle.com\/wp-content\/uploads\/2022\/02\/micro-circuit-main-board-computer-electronic-technology-hardware-upgrade-cleaning-concept.jpg\",\"datePublished\":\"2022-06-23T21:24:53+00:00\",\"dateModified\":\"2022-07-19T14:34:38+00:00\",\"description\":\"Computer & electronic recycling in Blainville\",\"breadcrumb\":{\"@id\":\"https:\/\/infoliquidationrecycle.com\/en\/info-liquidation-recycle-in-blainville\/#breadcrumb\"},\"inLanguage\":\"en-CA\",\"potentialAction\":[{\"@type\":\"ReadAction\",\"target\":[\"https:\/\/infoliquidationrecycle.com\/en\/info-liquidation-recycle-in-blainville\/\"]}]},{\"@type\":\"ImageObject\",\"inLanguage\":\"en-CA\",\"@id\":\"https:\/\/infoliquidationrecycle.com\/en\/info-liquidation-recycle-in-blainville\/#primaryimage\",\"url\":\"https:\/\/infoliquidationrecycle.com\/wp-content\/uploads\/2022\/02\/micro-circuit-main-board-computer-electronic-technology-hardware-upgrade-cleaning-concept.jpg\",\"contentUrl\":\"https:\/\/infoliquidationrecycle.com\/wp-content\/uploads\/2022\/02\/micro-circuit-main-board-computer-electronic-technology-hardware-upgrade-cleaning-concept.jpg\",\"width\":1500,\"height\":1000,\"caption\":\"electronics\"},{\"@type\":\"BreadcrumbList\",\"@id\":\"https:\/\/infoliquidationrecycle.com\/en\/info-liquidation-recycle-in-blainville\/#breadcrumb\",\"itemListElement\":[{\"@type\":\"ListItem\",\"position\":1,\"name\":\"Accueil\",\"item\":\"https:\/\/infoliquidationrecycle.com\/en\/home-2\/\"},{\"@type\":\"ListItem\",\"position\":2,\"name\":\"Computer &amp; electronic recycling in Blainville\"}]},{\"@type\":\"WebSite\",\"@id\":\"https:\/\/infoliquidationrecycle.com\/en\/#website\",\"url\":\"https:\/\/infoliquidationrecycle.com\/en\/\",\"name\":\"Info Liquidation Recycle ramassage de mati\u00e8res et d\u00e9chets recyclables\",\"description\":\"Recyclage et ramassage informatique et \u00e9l\u00e9ctronique, \u00e0 Laval, Montr\u00e9al.\",\"publisher\":{\"@id\":\"https:\/\/infoliquidationrecycle.com\/en\/#organization\"},\"potentialAction\":[{\"@type\":\"SearchAction\",\"target\":{\"@type\":\"EntryPoint\",\"urlTemplate\":\"https:\/\/infoliquidationrecycle.com\/en\/?s={search_term_string}\"},\"query-input\":{\"@type\":\"PropertyValueSpecification\",\"valueRequired\":true,\"valueName\":\"search_term_string\"}}],\"inLanguage\":\"en-CA\"},{\"@type\":\"Organization\",\"@id\":\"https:\/\/infoliquidationrecycle.com\/en\/#organization\",\"name\":\"Info Liquidation Recycle ramassage de mati\u00e8res et d\u00e9chets recyclables - Laval, Montr\u00e9al\",\"url\":\"https:\/\/infoliquidationrecycle.com\/en\/\",\"logo\":{\"@type\":\"ImageObject\",\"inLanguage\":\"en-CA\",\"@id\":\"https:\/\/infoliquidationrecycle.com\/en\/#\/schema\/logo\/image\/\",\"url\":\"https:\/\/i0.wp.com\/infoliquidationrecycle.com\/wp-content\/uploads\/2020\/09\/logo.png?fit=338%2C80&ssl=1\",\"contentUrl\":\"https:\/\/i0.wp.com\/infoliquidationrecycle.com\/wp-content\/uploads\/2020\/09\/logo.png?fit=338%2C80&ssl=1\",\"width\":338,\"height\":80,\"caption\":\"Info Liquidation Recycle ramassage de mati\u00e8res et d\u00e9chets recyclables - Laval, Montr\u00e9al\"},\"image\":{\"@id\":\"https:\/\/infoliquidationrecycle.com\/en\/#\/schema\/logo\/image\/\"},\"sameAs\":[\"https:\/\/www.facebook.com\/InfoLiquidationRecycle\/\"]}]}<\/script>\n<!-- \/ Yoast SEO plugin. -->","yoast_head_json":{"title":"Computer &amp; electronic recycling in Blainville - Info Liquidation Recycle","description":"Computer & electronic recycling in Blainville","robots":{"index":"index","follow":"follow","max-snippet":"max-snippet:-1","max-image-preview":"max-image-preview:large","max-video-preview":"max-video-preview:-1"},"canonical":"https:\/\/infoliquidationrecycle.com\/en\/info-liquidation-recycle-in-blainville\/","og_locale":"en_US","og_type":"article","og_title":"Computer &amp; electronic recycling in Blainville - Info Liquidation Recycle","og_description":"Computer & electronic recycling in Blainville","og_url":"https:\/\/infoliquidationrecycle.com\/en\/info-liquidation-recycle-in-blainville\/","og_site_name":"Info Liquidation Recycle","article_publisher":"https:\/\/www.facebook.com\/InfoLiquidationRecycle\/","article_modified_time":"2022-07-19T14:34:38+00:00","og_image":[{"width":1500,"height":1000,"url":"https:\/\/infoliquidationrecycle.com\/wp-content\/uploads\/2022\/02\/micro-circuit-main-board-computer-electronic-technology-hardware-upgrade-cleaning-concept.jpg","type":"image\/jpeg"}],"twitter_card":"summary_large_image","twitter_misc":{"Est. reading time":"7 minutes"},"schema":{"@context":"https:\/\/schema.org","@graph":[{"@type":"WebPage","@id":"https:\/\/infoliquidationrecycle.com\/en\/info-liquidation-recycle-in-blainville\/","url":"https:\/\/infoliquidationrecycle.com\/en\/info-liquidation-recycle-in-blainville\/","name":"Computer &amp; electronic recycling in Blainville - Info Liquidation Recycle","isPartOf":{"@id":"https:\/\/infoliquidationrecycle.com\/en\/#website"},"primaryImageOfPage":{"@id":"https:\/\/infoliquidationrecycle.com\/en\/info-liquidation-recycle-in-blainville\/#primaryimage"},"image":{"@id":"https:\/\/infoliquidationrecycle.com\/en\/info-liquidation-recycle-in-blainville\/#primaryimage"},"thumbnailUrl":"https:\/\/infoliquidationrecycle.com\/wp-content\/uploads\/2022\/02\/micro-circuit-main-board-computer-electronic-technology-hardware-upgrade-cleaning-concept.jpg","datePublished":"2022-06-23T21:24:53+00:00","dateModified":"2022-07-19T14:34:38+00:00","description":"Computer & electronic recycling in Blainville","breadcrumb":{"@id":"https:\/\/infoliquidationrecycle.com\/en\/info-liquidation-recycle-in-blainville\/#breadcrumb"},"inLanguage":"en-CA","potentialAction":[{"@type":"ReadAction","target":["https:\/\/infoliquidationrecycle.com\/en\/info-liquidation-recycle-in-blainville\/"]}]},{"@type":"ImageObject","inLanguage":"en-CA","@id":"https:\/\/infoliquidationrecycle.com\/en\/info-liquidation-recycle-in-blainville\/#primaryimage","url":"https:\/\/infoliquidationrecycle.com\/wp-content\/uploads\/2022\/02\/micro-circuit-main-board-computer-electronic-technology-hardware-upgrade-cleaning-concept.jpg","contentUrl":"https:\/\/infoliquidationrecycle.com\/wp-content\/uploads\/2022\/02\/micro-circuit-main-board-computer-electronic-technology-hardware-upgrade-cleaning-concept.jpg","width":1500,"height":1000,"caption":"electronics"},{"@type":"BreadcrumbList","@id":"https:\/\/infoliquidationrecycle.com\/en\/info-liquidation-recycle-in-blainville\/#breadcrumb","itemListElement":[{"@type":"ListItem","position":1,"name":"Accueil","item":"https:\/\/infoliquidationrecycle.com\/en\/home-2\/"},{"@type":"ListItem","position":2,"name":"Computer &amp; electronic recycling in Blainville"}]},{"@type":"WebSite","@id":"https:\/\/infoliquidationrecycle.com\/en\/#website","url":"https:\/\/infoliquidationrecycle.com\/en\/","name":"Info Liquidation Recycle ramassage de mati\u00e8res et d\u00e9chets recyclables","description":"Recyclage et ramassage informatique et \u00e9l\u00e9ctronique, \u00e0 Laval, Montr\u00e9al.","publisher":{"@id":"https:\/\/infoliquidationrecycle.com\/en\/#organization"},"potentialAction":[{"@type":"SearchAction","target":{"@type":"EntryPoint","urlTemplate":"https:\/\/infoliquidationrecycle.com\/en\/?s={search_term_string}"},"query-input":{"@type":"PropertyValueSpecification","valueRequired":true,"valueName":"search_term_string"}}],"inLanguage":"en-CA"},{"@type":"Organization","@id":"https:\/\/infoliquidationrecycle.com\/en\/#organization","name":"Info Liquidation Recycle ramassage de mati\u00e8res et d\u00e9chets recyclables - Laval, Montr\u00e9al","url":"https:\/\/infoliquidationrecycle.com\/en\/","logo":{"@type":"ImageObject","inLanguage":"en-CA","@id":"https:\/\/infoliquidationrecycle.com\/en\/#\/schema\/logo\/image\/","url":"https:\/\/i0.wp.com\/infoliquidationrecycle.com\/wp-content\/uploads\/2020\/09\/logo.png?fit=338%2C80&ssl=1","contentUrl":"https:\/\/i0.wp.com\/infoliquidationrecycle.com\/wp-content\/uploads\/2020\/09\/logo.png?fit=338%2C80&ssl=1","width":338,"height":80,"caption":"Info Liquidation Recycle ramassage de mati\u00e8res et d\u00e9chets recyclables - Laval, Montr\u00e9al"},"image":{"@id":"https:\/\/infoliquidationrecycle.com\/en\/#\/schema\/logo\/image\/"},"sameAs":["https:\/\/www.facebook.com\/InfoLiquidationRecycle\/"]}]}},"_links":{"self":[{"href":"https:\/\/infoliquidationrecycle.com\/en\/wp-json\/wp\/v2\/pages\/196988","targetHints":{"allow":["GET"]}}],"collection":[{"href":"https:\/\/infoliquidationrecycle.com\/en\/wp-json\/wp\/v2\/pages"}],"about":[{"href":"https:\/\/infoliquidationrecycle.com\/en\/wp-json\/wp\/v2\/types\/page"}],"author":[{"embeddable":true,"href":"https:\/\/infoliquidationrecycle.com\/en\/wp-json\/wp\/v2\/users\/1"}],"replies":[{"embeddable":true,"href":"https:\/\/infoliquidationrecycle.com\/en\/wp-json\/wp\/v2\/comments?post=196988"}],"version-history":[{"count":12,"href":"https:\/\/infoliquidationrecycle.com\/en\/wp-json\/wp\/v2\/pages\/196988\/revisions"}],"predecessor-version":[{"id":202406,"href":"https:\/\/infoliquidationrecycle.com\/en\/wp-json\/wp\/v2\/pages\/196988\/revisions\/202406"}],"wp:featuredmedia":[{"embeddable":true,"href":"https:\/\/infoliquidationrecycle.com\/en\/wp-json\/wp\/v2\/media\/87719"}],"wp:attachment":[{"href":"https:\/\/infoliquidationrecycle.com\/en\/wp-json\/wp\/v2\/media?parent=196988"}],"curies":[{"name":"wp","href":"https:\/\/api.w.org\/{rel}","templated":true}]}}