{"id":197003,"date":"2022-06-23T17:24:59","date_gmt":"2022-06-23T21:24:59","guid":{"rendered":"https:\/\/infoliquidationrecycle.com\/info-liquidation-recycle-in-dollard-des-ormeaux\/"},"modified":"2022-07-22T11:58:33","modified_gmt":"2022-07-22T15:58:33","slug":"info-liquidation-recycle-in-dollard-des-ormeaux","status":"publish","type":"page","link":"https:\/\/infoliquidationrecycle.com\/en\/info-liquidation-recycle-in-dollard-des-ormeaux\/","title":{"rendered":"Computer &amp; electronic recycling in Dollard-des-Ormeaux"},"content":{"rendered":"<p>[et_pb_section fb_built=&#8221;1&#8243; custom_padding_last_edited=&#8221;on|phone&#8221; _builder_version=&#8221;4.17.3&#8243; _module_preset=&#8221;default&#8221; use_background_color_gradient=&#8221;on&#8221; background_color_gradient_stops=&#8221;rgba(0,0,0,0.17) 0%|rgba(0,0,0,0.17) 100%&#8221; background_color_gradient_overlays_image=&#8221;on&#8221; background_color_gradient_start=&#8221;rgba(0,0,0,0.17)&#8221; background_color_gradient_end=&#8221;rgba(0,0,0,0.17)&#8221; background_image=&#8221;https:\/\/infoliquidationrecycle.com\/wp-content\/uploads\/2022\/05\/ordinateur-06.jpg&#8221; custom_padding=&#8221;300px||100px||false|false&#8221; custom_padding_tablet=&#8221;&#8221; custom_padding_phone=&#8221;3vh||3vh||true|false&#8221; locked=&#8221;off&#8221; global_colors_info=&#8221;{}&#8221;][et_pb_row _builder_version=&#8221;4.16&#8243; _module_preset=&#8221;default&#8221; width_tablet=&#8221;&#8221; width_phone=&#8221;95%&#8221; width_last_edited=&#8221;on|phone&#8221; global_colors_info=&#8221;{}&#8221;][et_pb_column type=&#8221;4_4&#8243; _builder_version=&#8221;4.16&#8243; _module_preset=&#8221;default&#8221; global_colors_info=&#8221;{}&#8221;][et_pb_text _builder_version=&#8221;4.16&#8243; _dynamic_attributes=&#8221;content&#8221; _module_preset=&#8221;default&#8221; header_font_size=&#8221;60px&#8221; text_orientation=&#8221;center&#8221; background_layout=&#8221;dark&#8221; global_colors_info=&#8221;{}&#8221;]@ET-DC@eyJkeW5hbWljIjp0cnVlLCJjb250ZW50IjoicG9zdF90aXRsZSIsInNldHRpbmdzIjp7ImJlZm9yZSI6IjxoMT4iLCJhZnRlciI6IjxcL2gxPiJ9fQ==@[\/et_pb_text][et_pb_button button_url=&#8221;@ET-DC@eyJkeW5hbWljIjp0cnVlLCJjb250ZW50IjoicG9zdF9saW5rX3VybF9wYWdlIiwic2V0dGluZ3MiOnsicG9zdF9pZCI6IjMwMyJ9fQ==@&#8221; button_text=&#8221;Pick-up form&#8221; button_alignment=&#8221;center&#8221; _builder_version=&#8221;4.16&#8243; _dynamic_attributes=&#8221;button_url&#8221; _module_preset=&#8221;default&#8221; locked=&#8221;off&#8221; global_colors_info=&#8221;{}&#8221;][\/et_pb_button][\/et_pb_column][\/et_pb_row][\/et_pb_section][et_pb_section fb_built=&#8221;1&#8243; admin_label=&#8221;Section&#8221; _builder_version=&#8221;4.16&#8243; _module_preset=&#8221;default&#8221; background_color=&#8221;#f7f7f7&#8243; custom_padding=&#8221;5%||5%||false|false&#8221; locked=&#8221;off&#8221; global_colors_info=&#8221;{}&#8221;][et_pb_row column_structure=&#8221;1_2,1_2&#8243; _builder_version=&#8221;4.16&#8243; _module_preset=&#8221;default&#8221; width_tablet=&#8221;&#8221; width_phone=&#8221;95%&#8221; width_last_edited=&#8221;on|phone&#8221; global_colors_info=&#8221;{}&#8221;][et_pb_column type=&#8221;1_2&#8243; _builder_version=&#8221;4.16&#8243; _module_preset=&#8221;default&#8221; global_colors_info=&#8221;{}&#8221;][et_pb_image src=&#8221;https:\/\/infoliquidationrecycle.com\/wp-content\/uploads\/2022\/05\/ordinateur-01.jpg&#8221; alt=&#8221;computer&#8221; title_text=&#8221;recycling-terminal-internet-equipment-telecommunication-laval-montreal&#8221; _builder_version=&#8221;4.17.3&#8243; _module_preset=&#8221;default&#8221; border_radii=&#8221;on|10px|10px|10px|10px&#8221; box_shadow_style=&#8221;preset1&#8243; box_shadow_vertical=&#8221;0px&#8221; box_shadow_blur=&#8221;5px&#8221; global_colors_info=&#8221;{}&#8221;][\/et_pb_image][\/et_pb_column][et_pb_column type=&#8221;1_2&#8243; _builder_version=&#8221;4.16&#8243; _module_preset=&#8221;default&#8221; global_colors_info=&#8221;{}&#8221;][et_pb_text _builder_version=&#8221;4.17.3&#8243; _module_preset=&#8221;default&#8221; text_font=&#8221;|300|||||||&#8221; global_colors_info=&#8221;{}&#8221;]<\/p>\n<p><span style=\"font-weight: 400;\">After a few years of service, you need to renew your computer hardware. On the one hand, you can buy new ones, or manage and recycle the old ones. However, managing the recycling of these computer equipment is not an easy thing. The treatment of this waste like any other presents enormous risks for the environment. For ecological reasons, you cannot immediately throw them in the trash. The solution is to recycle these electronic components. For this, computer recycling in Dollard-des-Ormeaux offers you to recycle your computer equipment without moving. So, if you live around Dollard-des-Ormeaux and want to manage your used computer equipment, we are here for you.<\/span><\/p>\n<p>[\/et_pb_text][\/et_pb_column][\/et_pb_row][et_pb_row _builder_version=&#8221;4.16&#8243; _module_preset=&#8221;default&#8221; locked=&#8221;off&#8221; global_colors_info=&#8221;{}&#8221;][et_pb_column type=&#8221;4_4&#8243; _builder_version=&#8221;4.16&#8243; _module_preset=&#8221;default&#8221; global_colors_info=&#8221;{}&#8221;][et_pb_button button_url=&#8221;@ET-DC@eyJkeW5hbWljIjp0cnVlLCJjb250ZW50IjoicG9zdF9saW5rX3VybF9wYWdlIiwic2V0dGluZ3MiOnsicG9zdF9pZCI6IjMwMyJ9fQ==@&#8221; button_text=&#8221;Pick-up form&#8221; button_alignment=&#8221;center&#8221; _builder_version=&#8221;4.16&#8243; _dynamic_attributes=&#8221;button_url&#8221; _module_preset=&#8221;default&#8221; global_colors_info=&#8221;{}&#8221;][\/et_pb_button][\/et_pb_column][\/et_pb_row][et_pb_row _builder_version=&#8221;4.16&#8243; _module_preset=&#8221;default&#8221; use_background_color_gradient=&#8221;on&#8221; background_color_gradient_stops=&#8221;rgba(255,255,255,0.9) 0%|rgba(255,255,255,0.9) 100%&#8221; background_color_gradient_overlays_image=&#8221;on&#8221; background_color_gradient_start=&#8221;rgba(255,255,255,0.9)&#8221; background_color_gradient_end=&#8221;rgba(255,255,255,0.9)&#8221; background_image=&#8221;https:\/\/infoliquidationrecycle.com\/wp-content\/uploads\/2020\/11\/ordinateurs-portables-recuperation-recycle-materiel-electronique-certificat-destruction-laval-montreal.jpg&#8221; width_tablet=&#8221;&#8221; width_phone=&#8221;95%&#8221; width_last_edited=&#8221;on|phone&#8221; custom_padding=&#8221;30px|30px|30px|30px|true|true&#8221; global_colors_info=&#8221;{}&#8221;][et_pb_column type=&#8221;4_4&#8243; _builder_version=&#8221;4.16&#8243; _module_preset=&#8221;default&#8221; global_colors_info=&#8221;{}&#8221;][et_pb_text _builder_version=&#8221;4.17.3&#8243; _module_preset=&#8221;default&#8221; text_font=&#8221;|300|||||||&#8221; hover_enabled=&#8221;0&#8243; global_colors_info=&#8221;{}&#8221; sticky_enabled=&#8221;0&#8243;]<\/p>\n<h2><span style=\"font-weight: 400;\">Why is computer recycling in Dollard-des-Ormeaux important?<\/span><\/h2>\n<p><span style=\"font-weight: 400;\">Computer elements contain many substances harmful to the environment, including internal hard drives, external hard drives, motherboard, RAM, electronic battery, computer mice, keyboard, etc. Harmful products such as lead, copper or mercury are often found on these computer elements. However, these are elements that guarantee the transmission of information, the operation of different materials, or the resistance of certain connections.<\/span><\/p>\n<p><span style=\"font-weight: 400;\">Apart from the computer, these materials have a significant ecological impact on the environment and people. Mercury, for example, has adverse health effects, or lead, which can kill plants and other living organisms. Next to it, copper causes problems for the ecosystem, when it spreads everywhere.<\/span><\/p>\n<p><span style=\"font-weight: 400;\">Therefore, the handling of computer parts will be delicate. The only possible option would be to recycle them. The goal is to recondition the electronic and other recyclable parts of your old computers. We mainly talk about computer recycling or electronic recycling to minimize the ecological impact of these materials on the environment. If you live in Dollard-des-Ormeaux, without moving, it is possible to recycle all your computer components.<\/span><\/p>\n<p>[\/et_pb_text][\/et_pb_column][\/et_pb_row][et_pb_row _builder_version=&#8221;4.17.3&#8243; _module_preset=&#8221;default&#8221; global_colors_info=&#8221;{}&#8221;][et_pb_column type=&#8221;4_4&#8243; _builder_version=&#8221;4.17.3&#8243; _module_preset=&#8221;default&#8221; global_colors_info=&#8221;{}&#8221;][et_pb_text _builder_version=&#8221;4.17.3&#8243; _module_preset=&#8221;default&#8221; hover_enabled=&#8221;0&#8243; global_colors_info=&#8221;{}&#8221; sticky_enabled=&#8221;0&#8243;]<\/p>\n<h2><span style=\"font-weight: 400;\">Dollard-des-Ormeaux: Computer &amp; electronics recycling  <\/span><\/h2>\n<p>[\/et_pb_text][et_pb_image src=&#8221;https:\/\/infoliquidationrecycle.com\/wp-content\/uploads\/2022\/05\/recyclage-ecolo-01.jpg&#8221; alt=&#8221;computer recycling&#8221; _builder_version=&#8221;4.17.3&#8243; _module_preset=&#8221;default&#8221; global_colors_info=&#8221;{}&#8221;][\/et_pb_image][et_pb_text _builder_version=&#8221;4.17.3&#8243; _module_preset=&#8221;default&#8221; global_colors_info=&#8221;{}&#8221;]<\/p>\n<p><span style=\"font-weight: 400;\">In Dollard-des-Ormeaux, recycling is done: either a whole set of computer parts or individual equipment. So it is possible to recycle motherboard, computer screen, monitor, video card, sound card, any kind of external hard drive, SSD, etc.<\/span><\/p>\n<h3><span style=\"font-weight: 400;\">Motherboard<\/span><\/h3>\n<p><span style=\"font-weight: 400;\">It is the base where the fundamental components of a computer are connected. On a multilayer printed circuit board, the motherboard is covered with thousands of connectors and offers specific electronics and connectors.<\/span><\/p>\n<p><span style=\"font-weight: 400;\">Note that it is possible to do an electronic recovery of motherboard, it can be recovered and restored. Do you live in Dollard-des-Ormeaux and want to free yourself from a used motherboard? Feel free to recycle your motherboards for environmental protection.<\/span><\/p>\n<h3><span style=\"font-weight: 400;\">Pci<\/span><\/h3>\n<p><span style=\"font-weight: 400;\">In computers, it is the card to connect new technologies (video card or sound card). It also provides additional performance for your computer. Shock-resistant, the PCI card is easily recyclable and refurbished. Living in Dollard-des-Ormeaux? Recycle your video cards or cards are easily and contribute to the protection of the environment.<\/span><\/p>\n<h3><span style=\"font-weight: 400;\">Hard drive and RAM<\/span><\/h3>\n<p><span style=\"font-weight: 400;\">A computer has an internal hard drive for storage as well as RAM for RAM. If hdD stores data all the time, RAM is a fast memory system. Thus, after recovery, the RAM will be erased, because its role is to provide quick access to information.<\/span><\/p>\n<p><span style=\"font-weight: 400;\">The hard drive can be completely repaired or covered. However, when it is damaged, one can still recover items in good condition for the purpose of repairing other disks.<\/span><\/p>\n<p><span style=\"font-weight: 400;\">To recycle a RAM, professionals can remove certain metals from the part before recovery.<\/span><\/p>\n<h3><span style=\"font-weight: 400;\">Processor<\/span><\/h3>\n<p><span style=\"font-weight: 400;\">The processor or CPU is the centerpiece of a desktop computer, computer server, or laptop. It is the executor of the instructions and acts to execute the tasks related to the commands launched by the user. A processor has a singular core or multi-core.<\/span><\/p>\n<p><span style=\"font-weight: 400;\">Recycling the processor involves specialized treatment to stop the dispersion of computer waste that destroys the environment.<\/span><\/p>\n<p><span style=\"font-weight: 400;\">In Dollard-des-Ormeaux, thanks to Recyclage Qu\u00e9bec, have your obsolete processors recycled.<\/span><\/p>\n<p>[\/et_pb_text][\/et_pb_column][\/et_pb_row][et_pb_row _builder_version=&#8221;4.16&#8243; _module_preset=&#8221;default&#8221; background_color=&#8221;#65c05b&#8221; width_tablet=&#8221;&#8221; width_phone=&#8221;95%&#8221; width_last_edited=&#8221;on|phone&#8221; custom_padding=&#8221;30px|30px|30px|30px|true|true&#8221; global_colors_info=&#8221;{}&#8221;][et_pb_column type=&#8221;4_4&#8243; _builder_version=&#8221;4.16&#8243; _module_preset=&#8221;default&#8221; global_colors_info=&#8221;{}&#8221;][et_pb_text _builder_version=&#8221;4.17.3&#8243; _module_preset=&#8221;default&#8221; text_font=&#8221;|300|||||||&#8221; background_layout=&#8221;dark&#8221; global_colors_info=&#8221;{}&#8221;]<\/p>\n<h2><span style=\"font-weight: 400;\">Electronic recovery processes<\/span><\/h2>\n<p><span style=\"font-weight: 400;\">In computer science, three steps can summarize recycling. Sorting involves removing reusable items and separating them from others that will be sent to a special landfill. Subsequently, reconditioning, to separate the hardware and computer parts in order to upgrade them and reuse or resell them. And also the treatment including the recovery of ferrous metals such as steel and the classification of waste.  <\/span><\/p>\n<p>[\/et_pb_text][\/et_pb_column][\/et_pb_row][et_pb_row _builder_version=&#8221;4.16&#8243; _module_preset=&#8221;default&#8221; global_colors_info=&#8221;{}&#8221;][et_pb_column type=&#8221;4_4&#8243; _builder_version=&#8221;4.16&#8243; _module_preset=&#8221;default&#8221; global_colors_info=&#8221;{}&#8221;][et_pb_button button_url=&#8221;@ET-DC@eyJkeW5hbWljIjp0cnVlLCJjb250ZW50IjoicG9zdF9saW5rX3VybF9wYWdlIiwic2V0dGluZ3MiOnsicG9zdF9pZCI6IjMwMyJ9fQ==@&#8221; button_text=&#8221;Pick-up form&#8221; button_alignment=&#8221;center&#8221; _builder_version=&#8221;4.16&#8243; _dynamic_attributes=&#8221;button_url&#8221; _module_preset=&#8221;default&#8221; global_colors_info=&#8221;{}&#8221;][\/et_pb_button][et_pb_image src=&#8221;https:\/\/infoliquidationrecycle.com\/wp-content\/uploads\/2020\/11\/icon_info_liquidation.png&#8221; title_text=&#8221;icon_info_liquidation&#8221; align=&#8221;center&#8221; _builder_version=&#8221;4.16&#8243; _module_preset=&#8221;default&#8221; width=&#8221;60px&#8221; custom_margin=&#8221;||30px||false|false&#8221; global_colors_info=&#8221;{}&#8221;][\/et_pb_image][\/et_pb_column][\/et_pb_row][\/et_pb_section]<\/p>\n","protected":false},"excerpt":{"rendered":"<p>After a few years of service, you need to renew your computer hardware. On the one hand, you can buy new ones, or manage and recycle the old ones. However, managing the recycling of these computer equipment is not an easy thing. The treatment of this waste like any other presents enormous risks for the [&hellip;]<\/p>\n","protected":false},"author":1,"featured_media":87719,"parent":0,"menu_order":0,"comment_status":"closed","ping_status":"closed","template":"","meta":{"_et_pb_use_builder":"on","_et_pb_old_content":"","_et_gb_content_width":"","footnotes":""},"class_list":["post-197003","page","type-page","status-publish","has-post-thumbnail","hentry"],"yoast_head":"<!-- This site is optimized with the Yoast SEO plugin v26.3 - https:\/\/yoast.com\/wordpress\/plugins\/seo\/ -->\n<title>Computer &amp; electronic recycling in Dollard-des-Ormeaux - Info Liquidation Recycle<\/title>\n<meta name=\"description\" content=\"Computer &amp; electronic recycling in Dollard-des-Ormeaux\" \/>\n<meta name=\"robots\" content=\"index, follow, max-snippet:-1, max-image-preview:large, max-video-preview:-1\" \/>\n<link rel=\"canonical\" href=\"https:\/\/infoliquidationrecycle.com\/en\/info-liquidation-recycle-in-dollard-des-ormeaux\/\" \/>\n<meta property=\"og:locale\" content=\"en_US\" \/>\n<meta property=\"og:type\" content=\"article\" \/>\n<meta property=\"og:title\" content=\"Computer &amp; electronic recycling in Dollard-des-Ormeaux - Info Liquidation Recycle\" \/>\n<meta property=\"og:description\" content=\"Computer &amp; electronic recycling in Dollard-des-Ormeaux\" \/>\n<meta property=\"og:url\" content=\"https:\/\/infoliquidationrecycle.com\/en\/info-liquidation-recycle-in-dollard-des-ormeaux\/\" \/>\n<meta property=\"og:site_name\" content=\"Info Liquidation Recycle\" \/>\n<meta property=\"article:publisher\" content=\"https:\/\/www.facebook.com\/InfoLiquidationRecycle\/\" \/>\n<meta property=\"article:modified_time\" content=\"2022-07-22T15:58:33+00:00\" \/>\n<meta property=\"og:image\" content=\"https:\/\/infoliquidationrecycle.com\/wp-content\/uploads\/2022\/02\/micro-circuit-main-board-computer-electronic-technology-hardware-upgrade-cleaning-concept.jpg\" \/>\n\t<meta property=\"og:image:width\" content=\"1500\" \/>\n\t<meta property=\"og:image:height\" content=\"1000\" \/>\n\t<meta property=\"og:image:type\" content=\"image\/jpeg\" \/>\n<meta name=\"twitter:card\" content=\"summary_large_image\" \/>\n<meta name=\"twitter:label1\" content=\"Est. reading time\" \/>\n\t<meta name=\"twitter:data1\" content=\"7 minutes\" \/>\n<script type=\"application\/ld+json\" class=\"yoast-schema-graph\">{\"@context\":\"https:\/\/schema.org\",\"@graph\":[{\"@type\":\"WebPage\",\"@id\":\"https:\/\/infoliquidationrecycle.com\/en\/info-liquidation-recycle-in-dollard-des-ormeaux\/\",\"url\":\"https:\/\/infoliquidationrecycle.com\/en\/info-liquidation-recycle-in-dollard-des-ormeaux\/\",\"name\":\"Computer &amp; electronic recycling in Dollard-des-Ormeaux - Info Liquidation Recycle\",\"isPartOf\":{\"@id\":\"https:\/\/infoliquidationrecycle.com\/en\/#website\"},\"primaryImageOfPage\":{\"@id\":\"https:\/\/infoliquidationrecycle.com\/en\/info-liquidation-recycle-in-dollard-des-ormeaux\/#primaryimage\"},\"image\":{\"@id\":\"https:\/\/infoliquidationrecycle.com\/en\/info-liquidation-recycle-in-dollard-des-ormeaux\/#primaryimage\"},\"thumbnailUrl\":\"https:\/\/infoliquidationrecycle.com\/wp-content\/uploads\/2022\/02\/micro-circuit-main-board-computer-electronic-technology-hardware-upgrade-cleaning-concept.jpg\",\"datePublished\":\"2022-06-23T21:24:59+00:00\",\"dateModified\":\"2022-07-22T15:58:33+00:00\",\"description\":\"Computer & electronic recycling in Dollard-des-Ormeaux\",\"breadcrumb\":{\"@id\":\"https:\/\/infoliquidationrecycle.com\/en\/info-liquidation-recycle-in-dollard-des-ormeaux\/#breadcrumb\"},\"inLanguage\":\"en-CA\",\"potentialAction\":[{\"@type\":\"ReadAction\",\"target\":[\"https:\/\/infoliquidationrecycle.com\/en\/info-liquidation-recycle-in-dollard-des-ormeaux\/\"]}]},{\"@type\":\"ImageObject\",\"inLanguage\":\"en-CA\",\"@id\":\"https:\/\/infoliquidationrecycle.com\/en\/info-liquidation-recycle-in-dollard-des-ormeaux\/#primaryimage\",\"url\":\"https:\/\/infoliquidationrecycle.com\/wp-content\/uploads\/2022\/02\/micro-circuit-main-board-computer-electronic-technology-hardware-upgrade-cleaning-concept.jpg\",\"contentUrl\":\"https:\/\/infoliquidationrecycle.com\/wp-content\/uploads\/2022\/02\/micro-circuit-main-board-computer-electronic-technology-hardware-upgrade-cleaning-concept.jpg\",\"width\":1500,\"height\":1000,\"caption\":\"electronics\"},{\"@type\":\"BreadcrumbList\",\"@id\":\"https:\/\/infoliquidationrecycle.com\/en\/info-liquidation-recycle-in-dollard-des-ormeaux\/#breadcrumb\",\"itemListElement\":[{\"@type\":\"ListItem\",\"position\":1,\"name\":\"Accueil\",\"item\":\"https:\/\/infoliquidationrecycle.com\/en\/home-2\/\"},{\"@type\":\"ListItem\",\"position\":2,\"name\":\"Computer &amp; electronic recycling in Dollard-des-Ormeaux\"}]},{\"@type\":\"WebSite\",\"@id\":\"https:\/\/infoliquidationrecycle.com\/en\/#website\",\"url\":\"https:\/\/infoliquidationrecycle.com\/en\/\",\"name\":\"Info Liquidation Recycle ramassage de mati\u00e8res et d\u00e9chets recyclables\",\"description\":\"Recyclage et ramassage informatique et \u00e9l\u00e9ctronique, \u00e0 Laval, Montr\u00e9al.\",\"publisher\":{\"@id\":\"https:\/\/infoliquidationrecycle.com\/en\/#organization\"},\"potentialAction\":[{\"@type\":\"SearchAction\",\"target\":{\"@type\":\"EntryPoint\",\"urlTemplate\":\"https:\/\/infoliquidationrecycle.com\/en\/?s={search_term_string}\"},\"query-input\":{\"@type\":\"PropertyValueSpecification\",\"valueRequired\":true,\"valueName\":\"search_term_string\"}}],\"inLanguage\":\"en-CA\"},{\"@type\":\"Organization\",\"@id\":\"https:\/\/infoliquidationrecycle.com\/en\/#organization\",\"name\":\"Info Liquidation Recycle ramassage de mati\u00e8res et d\u00e9chets recyclables - Laval, Montr\u00e9al\",\"url\":\"https:\/\/infoliquidationrecycle.com\/en\/\",\"logo\":{\"@type\":\"ImageObject\",\"inLanguage\":\"en-CA\",\"@id\":\"https:\/\/infoliquidationrecycle.com\/en\/#\/schema\/logo\/image\/\",\"url\":\"https:\/\/i0.wp.com\/infoliquidationrecycle.com\/wp-content\/uploads\/2020\/09\/logo.png?fit=338%2C80&ssl=1\",\"contentUrl\":\"https:\/\/i0.wp.com\/infoliquidationrecycle.com\/wp-content\/uploads\/2020\/09\/logo.png?fit=338%2C80&ssl=1\",\"width\":338,\"height\":80,\"caption\":\"Info Liquidation Recycle ramassage de mati\u00e8res et d\u00e9chets recyclables - Laval, Montr\u00e9al\"},\"image\":{\"@id\":\"https:\/\/infoliquidationrecycle.com\/en\/#\/schema\/logo\/image\/\"},\"sameAs\":[\"https:\/\/www.facebook.com\/InfoLiquidationRecycle\/\"]}]}<\/script>\n<!-- \/ Yoast SEO plugin. -->","yoast_head_json":{"title":"Computer &amp; electronic recycling in Dollard-des-Ormeaux - Info Liquidation Recycle","description":"Computer & electronic recycling in Dollard-des-Ormeaux","robots":{"index":"index","follow":"follow","max-snippet":"max-snippet:-1","max-image-preview":"max-image-preview:large","max-video-preview":"max-video-preview:-1"},"canonical":"https:\/\/infoliquidationrecycle.com\/en\/info-liquidation-recycle-in-dollard-des-ormeaux\/","og_locale":"en_US","og_type":"article","og_title":"Computer &amp; electronic recycling in Dollard-des-Ormeaux - Info Liquidation Recycle","og_description":"Computer & electronic recycling in Dollard-des-Ormeaux","og_url":"https:\/\/infoliquidationrecycle.com\/en\/info-liquidation-recycle-in-dollard-des-ormeaux\/","og_site_name":"Info Liquidation Recycle","article_publisher":"https:\/\/www.facebook.com\/InfoLiquidationRecycle\/","article_modified_time":"2022-07-22T15:58:33+00:00","og_image":[{"width":1500,"height":1000,"url":"https:\/\/infoliquidationrecycle.com\/wp-content\/uploads\/2022\/02\/micro-circuit-main-board-computer-electronic-technology-hardware-upgrade-cleaning-concept.jpg","type":"image\/jpeg"}],"twitter_card":"summary_large_image","twitter_misc":{"Est. reading time":"7 minutes"},"schema":{"@context":"https:\/\/schema.org","@graph":[{"@type":"WebPage","@id":"https:\/\/infoliquidationrecycle.com\/en\/info-liquidation-recycle-in-dollard-des-ormeaux\/","url":"https:\/\/infoliquidationrecycle.com\/en\/info-liquidation-recycle-in-dollard-des-ormeaux\/","name":"Computer &amp; electronic recycling in Dollard-des-Ormeaux - Info Liquidation Recycle","isPartOf":{"@id":"https:\/\/infoliquidationrecycle.com\/en\/#website"},"primaryImageOfPage":{"@id":"https:\/\/infoliquidationrecycle.com\/en\/info-liquidation-recycle-in-dollard-des-ormeaux\/#primaryimage"},"image":{"@id":"https:\/\/infoliquidationrecycle.com\/en\/info-liquidation-recycle-in-dollard-des-ormeaux\/#primaryimage"},"thumbnailUrl":"https:\/\/infoliquidationrecycle.com\/wp-content\/uploads\/2022\/02\/micro-circuit-main-board-computer-electronic-technology-hardware-upgrade-cleaning-concept.jpg","datePublished":"2022-06-23T21:24:59+00:00","dateModified":"2022-07-22T15:58:33+00:00","description":"Computer & electronic recycling in Dollard-des-Ormeaux","breadcrumb":{"@id":"https:\/\/infoliquidationrecycle.com\/en\/info-liquidation-recycle-in-dollard-des-ormeaux\/#breadcrumb"},"inLanguage":"en-CA","potentialAction":[{"@type":"ReadAction","target":["https:\/\/infoliquidationrecycle.com\/en\/info-liquidation-recycle-in-dollard-des-ormeaux\/"]}]},{"@type":"ImageObject","inLanguage":"en-CA","@id":"https:\/\/infoliquidationrecycle.com\/en\/info-liquidation-recycle-in-dollard-des-ormeaux\/#primaryimage","url":"https:\/\/infoliquidationrecycle.com\/wp-content\/uploads\/2022\/02\/micro-circuit-main-board-computer-electronic-technology-hardware-upgrade-cleaning-concept.jpg","contentUrl":"https:\/\/infoliquidationrecycle.com\/wp-content\/uploads\/2022\/02\/micro-circuit-main-board-computer-electronic-technology-hardware-upgrade-cleaning-concept.jpg","width":1500,"height":1000,"caption":"electronics"},{"@type":"BreadcrumbList","@id":"https:\/\/infoliquidationrecycle.com\/en\/info-liquidation-recycle-in-dollard-des-ormeaux\/#breadcrumb","itemListElement":[{"@type":"ListItem","position":1,"name":"Accueil","item":"https:\/\/infoliquidationrecycle.com\/en\/home-2\/"},{"@type":"ListItem","position":2,"name":"Computer &amp; electronic recycling in Dollard-des-Ormeaux"}]},{"@type":"WebSite","@id":"https:\/\/infoliquidationrecycle.com\/en\/#website","url":"https:\/\/infoliquidationrecycle.com\/en\/","name":"Info Liquidation Recycle ramassage de mati\u00e8res et d\u00e9chets recyclables","description":"Recyclage et ramassage informatique et \u00e9l\u00e9ctronique, \u00e0 Laval, Montr\u00e9al.","publisher":{"@id":"https:\/\/infoliquidationrecycle.com\/en\/#organization"},"potentialAction":[{"@type":"SearchAction","target":{"@type":"EntryPoint","urlTemplate":"https:\/\/infoliquidationrecycle.com\/en\/?s={search_term_string}"},"query-input":{"@type":"PropertyValueSpecification","valueRequired":true,"valueName":"search_term_string"}}],"inLanguage":"en-CA"},{"@type":"Organization","@id":"https:\/\/infoliquidationrecycle.com\/en\/#organization","name":"Info Liquidation Recycle ramassage de mati\u00e8res et d\u00e9chets recyclables - Laval, Montr\u00e9al","url":"https:\/\/infoliquidationrecycle.com\/en\/","logo":{"@type":"ImageObject","inLanguage":"en-CA","@id":"https:\/\/infoliquidationrecycle.com\/en\/#\/schema\/logo\/image\/","url":"https:\/\/i0.wp.com\/infoliquidationrecycle.com\/wp-content\/uploads\/2020\/09\/logo.png?fit=338%2C80&ssl=1","contentUrl":"https:\/\/i0.wp.com\/infoliquidationrecycle.com\/wp-content\/uploads\/2020\/09\/logo.png?fit=338%2C80&ssl=1","width":338,"height":80,"caption":"Info Liquidation Recycle ramassage de mati\u00e8res et d\u00e9chets recyclables - Laval, Montr\u00e9al"},"image":{"@id":"https:\/\/infoliquidationrecycle.com\/en\/#\/schema\/logo\/image\/"},"sameAs":["https:\/\/www.facebook.com\/InfoLiquidationRecycle\/"]}]}},"_links":{"self":[{"href":"https:\/\/infoliquidationrecycle.com\/en\/wp-json\/wp\/v2\/pages\/197003","targetHints":{"allow":["GET"]}}],"collection":[{"href":"https:\/\/infoliquidationrecycle.com\/en\/wp-json\/wp\/v2\/pages"}],"about":[{"href":"https:\/\/infoliquidationrecycle.com\/en\/wp-json\/wp\/v2\/types\/page"}],"author":[{"embeddable":true,"href":"https:\/\/infoliquidationrecycle.com\/en\/wp-json\/wp\/v2\/users\/1"}],"replies":[{"embeddable":true,"href":"https:\/\/infoliquidationrecycle.com\/en\/wp-json\/wp\/v2\/comments?post=197003"}],"version-history":[{"count":10,"href":"https:\/\/infoliquidationrecycle.com\/en\/wp-json\/wp\/v2\/pages\/197003\/revisions"}],"predecessor-version":[{"id":204071,"href":"https:\/\/infoliquidationrecycle.com\/en\/wp-json\/wp\/v2\/pages\/197003\/revisions\/204071"}],"wp:featuredmedia":[{"embeddable":true,"href":"https:\/\/infoliquidationrecycle.com\/en\/wp-json\/wp\/v2\/media\/87719"}],"wp:attachment":[{"href":"https:\/\/infoliquidationrecycle.com\/en\/wp-json\/wp\/v2\/media?parent=197003"}],"curies":[{"name":"wp","href":"https:\/\/api.w.org\/{rel}","templated":true}]}}