{"id":197033,"date":"2022-06-23T17:25:15","date_gmt":"2022-06-23T21:25:15","guid":{"rendered":"https:\/\/infoliquidationrecycle.com\/info-liquidation-recycle-in-chateauguay\/"},"modified":"2022-07-22T11:46:58","modified_gmt":"2022-07-22T15:46:58","slug":"info-liquidation-recycle-in-chateauguay","status":"publish","type":"page","link":"https:\/\/infoliquidationrecycle.com\/en\/info-liquidation-recycle-in-chateauguay\/","title":{"rendered":"Computer &amp; electronic recycling in Ch\u00e2teauguay"},"content":{"rendered":"<p>[et_pb_section fb_built=&#8221;1&#8243; custom_padding_last_edited=&#8221;on|phone&#8221; _builder_version=&#8221;4.17.3&#8243; _module_preset=&#8221;default&#8221; use_background_color_gradient=&#8221;on&#8221; background_color_gradient_stops=&#8221;rgba(0,0,0,0.17) 0%|rgba(0,0,0,0.17) 100%&#8221; background_color_gradient_overlays_image=&#8221;on&#8221; background_color_gradient_start=&#8221;rgba(0,0,0,0.17)&#8221; background_color_gradient_end=&#8221;rgba(0,0,0,0.17)&#8221; background_image=&#8221;https:\/\/infoliquidationrecycle.com\/wp-content\/uploads\/2022\/05\/ordinateur-05.jpg&#8221; custom_padding=&#8221;300px||100px||false|false&#8221; custom_padding_tablet=&#8221;&#8221; custom_padding_phone=&#8221;3vh||3vh||true|false&#8221; locked=&#8221;off&#8221; global_colors_info=&#8221;{}&#8221;][et_pb_row _builder_version=&#8221;4.16&#8243; _module_preset=&#8221;default&#8221; width_tablet=&#8221;&#8221; width_phone=&#8221;95%&#8221; width_last_edited=&#8221;on|phone&#8221; global_colors_info=&#8221;{}&#8221;][et_pb_column type=&#8221;4_4&#8243; _builder_version=&#8221;4.16&#8243; _module_preset=&#8221;default&#8221; global_colors_info=&#8221;{}&#8221;][et_pb_text _builder_version=&#8221;4.16&#8243; _dynamic_attributes=&#8221;content&#8221; _module_preset=&#8221;default&#8221; header_font_size=&#8221;60px&#8221; text_orientation=&#8221;center&#8221; background_layout=&#8221;dark&#8221; global_colors_info=&#8221;{}&#8221;]@ET-DC@eyJkeW5hbWljIjp0cnVlLCJjb250ZW50IjoicG9zdF90aXRsZSIsInNldHRpbmdzIjp7ImJlZm9yZSI6IjxoMT4iLCJhZnRlciI6IjxcL2gxPiJ9fQ==@[\/et_pb_text][et_pb_button button_url=&#8221;@ET-DC@eyJkeW5hbWljIjp0cnVlLCJjb250ZW50IjoicG9zdF9saW5rX3VybF9wYWdlIiwic2V0dGluZ3MiOnsicG9zdF9pZCI6IjMwMyJ9fQ==@&#8221; button_text=&#8221;Pick-up form&#8221; button_alignment=&#8221;center&#8221; _builder_version=&#8221;4.16&#8243; _dynamic_attributes=&#8221;button_url&#8221; _module_preset=&#8221;default&#8221; locked=&#8221;off&#8221; global_colors_info=&#8221;{}&#8221;][\/et_pb_button][\/et_pb_column][\/et_pb_row][\/et_pb_section][et_pb_section fb_built=&#8221;1&#8243; admin_label=&#8221;Section&#8221; _builder_version=&#8221;4.16&#8243; _module_preset=&#8221;default&#8221; background_color=&#8221;#f7f7f7&#8243; custom_padding=&#8221;5%||5%||false|false&#8221; locked=&#8221;off&#8221; global_colors_info=&#8221;{}&#8221;][et_pb_row column_structure=&#8221;1_2,1_2&#8243; _builder_version=&#8221;4.16&#8243; _module_preset=&#8221;default&#8221; width_tablet=&#8221;&#8221; width_phone=&#8221;95%&#8221; width_last_edited=&#8221;on|phone&#8221; global_colors_info=&#8221;{}&#8221;][et_pb_column type=&#8221;1_2&#8243; _builder_version=&#8221;4.16&#8243; _module_preset=&#8221;default&#8221; global_colors_info=&#8221;{}&#8221;][et_pb_image src=&#8221;https:\/\/infoliquidationrecycle.com\/wp-content\/uploads\/2022\/05\/ordinateur-03.jpg&#8221; alt=&#8221;computer&#8221; title_text=&#8221;recycling-terminal-internet-equipment-telecommunication-laval-montreal&#8221; _builder_version=&#8221;4.17.3&#8243; _module_preset=&#8221;default&#8221; border_radii=&#8221;on|10px|10px|10px|10px&#8221; box_shadow_style=&#8221;preset1&#8243; box_shadow_vertical=&#8221;0px&#8221; box_shadow_blur=&#8221;5px&#8221; global_colors_info=&#8221;{}&#8221;][\/et_pb_image][\/et_pb_column][et_pb_column type=&#8221;1_2&#8243; _builder_version=&#8221;4.16&#8243; _module_preset=&#8221;default&#8221; global_colors_info=&#8221;{}&#8221;][et_pb_text _builder_version=&#8221;4.17.3&#8243; _module_preset=&#8221;default&#8221; text_font=&#8221;|300|||||||&#8221; global_colors_info=&#8221;{}&#8221;]<\/p>\n<p><span style=\"font-weight: 400;\">After many years of employment, it is better to renew the computer pack to keep the performance of the machines. Rejecting it or just putting it in a corner can take up space. If you just throw it in the trash, it will have a bad impact on the environment. Recycling a computer pack is quite possible, instead of buying a new one. In Ch\u00e2teauguay, it&#8217;s easy to find help managing your IT tools. If your residence is located around Ch\u00e2teauguay, and you need specialists on the subject, look no further. We are at your disposal without moving.<\/span><\/p>\n<p>[\/et_pb_text][\/et_pb_column][\/et_pb_row][et_pb_row _builder_version=&#8221;4.16&#8243; _module_preset=&#8221;default&#8221; locked=&#8221;off&#8221; global_colors_info=&#8221;{}&#8221;][et_pb_column type=&#8221;4_4&#8243; _builder_version=&#8221;4.16&#8243; _module_preset=&#8221;default&#8221; global_colors_info=&#8221;{}&#8221;][et_pb_button button_url=&#8221;@ET-DC@eyJkeW5hbWljIjp0cnVlLCJjb250ZW50IjoicG9zdF9saW5rX3VybF9wYWdlIiwic2V0dGluZ3MiOnsicG9zdF9pZCI6IjMwMyJ9fQ==@&#8221; button_text=&#8221;Pick-up form&#8221; button_alignment=&#8221;center&#8221; _builder_version=&#8221;4.16&#8243; _dynamic_attributes=&#8221;button_url&#8221; _module_preset=&#8221;default&#8221; global_colors_info=&#8221;{}&#8221;][\/et_pb_button][\/et_pb_column][\/et_pb_row][et_pb_row _builder_version=&#8221;4.16&#8243; _module_preset=&#8221;default&#8221; use_background_color_gradient=&#8221;on&#8221; background_color_gradient_stops=&#8221;rgba(255,255,255,0.9) 0%|rgba(255,255,255,0.9) 100%&#8221; background_color_gradient_overlays_image=&#8221;on&#8221; background_color_gradient_start=&#8221;rgba(255,255,255,0.9)&#8221; background_color_gradient_end=&#8221;rgba(255,255,255,0.9)&#8221; background_image=&#8221;https:\/\/infoliquidationrecycle.com\/wp-content\/uploads\/2020\/11\/ordinateurs-portables-recuperation-recycle-materiel-electronique-certificat-destruction-laval-montreal.jpg&#8221; width_tablet=&#8221;&#8221; width_phone=&#8221;95%&#8221; width_last_edited=&#8221;on|phone&#8221; custom_padding=&#8221;30px|30px|30px|30px|true|true&#8221; global_colors_info=&#8221;{}&#8221;][et_pb_column type=&#8221;4_4&#8243; _builder_version=&#8221;4.16&#8243; _module_preset=&#8221;default&#8221; global_colors_info=&#8221;{}&#8221;][et_pb_text _builder_version=&#8221;4.17.3&#8243; _module_preset=&#8221;default&#8221; text_font=&#8221;|300|||||||&#8221; global_colors_info=&#8221;{}&#8221;]<\/p>\n<h2><span style=\"font-weight: 400;\">The importance of computer recycling in Ch\u00e2teauguay?<\/span><\/h2>\n<p><span style=\"font-weight: 400;\">There are links between the environment and the recycling of computing devices. Since the elements that make up the latter are harmful to the environment, recycling can reduce the risks. Mercury, lead and copper are substances necessary to transfer information into a computer, as well as for the performance of materials. These elements are also fundamental to ensure the resistance of several connections.<\/span><\/p>\n<p><span style=\"font-weight: 400;\">On the ecological impact, copper has significant impacts when it disperses in nature. For the fuse, it is harmful to fauna and flora. As for mercury, it is fatal for health. It is thus clear that the objective of computer recycling is not only to return electronic equipment in order to avoid waste, but also, a means of preserving nature.<\/span><\/p>\n<p>[\/et_pb_text][\/et_pb_column][\/et_pb_row][et_pb_row _builder_version=&#8221;4.17.3&#8243; _module_preset=&#8221;default&#8221; global_colors_info=&#8221;{}&#8221;][et_pb_column type=&#8221;4_4&#8243; _builder_version=&#8221;4.17.3&#8243; _module_preset=&#8221;default&#8221; global_colors_info=&#8221;{}&#8221;][et_pb_text _builder_version=&#8221;4.17.3&#8243; _module_preset=&#8221;default&#8221; global_colors_info=&#8221;{}&#8221;]<\/p>\n<h2><span style=\"font-weight: 400;\">Computer and electronic recycling in Ch\u00e2teauguay: the case of each component<\/span><\/h2>\n<p>[\/et_pb_text][et_pb_image src=&#8221;https:\/\/infoliquidationrecycle.com\/wp-content\/uploads\/2022\/05\/recyclage-ecolo-01.jpg&#8221; alt=&#8221;computer recycling&#8221; _builder_version=&#8221;4.17.3&#8243; _module_preset=&#8221;default&#8221; global_colors_info=&#8221;{}&#8221;][\/et_pb_image][et_pb_text _builder_version=&#8221;4.17.3&#8243; _module_preset=&#8221;default&#8221; global_colors_info=&#8221;{}&#8221;]<\/p>\n<p><span style=\"font-weight: 400;\">Computer recycling in Ch\u00e2teauguay is not only specified on the processing of computer equipment in general, but also on each component. If we talk for example about the motherboard, the hard disk and RAM, as well as the processor.<\/span><\/p>\n<h3><span style=\"font-weight: 400;\">The motherboard<\/span><\/h3>\n<p><span style=\"font-weight: 400;\">In the PC, the motherboard occupies a very important role, it ensures the connection of the different fundamental components. In practice, thanks to it, the power supply of connectors and specific electronic compositions through several tracks are possible. It is good to know that all the elements that encompass the motherboard are recoverable.<\/span><\/p>\n<p><span style=\"font-weight: 400;\">Because of this, processing and recycling a motherboard is quite feasible on the market, instead of throwing it away. If you no longer use it, it is better to have it recycled for the protection of the environment.<\/span><\/p>\n<h3><span style=\"font-weight: 400;\">The HARD disk and RAM<\/span><\/h3>\n<p><span style=\"font-weight: 400;\">Without the presence of storage memory, a computer represents nothing. It is for this reason that the hard disk and RAM exist, one is for the memorization of storages, the other for RAM. The HARD disk is used to keep data permanently, unlike RAM, which only archives information temporarily.<\/span><\/p>\n<p><span style=\"font-weight: 400;\">If you want to repair equipment in a hard drive, recycling is the right solution. In case of damage to the latter, a specialist PC can make it a spare part to repair other hard drives. By combining the components, this professional manages to bring it back to life.<\/span><\/p>\n<h3><span style=\"font-weight: 400;\">The processor<\/span><\/h3>\n<p><span style=\"font-weight: 400;\">Also known as CPU, it is one of the most required components in a computer. He ensures the execution of instructions and occupies a role in the accomplishment of tasks.<\/span><\/p>\n<p><span style=\"font-weight: 400;\">On the environmental side, the recycling of it avoids the damage that can affect the environment. Treatment in a specialized sector is the source of this response. All the more reason to recycle this component, because not only will you get a perfectly usable processor, but you will also protect nature.<\/span><\/p>\n<p>[\/et_pb_text][\/et_pb_column][\/et_pb_row][et_pb_row _builder_version=&#8221;4.16&#8243; _module_preset=&#8221;default&#8221; background_color=&#8221;#65c05b&#8221; width_tablet=&#8221;&#8221; width_phone=&#8221;95%&#8221; width_last_edited=&#8221;on|phone&#8221; custom_padding=&#8221;30px|30px|30px|30px|true|true&#8221; global_colors_info=&#8221;{}&#8221;][et_pb_column type=&#8221;4_4&#8243; _builder_version=&#8221;4.16&#8243; _module_preset=&#8221;default&#8221; global_colors_info=&#8221;{}&#8221;][et_pb_text _builder_version=&#8221;4.17.3&#8243; _module_preset=&#8221;default&#8221; text_font=&#8221;|300|||||||&#8221; background_layout=&#8221;dark&#8221; hover_enabled=&#8221;0&#8243; global_colors_info=&#8221;{}&#8221; sticky_enabled=&#8221;0&#8243;]<\/p>\n<h2><span style=\"font-weight: 400;\">The steps of computer recycling<\/span><\/h2>\n<p><span style=\"font-weight: 400;\">In this case, 3 steps can summarize computer recycling, first sorting. In this step, the professional dissociates the work, that is, the separation of computers that can still be used and those that are to be sent to a specialized location. This facilitates accuracy with the devices to be cleaned up before recycling.<\/span><\/p>\n<p><span style=\"font-weight: 400;\">The second approach is repackaging, which makes it possible to test elements combining computer hardware, such as computer screen, keyboard, computer mouse, etc. On this step, the specialist performs the entire disassembly of the computer in order to check the status of each element that makes up the central unit for example. This professional even manages to provide a new device with all the elements running.<\/span><\/p>\n<p><span style=\"font-weight: 400;\">Last, but not least, is processing, which focuses on the extraction of non-ferrous and ferrous metals. And then, shipped them to a specialized department on recycling. For the protection of privacy, hard drives will be destroyed.<\/span><\/p>\n<p>[\/et_pb_text][\/et_pb_column][\/et_pb_row][et_pb_row _builder_version=&#8221;4.16&#8243; _module_preset=&#8221;default&#8221; global_colors_info=&#8221;{}&#8221;][et_pb_column type=&#8221;4_4&#8243; _builder_version=&#8221;4.16&#8243; _module_preset=&#8221;default&#8221; global_colors_info=&#8221;{}&#8221;][et_pb_button button_url=&#8221;@ET-DC@eyJkeW5hbWljIjp0cnVlLCJjb250ZW50IjoicG9zdF9saW5rX3VybF9wYWdlIiwic2V0dGluZ3MiOnsicG9zdF9pZCI6IjMwMyJ9fQ==@&#8221; button_text=&#8221;Pick-up form&#8221; button_alignment=&#8221;center&#8221; _builder_version=&#8221;4.16&#8243; _dynamic_attributes=&#8221;button_url&#8221; _module_preset=&#8221;default&#8221; global_colors_info=&#8221;{}&#8221;][\/et_pb_button][et_pb_image src=&#8221;https:\/\/infoliquidationrecycle.com\/wp-content\/uploads\/2020\/11\/icon_info_liquidation.png&#8221; title_text=&#8221;icon_info_liquidation&#8221; align=&#8221;center&#8221; _builder_version=&#8221;4.16&#8243; _module_preset=&#8221;default&#8221; width=&#8221;60px&#8221; custom_margin=&#8221;||30px||false|false&#8221; global_colors_info=&#8221;{}&#8221;][\/et_pb_image][\/et_pb_column][\/et_pb_row][\/et_pb_section]<\/p>\n","protected":false},"excerpt":{"rendered":"<p>After many years of employment, it is better to renew the computer pack to keep the performance of the machines. Rejecting it or just putting it in a corner can take up space. If you just throw it in the trash, it will have a bad impact on the environment. Recycling a computer pack is [&hellip;]<\/p>\n","protected":false},"author":1,"featured_media":87719,"parent":0,"menu_order":0,"comment_status":"closed","ping_status":"closed","template":"","meta":{"_et_pb_use_builder":"on","_et_pb_old_content":"","_et_gb_content_width":"","footnotes":""},"class_list":["post-197033","page","type-page","status-publish","has-post-thumbnail","hentry"],"yoast_head":"<!-- This site is optimized with the Yoast SEO plugin v26.3 - https:\/\/yoast.com\/wordpress\/plugins\/seo\/ -->\n<title>Computer &amp; electronic recycling in Ch\u00e2teauguay - Info Liquidation Recycle<\/title>\n<meta name=\"description\" content=\"Computer &amp; electronic recycling in Ch\u00e2teauguay\" \/>\n<meta name=\"robots\" content=\"index, follow, max-snippet:-1, max-image-preview:large, max-video-preview:-1\" \/>\n<link rel=\"canonical\" href=\"https:\/\/infoliquidationrecycle.com\/en\/info-liquidation-recycle-in-chateauguay\/\" \/>\n<meta property=\"og:locale\" content=\"en_US\" \/>\n<meta property=\"og:type\" content=\"article\" \/>\n<meta property=\"og:title\" content=\"Computer &amp; electronic recycling in Ch\u00e2teauguay - Info Liquidation Recycle\" \/>\n<meta property=\"og:description\" content=\"Computer &amp; electronic recycling in Ch\u00e2teauguay\" \/>\n<meta property=\"og:url\" content=\"https:\/\/infoliquidationrecycle.com\/en\/info-liquidation-recycle-in-chateauguay\/\" \/>\n<meta property=\"og:site_name\" content=\"Info Liquidation Recycle\" \/>\n<meta property=\"article:publisher\" content=\"https:\/\/www.facebook.com\/InfoLiquidationRecycle\/\" \/>\n<meta property=\"article:modified_time\" content=\"2022-07-22T15:46:58+00:00\" \/>\n<meta property=\"og:image\" content=\"https:\/\/infoliquidationrecycle.com\/wp-content\/uploads\/2022\/02\/micro-circuit-main-board-computer-electronic-technology-hardware-upgrade-cleaning-concept.jpg\" \/>\n\t<meta property=\"og:image:width\" content=\"1500\" \/>\n\t<meta property=\"og:image:height\" content=\"1000\" \/>\n\t<meta property=\"og:image:type\" content=\"image\/jpeg\" \/>\n<meta name=\"twitter:card\" content=\"summary_large_image\" \/>\n<meta name=\"twitter:label1\" content=\"Est. reading time\" \/>\n\t<meta name=\"twitter:data1\" content=\"8 minutes\" \/>\n<script type=\"application\/ld+json\" class=\"yoast-schema-graph\">{\"@context\":\"https:\/\/schema.org\",\"@graph\":[{\"@type\":\"WebPage\",\"@id\":\"https:\/\/infoliquidationrecycle.com\/en\/info-liquidation-recycle-in-chateauguay\/\",\"url\":\"https:\/\/infoliquidationrecycle.com\/en\/info-liquidation-recycle-in-chateauguay\/\",\"name\":\"Computer &amp; electronic recycling in Ch\u00e2teauguay - Info Liquidation Recycle\",\"isPartOf\":{\"@id\":\"https:\/\/infoliquidationrecycle.com\/en\/#website\"},\"primaryImageOfPage\":{\"@id\":\"https:\/\/infoliquidationrecycle.com\/en\/info-liquidation-recycle-in-chateauguay\/#primaryimage\"},\"image\":{\"@id\":\"https:\/\/infoliquidationrecycle.com\/en\/info-liquidation-recycle-in-chateauguay\/#primaryimage\"},\"thumbnailUrl\":\"https:\/\/infoliquidationrecycle.com\/wp-content\/uploads\/2022\/02\/micro-circuit-main-board-computer-electronic-technology-hardware-upgrade-cleaning-concept.jpg\",\"datePublished\":\"2022-06-23T21:25:15+00:00\",\"dateModified\":\"2022-07-22T15:46:58+00:00\",\"description\":\"Computer & electronic recycling in Ch\u00e2teauguay\",\"breadcrumb\":{\"@id\":\"https:\/\/infoliquidationrecycle.com\/en\/info-liquidation-recycle-in-chateauguay\/#breadcrumb\"},\"inLanguage\":\"en-CA\",\"potentialAction\":[{\"@type\":\"ReadAction\",\"target\":[\"https:\/\/infoliquidationrecycle.com\/en\/info-liquidation-recycle-in-chateauguay\/\"]}]},{\"@type\":\"ImageObject\",\"inLanguage\":\"en-CA\",\"@id\":\"https:\/\/infoliquidationrecycle.com\/en\/info-liquidation-recycle-in-chateauguay\/#primaryimage\",\"url\":\"https:\/\/infoliquidationrecycle.com\/wp-content\/uploads\/2022\/02\/micro-circuit-main-board-computer-electronic-technology-hardware-upgrade-cleaning-concept.jpg\",\"contentUrl\":\"https:\/\/infoliquidationrecycle.com\/wp-content\/uploads\/2022\/02\/micro-circuit-main-board-computer-electronic-technology-hardware-upgrade-cleaning-concept.jpg\",\"width\":1500,\"height\":1000,\"caption\":\"electronics\"},{\"@type\":\"BreadcrumbList\",\"@id\":\"https:\/\/infoliquidationrecycle.com\/en\/info-liquidation-recycle-in-chateauguay\/#breadcrumb\",\"itemListElement\":[{\"@type\":\"ListItem\",\"position\":1,\"name\":\"Accueil\",\"item\":\"https:\/\/infoliquidationrecycle.com\/en\/home-2\/\"},{\"@type\":\"ListItem\",\"position\":2,\"name\":\"Computer &amp; electronic recycling in Ch\u00e2teauguay\"}]},{\"@type\":\"WebSite\",\"@id\":\"https:\/\/infoliquidationrecycle.com\/en\/#website\",\"url\":\"https:\/\/infoliquidationrecycle.com\/en\/\",\"name\":\"Info Liquidation Recycle ramassage de mati\u00e8res et d\u00e9chets recyclables\",\"description\":\"Recyclage et ramassage informatique et \u00e9l\u00e9ctronique, \u00e0 Laval, Montr\u00e9al.\",\"publisher\":{\"@id\":\"https:\/\/infoliquidationrecycle.com\/en\/#organization\"},\"potentialAction\":[{\"@type\":\"SearchAction\",\"target\":{\"@type\":\"EntryPoint\",\"urlTemplate\":\"https:\/\/infoliquidationrecycle.com\/en\/?s={search_term_string}\"},\"query-input\":{\"@type\":\"PropertyValueSpecification\",\"valueRequired\":true,\"valueName\":\"search_term_string\"}}],\"inLanguage\":\"en-CA\"},{\"@type\":\"Organization\",\"@id\":\"https:\/\/infoliquidationrecycle.com\/en\/#organization\",\"name\":\"Info Liquidation Recycle ramassage de mati\u00e8res et d\u00e9chets recyclables - Laval, Montr\u00e9al\",\"url\":\"https:\/\/infoliquidationrecycle.com\/en\/\",\"logo\":{\"@type\":\"ImageObject\",\"inLanguage\":\"en-CA\",\"@id\":\"https:\/\/infoliquidationrecycle.com\/en\/#\/schema\/logo\/image\/\",\"url\":\"https:\/\/i0.wp.com\/infoliquidationrecycle.com\/wp-content\/uploads\/2020\/09\/logo.png?fit=338%2C80&ssl=1\",\"contentUrl\":\"https:\/\/i0.wp.com\/infoliquidationrecycle.com\/wp-content\/uploads\/2020\/09\/logo.png?fit=338%2C80&ssl=1\",\"width\":338,\"height\":80,\"caption\":\"Info Liquidation Recycle ramassage de mati\u00e8res et d\u00e9chets recyclables - Laval, Montr\u00e9al\"},\"image\":{\"@id\":\"https:\/\/infoliquidationrecycle.com\/en\/#\/schema\/logo\/image\/\"},\"sameAs\":[\"https:\/\/www.facebook.com\/InfoLiquidationRecycle\/\"]}]}<\/script>\n<!-- \/ Yoast SEO plugin. -->","yoast_head_json":{"title":"Computer &amp; electronic recycling in Ch\u00e2teauguay - Info Liquidation Recycle","description":"Computer & electronic recycling in Ch\u00e2teauguay","robots":{"index":"index","follow":"follow","max-snippet":"max-snippet:-1","max-image-preview":"max-image-preview:large","max-video-preview":"max-video-preview:-1"},"canonical":"https:\/\/infoliquidationrecycle.com\/en\/info-liquidation-recycle-in-chateauguay\/","og_locale":"en_US","og_type":"article","og_title":"Computer &amp; electronic recycling in Ch\u00e2teauguay - Info Liquidation Recycle","og_description":"Computer & electronic recycling in Ch\u00e2teauguay","og_url":"https:\/\/infoliquidationrecycle.com\/en\/info-liquidation-recycle-in-chateauguay\/","og_site_name":"Info Liquidation Recycle","article_publisher":"https:\/\/www.facebook.com\/InfoLiquidationRecycle\/","article_modified_time":"2022-07-22T15:46:58+00:00","og_image":[{"width":1500,"height":1000,"url":"https:\/\/infoliquidationrecycle.com\/wp-content\/uploads\/2022\/02\/micro-circuit-main-board-computer-electronic-technology-hardware-upgrade-cleaning-concept.jpg","type":"image\/jpeg"}],"twitter_card":"summary_large_image","twitter_misc":{"Est. reading time":"8 minutes"},"schema":{"@context":"https:\/\/schema.org","@graph":[{"@type":"WebPage","@id":"https:\/\/infoliquidationrecycle.com\/en\/info-liquidation-recycle-in-chateauguay\/","url":"https:\/\/infoliquidationrecycle.com\/en\/info-liquidation-recycle-in-chateauguay\/","name":"Computer &amp; electronic recycling in Ch\u00e2teauguay - Info Liquidation Recycle","isPartOf":{"@id":"https:\/\/infoliquidationrecycle.com\/en\/#website"},"primaryImageOfPage":{"@id":"https:\/\/infoliquidationrecycle.com\/en\/info-liquidation-recycle-in-chateauguay\/#primaryimage"},"image":{"@id":"https:\/\/infoliquidationrecycle.com\/en\/info-liquidation-recycle-in-chateauguay\/#primaryimage"},"thumbnailUrl":"https:\/\/infoliquidationrecycle.com\/wp-content\/uploads\/2022\/02\/micro-circuit-main-board-computer-electronic-technology-hardware-upgrade-cleaning-concept.jpg","datePublished":"2022-06-23T21:25:15+00:00","dateModified":"2022-07-22T15:46:58+00:00","description":"Computer & electronic recycling in Ch\u00e2teauguay","breadcrumb":{"@id":"https:\/\/infoliquidationrecycle.com\/en\/info-liquidation-recycle-in-chateauguay\/#breadcrumb"},"inLanguage":"en-CA","potentialAction":[{"@type":"ReadAction","target":["https:\/\/infoliquidationrecycle.com\/en\/info-liquidation-recycle-in-chateauguay\/"]}]},{"@type":"ImageObject","inLanguage":"en-CA","@id":"https:\/\/infoliquidationrecycle.com\/en\/info-liquidation-recycle-in-chateauguay\/#primaryimage","url":"https:\/\/infoliquidationrecycle.com\/wp-content\/uploads\/2022\/02\/micro-circuit-main-board-computer-electronic-technology-hardware-upgrade-cleaning-concept.jpg","contentUrl":"https:\/\/infoliquidationrecycle.com\/wp-content\/uploads\/2022\/02\/micro-circuit-main-board-computer-electronic-technology-hardware-upgrade-cleaning-concept.jpg","width":1500,"height":1000,"caption":"electronics"},{"@type":"BreadcrumbList","@id":"https:\/\/infoliquidationrecycle.com\/en\/info-liquidation-recycle-in-chateauguay\/#breadcrumb","itemListElement":[{"@type":"ListItem","position":1,"name":"Accueil","item":"https:\/\/infoliquidationrecycle.com\/en\/home-2\/"},{"@type":"ListItem","position":2,"name":"Computer &amp; electronic recycling in Ch\u00e2teauguay"}]},{"@type":"WebSite","@id":"https:\/\/infoliquidationrecycle.com\/en\/#website","url":"https:\/\/infoliquidationrecycle.com\/en\/","name":"Info Liquidation Recycle ramassage de mati\u00e8res et d\u00e9chets recyclables","description":"Recyclage et ramassage informatique et \u00e9l\u00e9ctronique, \u00e0 Laval, Montr\u00e9al.","publisher":{"@id":"https:\/\/infoliquidationrecycle.com\/en\/#organization"},"potentialAction":[{"@type":"SearchAction","target":{"@type":"EntryPoint","urlTemplate":"https:\/\/infoliquidationrecycle.com\/en\/?s={search_term_string}"},"query-input":{"@type":"PropertyValueSpecification","valueRequired":true,"valueName":"search_term_string"}}],"inLanguage":"en-CA"},{"@type":"Organization","@id":"https:\/\/infoliquidationrecycle.com\/en\/#organization","name":"Info Liquidation Recycle ramassage de mati\u00e8res et d\u00e9chets recyclables - Laval, Montr\u00e9al","url":"https:\/\/infoliquidationrecycle.com\/en\/","logo":{"@type":"ImageObject","inLanguage":"en-CA","@id":"https:\/\/infoliquidationrecycle.com\/en\/#\/schema\/logo\/image\/","url":"https:\/\/i0.wp.com\/infoliquidationrecycle.com\/wp-content\/uploads\/2020\/09\/logo.png?fit=338%2C80&ssl=1","contentUrl":"https:\/\/i0.wp.com\/infoliquidationrecycle.com\/wp-content\/uploads\/2020\/09\/logo.png?fit=338%2C80&ssl=1","width":338,"height":80,"caption":"Info Liquidation Recycle ramassage de mati\u00e8res et d\u00e9chets recyclables - Laval, Montr\u00e9al"},"image":{"@id":"https:\/\/infoliquidationrecycle.com\/en\/#\/schema\/logo\/image\/"},"sameAs":["https:\/\/www.facebook.com\/InfoLiquidationRecycle\/"]}]}},"_links":{"self":[{"href":"https:\/\/infoliquidationrecycle.com\/en\/wp-json\/wp\/v2\/pages\/197033","targetHints":{"allow":["GET"]}}],"collection":[{"href":"https:\/\/infoliquidationrecycle.com\/en\/wp-json\/wp\/v2\/pages"}],"about":[{"href":"https:\/\/infoliquidationrecycle.com\/en\/wp-json\/wp\/v2\/types\/page"}],"author":[{"embeddable":true,"href":"https:\/\/infoliquidationrecycle.com\/en\/wp-json\/wp\/v2\/users\/1"}],"replies":[{"embeddable":true,"href":"https:\/\/infoliquidationrecycle.com\/en\/wp-json\/wp\/v2\/comments?post=197033"}],"version-history":[{"count":10,"href":"https:\/\/infoliquidationrecycle.com\/en\/wp-json\/wp\/v2\/pages\/197033\/revisions"}],"predecessor-version":[{"id":203921,"href":"https:\/\/infoliquidationrecycle.com\/en\/wp-json\/wp\/v2\/pages\/197033\/revisions\/203921"}],"wp:featuredmedia":[{"embeddable":true,"href":"https:\/\/infoliquidationrecycle.com\/en\/wp-json\/wp\/v2\/media\/87719"}],"wp:attachment":[{"href":"https:\/\/infoliquidationrecycle.com\/en\/wp-json\/wp\/v2\/media?parent=197033"}],"curies":[{"name":"wp","href":"https:\/\/api.w.org\/{rel}","templated":true}]}}