{"id":203661,"date":"2022-07-21T16:28:40","date_gmt":"2022-07-21T20:28:40","guid":{"rendered":"https:\/\/infoliquidationrecycle.com\/computer-electronic-recycling-in-sainte-anne-des-plaines\/"},"modified":"2022-07-22T11:44:04","modified_gmt":"2022-07-22T15:44:04","slug":"computer-electronic-recycling-in-sainte-anne-des-plaines","status":"publish","type":"page","link":"https:\/\/infoliquidationrecycle.com\/en\/computer-electronic-recycling-in-sainte-anne-des-plaines\/","title":{"rendered":"Computer &amp; electronic recycling in Sainte-Anne-des-Plaines"},"content":{"rendered":"<p>[et_pb_section fb_built=&#8221;1&#8243; custom_padding_last_edited=&#8221;on|phone&#8221; _builder_version=&#8221;4.17.3&#8243; _module_preset=&#8221;default&#8221; use_background_color_gradient=&#8221;on&#8221; background_color_gradient_stops=&#8221;rgba(0,0,0,0.17) 0%|rgba(0,0,0,0.17) 100%&#8221; background_color_gradient_overlays_image=&#8221;on&#8221; background_color_gradient_start=&#8221;rgba(0,0,0,0.17)&#8221; background_color_gradient_end=&#8221;rgba(0,0,0,0.17)&#8221; background_image=&#8221;https:\/\/infoliquidationrecycle.com\/wp-content\/uploads\/2022\/05\/ordinateur-05.jpg&#8221; custom_padding=&#8221;300px||100px||false|false&#8221; custom_padding_tablet=&#8221;&#8221; custom_padding_phone=&#8221;3vh||3vh||true|false&#8221; locked=&#8221;off&#8221; global_colors_info=&#8221;{}&#8221;][et_pb_row _builder_version=&#8221;4.17.3&#8243; _module_preset=&#8221;default&#8221; width_tablet=&#8221;&#8221; width_phone=&#8221;95%&#8221; width_last_edited=&#8221;on|phone&#8221; global_colors_info=&#8221;{}&#8221;][et_pb_column type=&#8221;4_4&#8243; _builder_version=&#8221;4.16&#8243; _module_preset=&#8221;default&#8221; global_colors_info=&#8221;{}&#8221;][et_pb_text _builder_version=&#8221;4.16&#8243; _dynamic_attributes=&#8221;content&#8221; _module_preset=&#8221;default&#8221; header_font_size=&#8221;60px&#8221; text_orientation=&#8221;center&#8221; background_layout=&#8221;dark&#8221; global_colors_info=&#8221;{}&#8221;]@ET-DC@eyJkeW5hbWljIjp0cnVlLCJjb250ZW50IjoicG9zdF90aXRsZSIsInNldHRpbmdzIjp7ImJlZm9yZSI6IjxoMT4iLCJhZnRlciI6IjxcL2gxPiJ9fQ==@[\/et_pb_text][et_pb_button button_url=&#8221;@ET-DC@eyJkeW5hbWljIjp0cnVlLCJjb250ZW50IjoicG9zdF9saW5rX3VybF9wYWdlIiwic2V0dGluZ3MiOnsicG9zdF9pZCI6IjMwMyJ9fQ==@&#8221; button_text=&#8221;Pick-up form&#8221; button_alignment=&#8221;center&#8221; _builder_version=&#8221;4.16&#8243; _dynamic_attributes=&#8221;button_url&#8221; _module_preset=&#8221;default&#8221; locked=&#8221;off&#8221; global_colors_info=&#8221;{}&#8221;][\/et_pb_button][\/et_pb_column][\/et_pb_row][\/et_pb_section][et_pb_section fb_built=&#8221;1&#8243; admin_label=&#8221;Section&#8221; _builder_version=&#8221;4.16&#8243; _module_preset=&#8221;default&#8221; background_color=&#8221;#f7f7f7&#8243; custom_padding=&#8221;5%||5%||false|false&#8221; locked=&#8221;off&#8221; global_colors_info=&#8221;{}&#8221;][et_pb_row column_structure=&#8221;1_2,1_2&#8243; _builder_version=&#8221;4.16&#8243; _module_preset=&#8221;default&#8221; width_tablet=&#8221;&#8221; width_phone=&#8221;95%&#8221; width_last_edited=&#8221;on|phone&#8221; global_colors_info=&#8221;{}&#8221;][et_pb_column type=&#8221;1_2&#8243; _builder_version=&#8221;4.16&#8243; _module_preset=&#8221;default&#8221; global_colors_info=&#8221;{}&#8221;][et_pb_image src=&#8221;https:\/\/infoliquidationrecycle.com\/wp-content\/uploads\/2022\/05\/ordinateur-02.jpg&#8221; alt=&#8221;Computer&#8221; title_text=&#8221;recycling-terminal-internet-equipment-telecommunication-laval-montreal&#8221; _builder_version=&#8221;4.17.3&#8243; _module_preset=&#8221;default&#8221; border_radii=&#8221;on|10px|10px|10px|10px&#8221; box_shadow_style=&#8221;preset1&#8243; box_shadow_vertical=&#8221;0px&#8221; box_shadow_blur=&#8221;5px&#8221; global_colors_info=&#8221;{}&#8221;][\/et_pb_image][\/et_pb_column][et_pb_column type=&#8221;1_2&#8243; _builder_version=&#8221;4.16&#8243; _module_preset=&#8221;default&#8221; global_colors_info=&#8221;{}&#8221;][et_pb_text _builder_version=&#8221;4.17.3&#8243; _module_preset=&#8221;default&#8221; text_font=&#8221;|300|||||||&#8221; global_colors_info=&#8221;{}&#8221;]<\/p>\n<p><span style=\"font-weight: 400;\">The waste fleet around the world is constantly evolving, as the production of e-waste increases over the years. There are 56 million tons of e-waste on the whole planet. About 12 million tons of this e-waste is made up of <a href=\"https:\/\/infoliquidationrecycle.com\/en\/recyclables\/\">computer equipment<\/a>. This large amount of computer waste encourages us to sound the alarm: it must be remedied as soon as possible. Computer recycling is then the number 1 solution, because it is both healthy and ecological. This is the gesture to adopt to protect the planet from certain destruction.<\/span><\/p>\n<p>[\/et_pb_text][\/et_pb_column][\/et_pb_row][et_pb_row _builder_version=&#8221;4.16&#8243; _module_preset=&#8221;default&#8221; locked=&#8221;off&#8221; global_colors_info=&#8221;{}&#8221;][et_pb_column type=&#8221;4_4&#8243; _builder_version=&#8221;4.16&#8243; _module_preset=&#8221;default&#8221; global_colors_info=&#8221;{}&#8221;][et_pb_button button_url=&#8221;@ET-DC@eyJkeW5hbWljIjp0cnVlLCJjb250ZW50IjoicG9zdF9saW5rX3VybF9wYWdlIiwic2V0dGluZ3MiOnsicG9zdF9pZCI6IjMwMyJ9fQ==@&#8221; button_text=&#8221;Pick-up form&#8221; button_alignment=&#8221;center&#8221; _builder_version=&#8221;4.16&#8243; _dynamic_attributes=&#8221;button_url&#8221; _module_preset=&#8221;default&#8221; global_colors_info=&#8221;{}&#8221;][\/et_pb_button][\/et_pb_column][\/et_pb_row][et_pb_row _builder_version=&#8221;4.16&#8243; _module_preset=&#8221;default&#8221; use_background_color_gradient=&#8221;on&#8221; background_color_gradient_stops=&#8221;rgba(255,255,255,0.9) 0%|rgba(255,255,255,0.9) 100%&#8221; background_color_gradient_overlays_image=&#8221;on&#8221; background_color_gradient_start=&#8221;rgba(255,255,255,0.9)&#8221; background_color_gradient_end=&#8221;rgba(255,255,255,0.9)&#8221; background_image=&#8221;https:\/\/infoliquidationrecycle.com\/wp-content\/uploads\/2020\/11\/ordinateurs-portables-recuperation-recycle-materiel-electronique-certificat-destruction-laval-montreal.jpg&#8221; width_tablet=&#8221;&#8221; width_phone=&#8221;95%&#8221; width_last_edited=&#8221;on|phone&#8221; custom_padding=&#8221;30px|30px|30px|30px|true|true&#8221; global_colors_info=&#8221;{}&#8221;][et_pb_column type=&#8221;4_4&#8243; _builder_version=&#8221;4.16&#8243; _module_preset=&#8221;default&#8221; global_colors_info=&#8221;{}&#8221;][et_pb_text _builder_version=&#8221;4.17.3&#8243; _module_preset=&#8221;default&#8221; text_font=&#8221;|300|||||||&#8221; global_colors_info=&#8221;{}&#8221;]<\/p>\n<h2><span style=\"font-weight: 400;\">Why is computer recycling so important?<\/span><\/h2>\n<p><span style=\"font-weight: 400;\"><\/span><\/p>\n<p><span style=\"font-weight: 400;\">This solution consists of recycling e-waste, such as computers, electronic battery, computer mice, all kinds of laptop or cell phone, hard drives, etc. According to some research, the world&#8217;s population tends to throw their e-waste anywhere to get new computer hardware. True, this is normal behavior, but computer components are dangerous for the ecosystem. Although most are recyclable, the place of e-waste is not the same as household waste, hence the need for recycling.<\/span><\/p>\n<p><span style=\"font-weight: 400;\">Thanks to electronic recycling, old computer equipment is regaining its usefulness. They are used to recompose other computer hardware. Thus, they serve as spare parts or are recycled.<\/span><\/p>\n<p>[\/et_pb_text][\/et_pb_column][\/et_pb_row][et_pb_row _builder_version=&#8221;4.17.3&#8243; _module_preset=&#8221;default&#8221; global_colors_info=&#8221;{}&#8221;][et_pb_column type=&#8221;4_4&#8243; _builder_version=&#8221;4.17.3&#8243; _module_preset=&#8221;default&#8221; global_colors_info=&#8221;{}&#8221;][et_pb_text _builder_version=&#8221;4.17.3&#8243; _module_preset=&#8221;default&#8221; global_colors_info=&#8221;{}&#8221;]<\/p>\n<h2><span style=\"font-weight: 400;\">Hardware recycling: recyclable e-waste<\/span><\/h2>\n<p>[\/et_pb_text][et_pb_image src=&#8221;https:\/\/infoliquidationrecycle.com\/wp-content\/uploads\/2022\/05\/recyclage-ecolo-01.jpg&#8221; alt=&#8221;computer recycling&#8221; _builder_version=&#8221;4.17.3&#8243; _module_preset=&#8221;default&#8221; global_colors_info=&#8221;{}&#8221;][\/et_pb_image][et_pb_text _builder_version=&#8221;4.17.3&#8243; _module_preset=&#8221;default&#8221; global_colors_info=&#8221;{}&#8221;]<\/p>\n<p><span style=\"font-weight: 400;\">The computer screen, central unit, hard drive, electronic battery, mobile phones, etc. are made up of recyclable elements. However, each material has its own recyclable components.<\/span><\/p>\n<h3><span style=\"font-weight: 400;\">The processor<\/span><\/h3>\n<p><span style=\"font-weight: 400;\">Known as Intel or AMD, this component is an essential part of the operation of a computer. Featuring two or more cores, the processor can be composed of gold and other precious metals like silver and palladium. Other ferrous metals, such as aluminum and copper, can also be used for wired processor links. It is these metal elements that are, in most cases, recycled and reused to assemble new computer components.<\/span><\/p>\n<h3><span style=\"font-weight: 400;\">The motherboard<\/span><\/h3>\n<p><span style=\"font-weight: 400;\">This element of the computer also plays an important role in the operation of the machine: it connects each component of the computer. It contains lead, a metal that produces a significant ecological impact, while it can be thrown anywhere. By recycling the motherboard, gold and aluminum can be collected to reuse them on new computer equipment.<\/span><\/p>\n<h3><span style=\"font-weight: 400;\">The PCI card<\/span><\/h3>\n<p><span style=\"font-weight: 400;\">The daughter card is commonly used to link other expansion cards to the computer. Also essential for the proper functioning of the machine, the PCI card can equip a mobile phone or other electronic devices once recycled. It is composed of aluminum and gold.<\/span><\/p>\n<h3><span style=\"font-weight: 400;\">RAM or RAM<\/span><\/h3>\n<p><span style=\"font-weight: 400;\">This computer component is used to store data. Recycled, RAM or RAM allows to increase the storage capacity of the machine. As the majority of its components are harmful to the environment, its recycling is essential.<\/span><\/p>\n<h3><span style=\"font-weight: 400;\">Hard drives<\/span><\/h3>\n<p><span style=\"font-weight: 400;\">Whether it is an internal hard drive, an external hard drive or an SSD, the hard drive remains an element of great utility for the computer. Storing mass memory, it can be recycled in part or in whole. Its parts can be used to repair other hard drives. Among them are elements in silver, aluminum, ceramic and glass. The recycling of hard drives is a meticulous and very advanced process, hence the need to call on a Quebec recycling professional in Sainte-Anne-des-Plaines.<\/span><\/p>\n<h3><span style=\"font-weight: 400;\">Other recyclable elements<\/span><\/h3>\n<p><span style=\"font-weight: 400;\">In terms of computer equipment, printers, scanners, keyboards, USB sticks, mice, headsets, tablets and others are recyclable. Gold, aluminum and copper are present on the majority of these computer equipment. Even their enclosures are recycled and reused for the design and manufacture of other electronic devices.<\/span><\/p>\n<p>[\/et_pb_text][\/et_pb_column][\/et_pb_row][et_pb_row _builder_version=&#8221;4.16&#8243; _module_preset=&#8221;default&#8221; background_color=&#8221;#65c05b&#8221; width_tablet=&#8221;&#8221; width_phone=&#8221;95%&#8221; width_last_edited=&#8221;on|phone&#8221; custom_padding=&#8221;30px|30px|30px|30px|true|true&#8221; global_colors_info=&#8221;{}&#8221;][et_pb_column type=&#8221;4_4&#8243; _builder_version=&#8221;4.16&#8243; _module_preset=&#8221;default&#8221; global_colors_info=&#8221;{}&#8221;][et_pb_text _builder_version=&#8221;4.17.3&#8243; _module_preset=&#8221;default&#8221; text_font=&#8221;|300|||||||&#8221; background_layout=&#8221;dark&#8221; hover_enabled=&#8221;0&#8243; global_colors_info=&#8221;{}&#8221; sticky_enabled=&#8221;0&#8243;]<\/p>\n<h2><span style=\"font-weight: 400;\">The different stages of electronic recycling<\/span><\/h2>\n<p><span style=\"font-weight: 400;\"><\/span><\/p>\n<p><span style=\"font-weight: 400;\">Whether you are in the Laurentians, Quebec or Sainte-Anne-des-Plaines, the steps involved in bringing computer equipment up to standard are the same. Register with a company specialized in the collection and recycling of computer equipment and authorized. We will then take care to sort the e-waste, so as to distinguish the recoverable elements from those that are no longer recoverable. Then, we will proceed to the treatment of the parts to be recycled by disassembling your machines piece by piece. Finally, we will collect the elements that can still be used.<\/span><\/p>\n<p><span style=\"font-weight: 400;\">Contact Info Liquidation to take action for the planet. Entrust your computer recycling company with all your old electronic equipment to be part of the eco-responsible citizens! Whatever the amount of your e-waste, you have the opportunity to save the plant with a simple gesture.<\/span><\/p>\n<p>[\/et_pb_text][\/et_pb_column][\/et_pb_row][et_pb_row _builder_version=&#8221;4.16&#8243; _module_preset=&#8221;default&#8221; global_colors_info=&#8221;{}&#8221;][et_pb_column type=&#8221;4_4&#8243; _builder_version=&#8221;4.16&#8243; _module_preset=&#8221;default&#8221; global_colors_info=&#8221;{}&#8221;][et_pb_button button_url=&#8221;@ET-DC@eyJkeW5hbWljIjp0cnVlLCJjb250ZW50IjoicG9zdF9saW5rX3VybF9wYWdlIiwic2V0dGluZ3MiOnsicG9zdF9pZCI6IjMwMyJ9fQ==@&#8221; button_text=&#8221;Pick-up form&#8221; button_alignment=&#8221;center&#8221; _builder_version=&#8221;4.16&#8243; _dynamic_attributes=&#8221;button_url&#8221; _module_preset=&#8221;default&#8221; global_colors_info=&#8221;{}&#8221;][\/et_pb_button][et_pb_image src=&#8221;https:\/\/infoliquidationrecycle.com\/wp-content\/uploads\/2020\/11\/icon_info_liquidation.png&#8221; title_text=&#8221;icon_info_liquidation&#8221; align=&#8221;center&#8221; _builder_version=&#8221;4.16&#8243; _module_preset=&#8221;default&#8221; width=&#8221;60px&#8221; custom_margin=&#8221;||30px||false|false&#8221; global_colors_info=&#8221;{}&#8221;][\/et_pb_image][\/et_pb_column][\/et_pb_row][\/et_pb_section]<\/p>\n","protected":false},"excerpt":{"rendered":"<p>The waste fleet around the world is constantly evolving, as the production of e-waste increases over the years. There are 56 million tons of e-waste on the whole planet. About 12 million tons of this e-waste is made up of computer equipment. This large amount of computer waste encourages us to sound the alarm: it [&hellip;]<\/p>\n","protected":false},"author":1,"featured_media":87719,"parent":0,"menu_order":0,"comment_status":"closed","ping_status":"closed","template":"","meta":{"_et_pb_use_builder":"on","_et_pb_old_content":"","_et_gb_content_width":"","footnotes":""},"class_list":["post-203661","page","type-page","status-publish","has-post-thumbnail","hentry"],"yoast_head":"<!-- This site is optimized with the Yoast SEO plugin v26.3 - https:\/\/yoast.com\/wordpress\/plugins\/seo\/ -->\n<title>Computer &amp; electronic recycling in Sainte-Anne-des-Plaines - Info Liquidation Recycle<\/title>\n<meta name=\"description\" content=\"Computer &amp; electronic recycling in Mirabel\" \/>\n<meta name=\"robots\" content=\"index, follow, max-snippet:-1, max-image-preview:large, max-video-preview:-1\" \/>\n<link rel=\"canonical\" href=\"https:\/\/infoliquidationrecycle.com\/en\/computer-electronic-recycling-in-sainte-anne-des-plaines\/\" \/>\n<meta property=\"og:locale\" content=\"en_US\" \/>\n<meta property=\"og:type\" content=\"article\" \/>\n<meta property=\"og:title\" content=\"Computer &amp; electronic recycling in Sainte-Anne-des-Plaines - Info Liquidation Recycle\" \/>\n<meta property=\"og:description\" content=\"Computer &amp; electronic recycling in Mirabel\" \/>\n<meta property=\"og:url\" content=\"https:\/\/infoliquidationrecycle.com\/en\/computer-electronic-recycling-in-sainte-anne-des-plaines\/\" \/>\n<meta property=\"og:site_name\" content=\"Info Liquidation Recycle\" \/>\n<meta property=\"article:publisher\" content=\"https:\/\/www.facebook.com\/InfoLiquidationRecycle\/\" \/>\n<meta property=\"article:modified_time\" content=\"2022-07-22T15:44:04+00:00\" \/>\n<meta property=\"og:image\" content=\"https:\/\/infoliquidationrecycle.com\/wp-content\/uploads\/2022\/02\/micro-circuit-main-board-computer-electronic-technology-hardware-upgrade-cleaning-concept.jpg\" \/>\n\t<meta property=\"og:image:width\" content=\"1500\" \/>\n\t<meta property=\"og:image:height\" content=\"1000\" \/>\n\t<meta property=\"og:image:type\" content=\"image\/jpeg\" \/>\n<meta name=\"twitter:card\" content=\"summary_large_image\" \/>\n<meta name=\"twitter:label1\" content=\"Est. reading time\" \/>\n\t<meta name=\"twitter:data1\" content=\"8 minutes\" \/>\n<script type=\"application\/ld+json\" class=\"yoast-schema-graph\">{\"@context\":\"https:\/\/schema.org\",\"@graph\":[{\"@type\":\"WebPage\",\"@id\":\"https:\/\/infoliquidationrecycle.com\/en\/computer-electronic-recycling-in-sainte-anne-des-plaines\/\",\"url\":\"https:\/\/infoliquidationrecycle.com\/en\/computer-electronic-recycling-in-sainte-anne-des-plaines\/\",\"name\":\"Computer &amp; electronic recycling in Sainte-Anne-des-Plaines - Info Liquidation Recycle\",\"isPartOf\":{\"@id\":\"https:\/\/infoliquidationrecycle.com\/en\/#website\"},\"primaryImageOfPage\":{\"@id\":\"https:\/\/infoliquidationrecycle.com\/en\/computer-electronic-recycling-in-sainte-anne-des-plaines\/#primaryimage\"},\"image\":{\"@id\":\"https:\/\/infoliquidationrecycle.com\/en\/computer-electronic-recycling-in-sainte-anne-des-plaines\/#primaryimage\"},\"thumbnailUrl\":\"https:\/\/infoliquidationrecycle.com\/wp-content\/uploads\/2022\/02\/micro-circuit-main-board-computer-electronic-technology-hardware-upgrade-cleaning-concept.jpg\",\"datePublished\":\"2022-07-21T20:28:40+00:00\",\"dateModified\":\"2022-07-22T15:44:04+00:00\",\"description\":\"Computer & electronic recycling in Mirabel\",\"breadcrumb\":{\"@id\":\"https:\/\/infoliquidationrecycle.com\/en\/computer-electronic-recycling-in-sainte-anne-des-plaines\/#breadcrumb\"},\"inLanguage\":\"en-CA\",\"potentialAction\":[{\"@type\":\"ReadAction\",\"target\":[\"https:\/\/infoliquidationrecycle.com\/en\/computer-electronic-recycling-in-sainte-anne-des-plaines\/\"]}]},{\"@type\":\"ImageObject\",\"inLanguage\":\"en-CA\",\"@id\":\"https:\/\/infoliquidationrecycle.com\/en\/computer-electronic-recycling-in-sainte-anne-des-plaines\/#primaryimage\",\"url\":\"https:\/\/infoliquidationrecycle.com\/wp-content\/uploads\/2022\/02\/micro-circuit-main-board-computer-electronic-technology-hardware-upgrade-cleaning-concept.jpg\",\"contentUrl\":\"https:\/\/infoliquidationrecycle.com\/wp-content\/uploads\/2022\/02\/micro-circuit-main-board-computer-electronic-technology-hardware-upgrade-cleaning-concept.jpg\",\"width\":1500,\"height\":1000,\"caption\":\"electronics\"},{\"@type\":\"BreadcrumbList\",\"@id\":\"https:\/\/infoliquidationrecycle.com\/en\/computer-electronic-recycling-in-sainte-anne-des-plaines\/#breadcrumb\",\"itemListElement\":[{\"@type\":\"ListItem\",\"position\":1,\"name\":\"Accueil\",\"item\":\"https:\/\/infoliquidationrecycle.com\/en\/home-2\/\"},{\"@type\":\"ListItem\",\"position\":2,\"name\":\"Computer &amp; electronic recycling in Sainte-Anne-des-Plaines\"}]},{\"@type\":\"WebSite\",\"@id\":\"https:\/\/infoliquidationrecycle.com\/en\/#website\",\"url\":\"https:\/\/infoliquidationrecycle.com\/en\/\",\"name\":\"Info Liquidation Recycle ramassage de mati\u00e8res et d\u00e9chets recyclables\",\"description\":\"Recyclage et ramassage informatique et \u00e9l\u00e9ctronique, \u00e0 Laval, Montr\u00e9al.\",\"publisher\":{\"@id\":\"https:\/\/infoliquidationrecycle.com\/en\/#organization\"},\"potentialAction\":[{\"@type\":\"SearchAction\",\"target\":{\"@type\":\"EntryPoint\",\"urlTemplate\":\"https:\/\/infoliquidationrecycle.com\/en\/?s={search_term_string}\"},\"query-input\":{\"@type\":\"PropertyValueSpecification\",\"valueRequired\":true,\"valueName\":\"search_term_string\"}}],\"inLanguage\":\"en-CA\"},{\"@type\":\"Organization\",\"@id\":\"https:\/\/infoliquidationrecycle.com\/en\/#organization\",\"name\":\"Info Liquidation Recycle ramassage de mati\u00e8res et d\u00e9chets recyclables - Laval, Montr\u00e9al\",\"url\":\"https:\/\/infoliquidationrecycle.com\/en\/\",\"logo\":{\"@type\":\"ImageObject\",\"inLanguage\":\"en-CA\",\"@id\":\"https:\/\/infoliquidationrecycle.com\/en\/#\/schema\/logo\/image\/\",\"url\":\"https:\/\/i0.wp.com\/infoliquidationrecycle.com\/wp-content\/uploads\/2020\/09\/logo.png?fit=338%2C80&ssl=1\",\"contentUrl\":\"https:\/\/i0.wp.com\/infoliquidationrecycle.com\/wp-content\/uploads\/2020\/09\/logo.png?fit=338%2C80&ssl=1\",\"width\":338,\"height\":80,\"caption\":\"Info Liquidation Recycle ramassage de mati\u00e8res et d\u00e9chets recyclables - Laval, Montr\u00e9al\"},\"image\":{\"@id\":\"https:\/\/infoliquidationrecycle.com\/en\/#\/schema\/logo\/image\/\"},\"sameAs\":[\"https:\/\/www.facebook.com\/InfoLiquidationRecycle\/\"]}]}<\/script>\n<!-- \/ Yoast SEO plugin. -->","yoast_head_json":{"title":"Computer &amp; electronic recycling in Sainte-Anne-des-Plaines - Info Liquidation Recycle","description":"Computer & electronic recycling in Mirabel","robots":{"index":"index","follow":"follow","max-snippet":"max-snippet:-1","max-image-preview":"max-image-preview:large","max-video-preview":"max-video-preview:-1"},"canonical":"https:\/\/infoliquidationrecycle.com\/en\/computer-electronic-recycling-in-sainte-anne-des-plaines\/","og_locale":"en_US","og_type":"article","og_title":"Computer &amp; electronic recycling in Sainte-Anne-des-Plaines - Info Liquidation Recycle","og_description":"Computer & electronic recycling in Mirabel","og_url":"https:\/\/infoliquidationrecycle.com\/en\/computer-electronic-recycling-in-sainte-anne-des-plaines\/","og_site_name":"Info Liquidation Recycle","article_publisher":"https:\/\/www.facebook.com\/InfoLiquidationRecycle\/","article_modified_time":"2022-07-22T15:44:04+00:00","og_image":[{"width":1500,"height":1000,"url":"https:\/\/infoliquidationrecycle.com\/wp-content\/uploads\/2022\/02\/micro-circuit-main-board-computer-electronic-technology-hardware-upgrade-cleaning-concept.jpg","type":"image\/jpeg"}],"twitter_card":"summary_large_image","twitter_misc":{"Est. reading time":"8 minutes"},"schema":{"@context":"https:\/\/schema.org","@graph":[{"@type":"WebPage","@id":"https:\/\/infoliquidationrecycle.com\/en\/computer-electronic-recycling-in-sainte-anne-des-plaines\/","url":"https:\/\/infoliquidationrecycle.com\/en\/computer-electronic-recycling-in-sainte-anne-des-plaines\/","name":"Computer &amp; electronic recycling in Sainte-Anne-des-Plaines - Info Liquidation Recycle","isPartOf":{"@id":"https:\/\/infoliquidationrecycle.com\/en\/#website"},"primaryImageOfPage":{"@id":"https:\/\/infoliquidationrecycle.com\/en\/computer-electronic-recycling-in-sainte-anne-des-plaines\/#primaryimage"},"image":{"@id":"https:\/\/infoliquidationrecycle.com\/en\/computer-electronic-recycling-in-sainte-anne-des-plaines\/#primaryimage"},"thumbnailUrl":"https:\/\/infoliquidationrecycle.com\/wp-content\/uploads\/2022\/02\/micro-circuit-main-board-computer-electronic-technology-hardware-upgrade-cleaning-concept.jpg","datePublished":"2022-07-21T20:28:40+00:00","dateModified":"2022-07-22T15:44:04+00:00","description":"Computer & electronic recycling in Mirabel","breadcrumb":{"@id":"https:\/\/infoliquidationrecycle.com\/en\/computer-electronic-recycling-in-sainte-anne-des-plaines\/#breadcrumb"},"inLanguage":"en-CA","potentialAction":[{"@type":"ReadAction","target":["https:\/\/infoliquidationrecycle.com\/en\/computer-electronic-recycling-in-sainte-anne-des-plaines\/"]}]},{"@type":"ImageObject","inLanguage":"en-CA","@id":"https:\/\/infoliquidationrecycle.com\/en\/computer-electronic-recycling-in-sainte-anne-des-plaines\/#primaryimage","url":"https:\/\/infoliquidationrecycle.com\/wp-content\/uploads\/2022\/02\/micro-circuit-main-board-computer-electronic-technology-hardware-upgrade-cleaning-concept.jpg","contentUrl":"https:\/\/infoliquidationrecycle.com\/wp-content\/uploads\/2022\/02\/micro-circuit-main-board-computer-electronic-technology-hardware-upgrade-cleaning-concept.jpg","width":1500,"height":1000,"caption":"electronics"},{"@type":"BreadcrumbList","@id":"https:\/\/infoliquidationrecycle.com\/en\/computer-electronic-recycling-in-sainte-anne-des-plaines\/#breadcrumb","itemListElement":[{"@type":"ListItem","position":1,"name":"Accueil","item":"https:\/\/infoliquidationrecycle.com\/en\/home-2\/"},{"@type":"ListItem","position":2,"name":"Computer &amp; electronic recycling in Sainte-Anne-des-Plaines"}]},{"@type":"WebSite","@id":"https:\/\/infoliquidationrecycle.com\/en\/#website","url":"https:\/\/infoliquidationrecycle.com\/en\/","name":"Info Liquidation Recycle ramassage de mati\u00e8res et d\u00e9chets recyclables","description":"Recyclage et ramassage informatique et \u00e9l\u00e9ctronique, \u00e0 Laval, Montr\u00e9al.","publisher":{"@id":"https:\/\/infoliquidationrecycle.com\/en\/#organization"},"potentialAction":[{"@type":"SearchAction","target":{"@type":"EntryPoint","urlTemplate":"https:\/\/infoliquidationrecycle.com\/en\/?s={search_term_string}"},"query-input":{"@type":"PropertyValueSpecification","valueRequired":true,"valueName":"search_term_string"}}],"inLanguage":"en-CA"},{"@type":"Organization","@id":"https:\/\/infoliquidationrecycle.com\/en\/#organization","name":"Info Liquidation Recycle ramassage de mati\u00e8res et d\u00e9chets recyclables - Laval, Montr\u00e9al","url":"https:\/\/infoliquidationrecycle.com\/en\/","logo":{"@type":"ImageObject","inLanguage":"en-CA","@id":"https:\/\/infoliquidationrecycle.com\/en\/#\/schema\/logo\/image\/","url":"https:\/\/i0.wp.com\/infoliquidationrecycle.com\/wp-content\/uploads\/2020\/09\/logo.png?fit=338%2C80&ssl=1","contentUrl":"https:\/\/i0.wp.com\/infoliquidationrecycle.com\/wp-content\/uploads\/2020\/09\/logo.png?fit=338%2C80&ssl=1","width":338,"height":80,"caption":"Info Liquidation Recycle ramassage de mati\u00e8res et d\u00e9chets recyclables - Laval, Montr\u00e9al"},"image":{"@id":"https:\/\/infoliquidationrecycle.com\/en\/#\/schema\/logo\/image\/"},"sameAs":["https:\/\/www.facebook.com\/InfoLiquidationRecycle\/"]}]}},"_links":{"self":[{"href":"https:\/\/infoliquidationrecycle.com\/en\/wp-json\/wp\/v2\/pages\/203661","targetHints":{"allow":["GET"]}}],"collection":[{"href":"https:\/\/infoliquidationrecycle.com\/en\/wp-json\/wp\/v2\/pages"}],"about":[{"href":"https:\/\/infoliquidationrecycle.com\/en\/wp-json\/wp\/v2\/types\/page"}],"author":[{"embeddable":true,"href":"https:\/\/infoliquidationrecycle.com\/en\/wp-json\/wp\/v2\/users\/1"}],"replies":[{"embeddable":true,"href":"https:\/\/infoliquidationrecycle.com\/en\/wp-json\/wp\/v2\/comments?post=203661"}],"version-history":[{"count":5,"href":"https:\/\/infoliquidationrecycle.com\/en\/wp-json\/wp\/v2\/pages\/203661\/revisions"}],"predecessor-version":[{"id":203901,"href":"https:\/\/infoliquidationrecycle.com\/en\/wp-json\/wp\/v2\/pages\/203661\/revisions\/203901"}],"wp:featuredmedia":[{"embeddable":true,"href":"https:\/\/infoliquidationrecycle.com\/en\/wp-json\/wp\/v2\/media\/87719"}],"wp:attachment":[{"href":"https:\/\/infoliquidationrecycle.com\/en\/wp-json\/wp\/v2\/media?parent=203661"}],"curies":[{"name":"wp","href":"https:\/\/api.w.org\/{rel}","templated":true}]}}