{"id":205546,"date":"2022-09-13T16:25:03","date_gmt":"2022-09-13T20:25:03","guid":{"rendered":"https:\/\/infoliquidationrecycle.com\/computer-electronic-recycling-in-pointe-aux-trembles\/"},"modified":"2022-09-13T16:25:06","modified_gmt":"2022-09-13T20:25:06","slug":"computer-electronic-recycling-in-pointe-aux-trembles","status":"publish","type":"page","link":"https:\/\/infoliquidationrecycle.com\/en\/computer-electronic-recycling-in-pointe-aux-trembles\/","title":{"rendered":"Computer &amp; electronic recycling in Pointe-aux-Trembles"},"content":{"rendered":"<p>[et_pb_section fb_built=&#8221;1&#8243; custom_padding_last_edited=&#8221;on|phone&#8221; _builder_version=&#8221;4.17.3&#8243; _module_preset=&#8221;default&#8221; use_background_color_gradient=&#8221;on&#8221; background_color_gradient_stops=&#8221;rgba(0,0,0,0.17) 0%|rgba(0,0,0,0.17) 100%&#8221; background_color_gradient_overlays_image=&#8221;on&#8221; background_color_gradient_start=&#8221;rgba(0,0,0,0.17)&#8221; background_color_gradient_end=&#8221;rgba(0,0,0,0.17)&#8221; background_image=&#8221;https:\/\/infoliquidationrecycle.com\/wp-content\/uploads\/2022\/05\/recyclage-ecolo-07.jpg&#8221; custom_padding=&#8221;300px||100px||false|false&#8221; custom_padding_tablet=&#8221;&#8221; custom_padding_phone=&#8221;3vh||3vh||true|false&#8221; locked=&#8221;off&#8221; global_colors_info=&#8221;{}&#8221;][et_pb_row _builder_version=&#8221;4.16&#8243; _module_preset=&#8221;default&#8221; width_tablet=&#8221;&#8221; width_phone=&#8221;95%&#8221; width_last_edited=&#8221;on|phone&#8221; global_colors_info=&#8221;{}&#8221;][et_pb_column type=&#8221;4_4&#8243; _builder_version=&#8221;4.16&#8243; _module_preset=&#8221;default&#8221; global_colors_info=&#8221;{}&#8221;][et_pb_text _builder_version=&#8221;4.16&#8243; _dynamic_attributes=&#8221;content&#8221; _module_preset=&#8221;default&#8221; header_font_size=&#8221;60px&#8221; text_orientation=&#8221;center&#8221; background_layout=&#8221;dark&#8221; global_colors_info=&#8221;{}&#8221;]@ET-DC@eyJkeW5hbWljIjp0cnVlLCJjb250ZW50IjoicG9zdF90aXRsZSIsInNldHRpbmdzIjp7ImJlZm9yZSI6IjxoMT4iLCJhZnRlciI6IjxcL2gxPiJ9fQ==@[\/et_pb_text][et_pb_button button_url=&#8221;@ET-DC@eyJkeW5hbWljIjp0cnVlLCJjb250ZW50IjoicG9zdF9saW5rX3VybF9wYWdlIiwic2V0dGluZ3MiOnsicG9zdF9pZCI6IjMwMyJ9fQ==@&#8221; button_text=&#8221;Pick-up form&#8221; button_alignment=&#8221;center&#8221; _builder_version=&#8221;4.16&#8243; _dynamic_attributes=&#8221;button_url&#8221; _module_preset=&#8221;default&#8221; locked=&#8221;off&#8221; global_colors_info=&#8221;{}&#8221;][\/et_pb_button][\/et_pb_column][\/et_pb_row][\/et_pb_section][et_pb_section fb_built=&#8221;1&#8243; admin_label=&#8221;Section&#8221; _builder_version=&#8221;4.16&#8243; _module_preset=&#8221;default&#8221; background_color=&#8221;#f7f7f7&#8243; custom_padding=&#8221;5%||5%||false|false&#8221; locked=&#8221;off&#8221; global_colors_info=&#8221;{}&#8221;][et_pb_row column_structure=&#8221;1_2,1_2&#8243; _builder_version=&#8221;4.16&#8243; _module_preset=&#8221;default&#8221; width_tablet=&#8221;&#8221; width_phone=&#8221;95%&#8221; width_last_edited=&#8221;on|phone&#8221; global_colors_info=&#8221;{}&#8221;][et_pb_column type=&#8221;1_2&#8243; _builder_version=&#8221;4.16&#8243; _module_preset=&#8221;default&#8221; global_colors_info=&#8221;{}&#8221;][et_pb_image src=&#8221;https:\/\/infoliquidationrecycle.com\/wp-content\/uploads\/2022\/05\/ordinateur-05.jpg&#8221; alt=&#8221;computer&#8221; title_text=&#8221;recycling-terminal-internet-equipment-telecommunication-laval-montreal&#8221; _builder_version=&#8221;4.17.3&#8243; _module_preset=&#8221;default&#8221; border_radii=&#8221;on|10px|10px|10px|10px&#8221; box_shadow_style=&#8221;preset1&#8243; box_shadow_vertical=&#8221;0px&#8221; box_shadow_blur=&#8221;5px&#8221; global_colors_info=&#8221;{}&#8221;][\/et_pb_image][\/et_pb_column][et_pb_column type=&#8221;1_2&#8243; _builder_version=&#8221;4.16&#8243; _module_preset=&#8221;default&#8221; global_colors_info=&#8221;{}&#8221;][et_pb_text _builder_version=&#8221;4.17.3&#8243; _module_preset=&#8221;default&#8221; text_font=&#8221;|300|||||||&#8221; global_colors_info=&#8221;{}&#8221;]<\/p>\n<p><span style=\"font-weight: 400;\">You need to replace your computer hardware at some point if you want to keep it for a long time. It&#8217;s also crucial to take care of your old devices if you&#8217;re buying a new one. While managing IT waste can be tedious, it&#8217;s certainly no secret. Recycling is preferable to simply disposing of computer waste. It is not prudent to treat them in the same way as other waste and they cannot be thrown in the trash. Do you live near Rivi\u00e8re-des-Prairies and want to get rid of your old computer equipment? Follow our article throughout which we will help you step by step.<\/span><\/p>\n<p>[\/et_pb_text][\/et_pb_column][\/et_pb_row][et_pb_row _builder_version=&#8221;4.16&#8243; _module_preset=&#8221;default&#8221; locked=&#8221;off&#8221; global_colors_info=&#8221;{}&#8221;][et_pb_column type=&#8221;4_4&#8243; _builder_version=&#8221;4.16&#8243; _module_preset=&#8221;default&#8221; global_colors_info=&#8221;{}&#8221;][et_pb_button button_url=&#8221;@ET-DC@eyJkeW5hbWljIjp0cnVlLCJjb250ZW50IjoicG9zdF9saW5rX3VybF9wYWdlIiwic2V0dGluZ3MiOnsicG9zdF9pZCI6IjMwMyJ9fQ==@&#8221; button_text=&#8221;Pick-up form&#8221; button_alignment=&#8221;center&#8221; _builder_version=&#8221;4.16&#8243; _dynamic_attributes=&#8221;button_url&#8221; _module_preset=&#8221;default&#8221; global_colors_info=&#8221;{}&#8221;][\/et_pb_button][\/et_pb_column][\/et_pb_row][et_pb_row _builder_version=&#8221;4.16&#8243; _module_preset=&#8221;default&#8221; use_background_color_gradient=&#8221;on&#8221; background_color_gradient_stops=&#8221;rgba(255,255,255,0.9) 0%|rgba(255,255,255,0.9) 100%&#8221; background_color_gradient_overlays_image=&#8221;on&#8221; background_color_gradient_start=&#8221;rgba(255,255,255,0.9)&#8221; background_color_gradient_end=&#8221;rgba(255,255,255,0.9)&#8221; background_image=&#8221;https:\/\/infoliquidationrecycle.com\/wp-content\/uploads\/2020\/11\/ordinateurs-portables-recuperation-recycle-materiel-electronique-certificat-destruction-laval-montreal.jpg&#8221; width_tablet=&#8221;&#8221; width_phone=&#8221;95%&#8221; width_last_edited=&#8221;on|phone&#8221; custom_padding=&#8221;30px|30px|30px|30px|true|true&#8221; global_colors_info=&#8221;{}&#8221;][et_pb_column type=&#8221;4_4&#8243; _builder_version=&#8221;4.16&#8243; _module_preset=&#8221;default&#8221; global_colors_info=&#8221;{}&#8221;][et_pb_text _builder_version=&#8221;4.17.3&#8243; _module_preset=&#8221;default&#8221; text_font=&#8221;|300|||||||&#8221; global_colors_info=&#8221;{}&#8221;]<\/p>\n<h2><span style=\"font-weight: 400;\">Recycling, an ecological gesture<\/span><\/h2>\n<p><span style=\"font-weight: 400;\"><\/span><\/p>\n<p><span style=\"font-weight: 400;\">Computer hardware includes a large amount of harmful materials that can have a negative impact on the environment. The computer contains several, including lead, copper and mercury which are just as dangerous. Lead, copper and mercury, among others, are present in computers and contribute to environmental pollution. Outside of the computer, these materials are harmful in several ways. Mercury is a health hazard, for example. Lead is harmful to plants, animals and some microorganisms. Copper, which is released into the environment, is also harmful to the ecosystem.<\/span><\/p>\n<p><span style=\"font-weight: 400;\">If these materials are properly processed, they can be reused in the design of new electronic devices, saving significant economic and energy costs during production. Do you live near Rivi\u00e8re-des-Prairies? You can have all your computer equipment recycled without leaving your home.<\/span><\/p>\n<p>[\/et_pb_text][\/et_pb_column][\/et_pb_row][et_pb_row _builder_version=&#8221;4.17.3&#8243; _module_preset=&#8221;default&#8221; global_colors_info=&#8221;{}&#8221;][et_pb_column type=&#8221;4_4&#8243; _builder_version=&#8221;4.17.3&#8243; _module_preset=&#8221;default&#8221; global_colors_info=&#8221;{}&#8221;][et_pb_text _builder_version=&#8221;4.17.3&#8243; _module_preset=&#8221;default&#8221; global_colors_info=&#8221;{}&#8221;]<\/p>\n<h2><span style=\"font-weight: 400;\">Recycling services available in the city of Rivi\u00e8re-des-Prairies<\/span><\/h2>\n<p>[\/et_pb_text][et_pb_image src=&#8221;https:\/\/infoliquidationrecycle.com\/wp-content\/uploads\/2022\/03\/materiel-informatique-au-quebec.jpg&#8221; alt=&#8221;Computer equipment in Quebec&#8221; _builder_version=&#8221;4.17.3&#8243; _module_preset=&#8221;default&#8221; global_colors_info=&#8221;{}&#8221;][\/et_pb_image][et_pb_text _builder_version=&#8221;4.17.3&#8243; _module_preset=&#8221;default&#8221; global_colors_info=&#8221;{}&#8221;]<\/p>\n<p><span style=\"font-weight: 400;\">Our service ensures the electronic recycling of your electronic waste in order to treat it appropriately.<\/span><\/p>\n<p><span style=\"font-weight: 400;\"><\/span><\/p>\n<h3><span style=\"font-weight: 400;\">Motherboard<\/span><\/h3>\n<p><span style=\"font-weight: 400;\">All the essential components of the PC, such as the internal hard drive, RAM, sound card and video card, are connected to the motherboard. It is a printed circuit board and also accepts inputs from peripherals such as keyboards, mice, and displays. Since the motherboard is essentially the heart of the computer, it is also crucial for the flow of data and electrical current.<\/span><\/p>\n<p><span style=\"font-weight: 400;\">To ensure the flow of data and electricity, the motherboard tracks are made from recyclable conductive materials such as gold. The motherboard can also be recycled in its entirety.<\/span><\/p>\n<h3><span style=\"font-weight: 400;\">Pci<\/span><\/h3>\n<p><span style=\"font-weight: 400;\">An expansion card connects to the motherboard via a PCI card. The PCI card is a multi-socket connection for additional computer hardware. For example, you can connect a WIFI device or a few extra RAM keys to upgrade your PC on a laptop.<\/span><\/p>\n<p><span style=\"font-weight: 400;\">The PCI card is small and durable. You can recycle or repair it before building a new computer if the component is obsolete or non-repairable. Recycling materials can be recovered in the event that the component is obsolete or non-repairable.<\/span><\/p>\n<h3><span style=\"font-weight: 400;\">RAM and Hard Drive<\/span><\/h3>\n<p><span style=\"font-weight: 400;\">RAM (Random Access Memory) allows the processor to run programs quickly. RAM resembles the PC&#8217;s &#8220;short-term&#8221; memory, as data is stored there for a short time. The data is stored on the hard disk in ROM (Read Only Memory).<\/span><\/p>\n<p><span style=\"font-weight: 400;\">&#8220;Long-term&#8221; memory stores data for a long time so that it is permanently saved. When a hard drive is processed, it is destroyed in order to guarantee the confidentiality of the data it contains.<\/span><\/p>\n<h3><span style=\"font-weight: 400;\">Processor<\/span><\/h3>\n<p><span style=\"font-weight: 400;\">The CPU, or central processing unit, is responsible for ensuring all data exchange and processing. Without it, the PC cannot function, because no function can be performed. Launched applications issue commands to which the CPU obeys.<\/span><\/p>\n<p><span style=\"font-weight: 400;\">To be efficient, the CPU may have one or more cores. A program executed by a core is executed independently. As the more cores a processor has, the more powerful the computer, the processor is recycled by processing its materials in order to limit its negative impact on the environment.<\/span><\/p>\n<p>[\/et_pb_text][\/et_pb_column][\/et_pb_row][et_pb_row _builder_version=&#8221;4.16&#8243; _module_preset=&#8221;default&#8221; background_color=&#8221;#65c05b&#8221; width_tablet=&#8221;&#8221; width_phone=&#8221;95%&#8221; width_last_edited=&#8221;on|phone&#8221; custom_padding=&#8221;30px|30px|30px|30px|true|true&#8221; global_colors_info=&#8221;{}&#8221;][et_pb_column type=&#8221;4_4&#8243; _builder_version=&#8221;4.16&#8243; _module_preset=&#8221;default&#8221; global_colors_info=&#8221;{}&#8221;][et_pb_text _builder_version=&#8221;4.17.3&#8243; _module_preset=&#8221;default&#8221; text_font=&#8221;|300|||||||&#8221; background_layout=&#8221;dark&#8221; global_colors_info=&#8221;{}&#8221;]<\/p>\n<h2><span style=\"font-weight: 400;\">Recycling of computer equipment in three steps<\/span><\/h2>\n<p><span style=\"font-weight: 400;\"><\/span><\/p>\n<p><span style=\"font-weight: 400;\">The recycling of computers goes through three phases:<\/span><\/p>\n<ul>\n<li style=\"font-weight: 400;\" aria-level=\"1\"><span style=\"font-weight: 400;\">Sorting;<\/span><\/li>\n<li style=\"font-weight: 400;\" aria-level=\"1\"><span style=\"font-weight: 400;\">Repackaging;<\/span><\/li>\n<li style=\"font-weight: 400;\" aria-level=\"1\"><span style=\"font-weight: 400;\">Treatment.<\/span><\/li>\n<\/ul>\n<p><span style=\"font-weight: 400;\">The procedure for sorting computer devices between those that are still functional and those that have been discarded is called reconditioning.<\/span><\/p>\n<p><span style=\"font-weight: 400;\">When a computer is refurbished, its parts are assembled to access components that can be refurbished. Refurbished devices are those that are marketed after being created from recycled components and elements, and they are assembled into a complete PC.<\/span><\/p>\n<p><span style=\"font-weight: 400;\">Materials such as aluminum or copper are recycled at this stage in order to create new resources for other industries. Treatment is reserved for completely faulty devices or obsolete components.<\/span><\/p>\n<p>[\/et_pb_text][\/et_pb_column][\/et_pb_row][et_pb_row _builder_version=&#8221;4.16&#8243; _module_preset=&#8221;default&#8221; global_colors_info=&#8221;{}&#8221;][et_pb_column type=&#8221;4_4&#8243; _builder_version=&#8221;4.16&#8243; _module_preset=&#8221;default&#8221; global_colors_info=&#8221;{}&#8221;][et_pb_button button_url=&#8221;@ET-DC@eyJkeW5hbWljIjp0cnVlLCJjb250ZW50IjoicG9zdF9saW5rX3VybF9wYWdlIiwic2V0dGluZ3MiOnsicG9zdF9pZCI6IjMwMyJ9fQ==@&#8221; button_text=&#8221;Pick-up form&#8221; button_alignment=&#8221;center&#8221; _builder_version=&#8221;4.16&#8243; _dynamic_attributes=&#8221;button_url&#8221; _module_preset=&#8221;default&#8221; global_colors_info=&#8221;{}&#8221;][\/et_pb_button][et_pb_image src=&#8221;https:\/\/infoliquidationrecycle.com\/wp-content\/uploads\/2020\/11\/icon_info_liquidation.png&#8221; title_text=&#8221;icon_info_liquidation&#8221; align=&#8221;center&#8221; _builder_version=&#8221;4.16&#8243; _module_preset=&#8221;default&#8221; width=&#8221;60px&#8221; custom_margin=&#8221;||30px||false|false&#8221; global_colors_info=&#8221;{}&#8221;][\/et_pb_image][\/et_pb_column][\/et_pb_row][\/et_pb_section]<\/p>\n","protected":false},"excerpt":{"rendered":"<p>You need to replace your computer hardware at some point if you want to keep it for a long time. It&#8217;s also crucial to take care of your old devices if you&#8217;re buying a new one. While managing IT waste can be tedious, it&#8217;s certainly no secret. Recycling is preferable to simply disposing of computer [&hellip;]<\/p>\n","protected":false},"author":1,"featured_media":190948,"parent":0,"menu_order":0,"comment_status":"closed","ping_status":"closed","template":"","meta":{"_et_pb_use_builder":"on","_et_pb_old_content":"","_et_gb_content_width":"","footnotes":""},"class_list":["post-205546","page","type-page","status-publish","has-post-thumbnail","hentry"],"yoast_head":"<!-- This site is optimized with the Yoast SEO plugin v26.3 - https:\/\/yoast.com\/wordpress\/plugins\/seo\/ -->\n<title>Computer &amp; electronic recycling in Pointe-aux-Trembles - Info Liquidation Recycle<\/title>\n<meta name=\"description\" content=\"Computer &amp; electronic recycling in Pointe-aux-Trembles\" \/>\n<meta name=\"robots\" content=\"index, follow, max-snippet:-1, max-image-preview:large, max-video-preview:-1\" \/>\n<link rel=\"canonical\" href=\"https:\/\/infoliquidationrecycle.com\/en\/computer-electronic-recycling-in-pointe-aux-trembles\/\" \/>\n<meta property=\"og:locale\" content=\"en_US\" \/>\n<meta property=\"og:type\" content=\"article\" \/>\n<meta property=\"og:title\" content=\"Computer &amp; electronic recycling in Pointe-aux-Trembles - Info Liquidation Recycle\" \/>\n<meta property=\"og:description\" content=\"Computer &amp; electronic recycling in Pointe-aux-Trembles\" \/>\n<meta property=\"og:url\" content=\"https:\/\/infoliquidationrecycle.com\/en\/computer-electronic-recycling-in-pointe-aux-trembles\/\" \/>\n<meta property=\"og:site_name\" content=\"Info Liquidation Recycle\" \/>\n<meta property=\"article:publisher\" content=\"https:\/\/www.facebook.com\/InfoLiquidationRecycle\/\" \/>\n<meta property=\"article:modified_time\" content=\"2022-09-13T20:25:06+00:00\" \/>\n<meta property=\"og:image\" content=\"https:\/\/infoliquidationrecycle.com\/wp-content\/uploads\/2022\/05\/ordinateur-03.jpg\" \/>\n\t<meta property=\"og:image:width\" content=\"1920\" \/>\n\t<meta property=\"og:image:height\" content=\"1281\" \/>\n\t<meta property=\"og:image:type\" content=\"image\/jpeg\" \/>\n<meta name=\"twitter:card\" content=\"summary_large_image\" \/>\n<meta name=\"twitter:label1\" content=\"Est. reading time\" \/>\n\t<meta name=\"twitter:data1\" content=\"8 minutes\" \/>\n<script type=\"application\/ld+json\" class=\"yoast-schema-graph\">{\"@context\":\"https:\/\/schema.org\",\"@graph\":[{\"@type\":\"WebPage\",\"@id\":\"https:\/\/infoliquidationrecycle.com\/en\/computer-electronic-recycling-in-pointe-aux-trembles\/\",\"url\":\"https:\/\/infoliquidationrecycle.com\/en\/computer-electronic-recycling-in-pointe-aux-trembles\/\",\"name\":\"Computer &amp; electronic recycling in Pointe-aux-Trembles - Info Liquidation Recycle\",\"isPartOf\":{\"@id\":\"https:\/\/infoliquidationrecycle.com\/en\/#website\"},\"primaryImageOfPage\":{\"@id\":\"https:\/\/infoliquidationrecycle.com\/en\/computer-electronic-recycling-in-pointe-aux-trembles\/#primaryimage\"},\"image\":{\"@id\":\"https:\/\/infoliquidationrecycle.com\/en\/computer-electronic-recycling-in-pointe-aux-trembles\/#primaryimage\"},\"thumbnailUrl\":\"https:\/\/infoliquidationrecycle.com\/wp-content\/uploads\/2022\/05\/ordinateur-03.jpg\",\"datePublished\":\"2022-09-13T20:25:03+00:00\",\"dateModified\":\"2022-09-13T20:25:06+00:00\",\"description\":\"Computer & electronic recycling in Pointe-aux-Trembles\",\"breadcrumb\":{\"@id\":\"https:\/\/infoliquidationrecycle.com\/en\/computer-electronic-recycling-in-pointe-aux-trembles\/#breadcrumb\"},\"inLanguage\":\"en-CA\",\"potentialAction\":[{\"@type\":\"ReadAction\",\"target\":[\"https:\/\/infoliquidationrecycle.com\/en\/computer-electronic-recycling-in-pointe-aux-trembles\/\"]}]},{\"@type\":\"ImageObject\",\"inLanguage\":\"en-CA\",\"@id\":\"https:\/\/infoliquidationrecycle.com\/en\/computer-electronic-recycling-in-pointe-aux-trembles\/#primaryimage\",\"url\":\"https:\/\/infoliquidationrecycle.com\/wp-content\/uploads\/2022\/05\/ordinateur-03.jpg\",\"contentUrl\":\"https:\/\/infoliquidationrecycle.com\/wp-content\/uploads\/2022\/05\/ordinateur-03.jpg\",\"width\":1920,\"height\":1281,\"caption\":\"Close-up of male hands using laptop in home.\"},{\"@type\":\"BreadcrumbList\",\"@id\":\"https:\/\/infoliquidationrecycle.com\/en\/computer-electronic-recycling-in-pointe-aux-trembles\/#breadcrumb\",\"itemListElement\":[{\"@type\":\"ListItem\",\"position\":1,\"name\":\"Accueil\",\"item\":\"https:\/\/infoliquidationrecycle.com\/en\/home-2\/\"},{\"@type\":\"ListItem\",\"position\":2,\"name\":\"Computer &amp; electronic recycling in Pointe-aux-Trembles\"}]},{\"@type\":\"WebSite\",\"@id\":\"https:\/\/infoliquidationrecycle.com\/en\/#website\",\"url\":\"https:\/\/infoliquidationrecycle.com\/en\/\",\"name\":\"Info Liquidation Recycle ramassage de mati\u00e8res et d\u00e9chets recyclables\",\"description\":\"Recyclage et ramassage informatique et \u00e9l\u00e9ctronique, \u00e0 Laval, Montr\u00e9al.\",\"publisher\":{\"@id\":\"https:\/\/infoliquidationrecycle.com\/en\/#organization\"},\"potentialAction\":[{\"@type\":\"SearchAction\",\"target\":{\"@type\":\"EntryPoint\",\"urlTemplate\":\"https:\/\/infoliquidationrecycle.com\/en\/?s={search_term_string}\"},\"query-input\":{\"@type\":\"PropertyValueSpecification\",\"valueRequired\":true,\"valueName\":\"search_term_string\"}}],\"inLanguage\":\"en-CA\"},{\"@type\":\"Organization\",\"@id\":\"https:\/\/infoliquidationrecycle.com\/en\/#organization\",\"name\":\"Info Liquidation Recycle ramassage de mati\u00e8res et d\u00e9chets recyclables - Laval, Montr\u00e9al\",\"url\":\"https:\/\/infoliquidationrecycle.com\/en\/\",\"logo\":{\"@type\":\"ImageObject\",\"inLanguage\":\"en-CA\",\"@id\":\"https:\/\/infoliquidationrecycle.com\/en\/#\/schema\/logo\/image\/\",\"url\":\"https:\/\/i0.wp.com\/infoliquidationrecycle.com\/wp-content\/uploads\/2020\/09\/logo.png?fit=338%2C80&ssl=1\",\"contentUrl\":\"https:\/\/i0.wp.com\/infoliquidationrecycle.com\/wp-content\/uploads\/2020\/09\/logo.png?fit=338%2C80&ssl=1\",\"width\":338,\"height\":80,\"caption\":\"Info Liquidation Recycle ramassage de mati\u00e8res et d\u00e9chets recyclables - Laval, Montr\u00e9al\"},\"image\":{\"@id\":\"https:\/\/infoliquidationrecycle.com\/en\/#\/schema\/logo\/image\/\"},\"sameAs\":[\"https:\/\/www.facebook.com\/InfoLiquidationRecycle\/\"]}]}<\/script>\n<!-- \/ Yoast SEO plugin. -->","yoast_head_json":{"title":"Computer &amp; electronic recycling in Pointe-aux-Trembles - Info Liquidation Recycle","description":"Computer & electronic recycling in Pointe-aux-Trembles","robots":{"index":"index","follow":"follow","max-snippet":"max-snippet:-1","max-image-preview":"max-image-preview:large","max-video-preview":"max-video-preview:-1"},"canonical":"https:\/\/infoliquidationrecycle.com\/en\/computer-electronic-recycling-in-pointe-aux-trembles\/","og_locale":"en_US","og_type":"article","og_title":"Computer &amp; electronic recycling in Pointe-aux-Trembles - Info Liquidation Recycle","og_description":"Computer & electronic recycling in Pointe-aux-Trembles","og_url":"https:\/\/infoliquidationrecycle.com\/en\/computer-electronic-recycling-in-pointe-aux-trembles\/","og_site_name":"Info Liquidation Recycle","article_publisher":"https:\/\/www.facebook.com\/InfoLiquidationRecycle\/","article_modified_time":"2022-09-13T20:25:06+00:00","og_image":[{"width":1920,"height":1281,"url":"https:\/\/infoliquidationrecycle.com\/wp-content\/uploads\/2022\/05\/ordinateur-03.jpg","type":"image\/jpeg"}],"twitter_card":"summary_large_image","twitter_misc":{"Est. reading time":"8 minutes"},"schema":{"@context":"https:\/\/schema.org","@graph":[{"@type":"WebPage","@id":"https:\/\/infoliquidationrecycle.com\/en\/computer-electronic-recycling-in-pointe-aux-trembles\/","url":"https:\/\/infoliquidationrecycle.com\/en\/computer-electronic-recycling-in-pointe-aux-trembles\/","name":"Computer &amp; electronic recycling in Pointe-aux-Trembles - Info Liquidation Recycle","isPartOf":{"@id":"https:\/\/infoliquidationrecycle.com\/en\/#website"},"primaryImageOfPage":{"@id":"https:\/\/infoliquidationrecycle.com\/en\/computer-electronic-recycling-in-pointe-aux-trembles\/#primaryimage"},"image":{"@id":"https:\/\/infoliquidationrecycle.com\/en\/computer-electronic-recycling-in-pointe-aux-trembles\/#primaryimage"},"thumbnailUrl":"https:\/\/infoliquidationrecycle.com\/wp-content\/uploads\/2022\/05\/ordinateur-03.jpg","datePublished":"2022-09-13T20:25:03+00:00","dateModified":"2022-09-13T20:25:06+00:00","description":"Computer & electronic recycling in Pointe-aux-Trembles","breadcrumb":{"@id":"https:\/\/infoliquidationrecycle.com\/en\/computer-electronic-recycling-in-pointe-aux-trembles\/#breadcrumb"},"inLanguage":"en-CA","potentialAction":[{"@type":"ReadAction","target":["https:\/\/infoliquidationrecycle.com\/en\/computer-electronic-recycling-in-pointe-aux-trembles\/"]}]},{"@type":"ImageObject","inLanguage":"en-CA","@id":"https:\/\/infoliquidationrecycle.com\/en\/computer-electronic-recycling-in-pointe-aux-trembles\/#primaryimage","url":"https:\/\/infoliquidationrecycle.com\/wp-content\/uploads\/2022\/05\/ordinateur-03.jpg","contentUrl":"https:\/\/infoliquidationrecycle.com\/wp-content\/uploads\/2022\/05\/ordinateur-03.jpg","width":1920,"height":1281,"caption":"Close-up of male hands using laptop in home."},{"@type":"BreadcrumbList","@id":"https:\/\/infoliquidationrecycle.com\/en\/computer-electronic-recycling-in-pointe-aux-trembles\/#breadcrumb","itemListElement":[{"@type":"ListItem","position":1,"name":"Accueil","item":"https:\/\/infoliquidationrecycle.com\/en\/home-2\/"},{"@type":"ListItem","position":2,"name":"Computer &amp; electronic recycling in Pointe-aux-Trembles"}]},{"@type":"WebSite","@id":"https:\/\/infoliquidationrecycle.com\/en\/#website","url":"https:\/\/infoliquidationrecycle.com\/en\/","name":"Info Liquidation Recycle ramassage de mati\u00e8res et d\u00e9chets recyclables","description":"Recyclage et ramassage informatique et \u00e9l\u00e9ctronique, \u00e0 Laval, Montr\u00e9al.","publisher":{"@id":"https:\/\/infoliquidationrecycle.com\/en\/#organization"},"potentialAction":[{"@type":"SearchAction","target":{"@type":"EntryPoint","urlTemplate":"https:\/\/infoliquidationrecycle.com\/en\/?s={search_term_string}"},"query-input":{"@type":"PropertyValueSpecification","valueRequired":true,"valueName":"search_term_string"}}],"inLanguage":"en-CA"},{"@type":"Organization","@id":"https:\/\/infoliquidationrecycle.com\/en\/#organization","name":"Info Liquidation Recycle ramassage de mati\u00e8res et d\u00e9chets recyclables - Laval, Montr\u00e9al","url":"https:\/\/infoliquidationrecycle.com\/en\/","logo":{"@type":"ImageObject","inLanguage":"en-CA","@id":"https:\/\/infoliquidationrecycle.com\/en\/#\/schema\/logo\/image\/","url":"https:\/\/i0.wp.com\/infoliquidationrecycle.com\/wp-content\/uploads\/2020\/09\/logo.png?fit=338%2C80&ssl=1","contentUrl":"https:\/\/i0.wp.com\/infoliquidationrecycle.com\/wp-content\/uploads\/2020\/09\/logo.png?fit=338%2C80&ssl=1","width":338,"height":80,"caption":"Info Liquidation Recycle ramassage de mati\u00e8res et d\u00e9chets recyclables - Laval, Montr\u00e9al"},"image":{"@id":"https:\/\/infoliquidationrecycle.com\/en\/#\/schema\/logo\/image\/"},"sameAs":["https:\/\/www.facebook.com\/InfoLiquidationRecycle\/"]}]}},"_links":{"self":[{"href":"https:\/\/infoliquidationrecycle.com\/en\/wp-json\/wp\/v2\/pages\/205546","targetHints":{"allow":["GET"]}}],"collection":[{"href":"https:\/\/infoliquidationrecycle.com\/en\/wp-json\/wp\/v2\/pages"}],"about":[{"href":"https:\/\/infoliquidationrecycle.com\/en\/wp-json\/wp\/v2\/types\/page"}],"author":[{"embeddable":true,"href":"https:\/\/infoliquidationrecycle.com\/en\/wp-json\/wp\/v2\/users\/1"}],"replies":[{"embeddable":true,"href":"https:\/\/infoliquidationrecycle.com\/en\/wp-json\/wp\/v2\/comments?post=205546"}],"version-history":[{"count":2,"href":"https:\/\/infoliquidationrecycle.com\/en\/wp-json\/wp\/v2\/pages\/205546\/revisions"}],"predecessor-version":[{"id":205556,"href":"https:\/\/infoliquidationrecycle.com\/en\/wp-json\/wp\/v2\/pages\/205546\/revisions\/205556"}],"wp:featuredmedia":[{"embeddable":true,"href":"https:\/\/infoliquidationrecycle.com\/en\/wp-json\/wp\/v2\/media\/190948"}],"wp:attachment":[{"href":"https:\/\/infoliquidationrecycle.com\/en\/wp-json\/wp\/v2\/media?parent=205546"}],"curies":[{"name":"wp","href":"https:\/\/api.w.org\/{rel}","templated":true}]}}