{"id":3891,"date":"2020-12-22T23:03:07","date_gmt":"2020-12-22T22:03:07","guid":{"rendered":"http:\/\/infoliquidation.cassiopea.ca\/recovery-procedure\/"},"modified":"2021-01-07T10:47:12","modified_gmt":"2021-01-07T09:47:12","slug":"recovery-procedure","status":"publish","type":"page","link":"https:\/\/infoliquidationrecycle.com\/en\/recovery-procedure\/","title":{"rendered":"Recovery procedure"},"content":{"rendered":"<p>[et_pb_section fb_built=&#8221;1&#8243; custom_padding_last_edited=&#8221;on|phone&#8221; _builder_version=&#8221;4.7.7&#8243; _module_preset=&#8221;default&#8221; custom_padding=&#8221;300px||100px||false|false&#8221; custom_padding_tablet=&#8221;&#8221; custom_padding_phone=&#8221;15vh||50px||false|false&#8221; locked=&#8221;off&#8221; use_background_color_gradient=&#8221;on&#8221; background_color_gradient_start=&#8221;rgba(0,0,0,0.17)&#8221; background_color_gradient_end=&#8221;rgba(0,0,0,0.17)&#8221; background_color_gradient_overlays_image=&#8221;on&#8221; background_image=&#8221;https:\/\/infoliquidationrecycle.com\/wp-content\/uploads\/2020\/12\/iStock-871715180.jpg&#8221;][et_pb_row _builder_version=&#8221;4.6.6&#8243; _module_preset=&#8221;default&#8221;][et_pb_column type=&#8221;4_4&#8243; _builder_version=&#8221;4.6.6&#8243; _module_preset=&#8221;default&#8221;][et_pb_text _builder_version=&#8221;4.6.6&#8243; _module_preset=&#8221;default&#8221; header_font_size=&#8221;60px&#8221; text_orientation=&#8221;center&#8221; background_layout=&#8221;dark&#8221;]<\/p>\n<h1><span>Recovery procedure<\/span><\/h1>\n<p>[\/et_pb_text][et_pb_button button_url=&#8221;@ET-DC@eyJkeW5hbWljIjp0cnVlLCJjb250ZW50IjoicG9zdF9saW5rX3VybF9wYWdlIiwic2V0dGluZ3MiOnsicG9zdF9pZCI6IjMwMyJ9fQ==@&#8221; button_text=&#8221;Pick-up form&#8221; button_alignment=&#8221;center&#8221; _builder_version=&#8221;4.7.4&#8243; _dynamic_attributes=&#8221;button_url&#8221; _module_preset=&#8221;default&#8221; locked=&#8221;off&#8221;][\/et_pb_button][\/et_pb_column][\/et_pb_row][\/et_pb_section][et_pb_section fb_built=&#8221;1&#8243; _builder_version=&#8221;4.7.4&#8243; _module_preset=&#8221;default&#8221; background_image=&#8221;https:\/\/infoliquidationrecycle.com\/wp-content\/uploads\/2020\/12\/iStock-871715180.png&#8221; parallax=&#8221;on&#8221;][et_pb_row column_structure=&#8221;1_4,1_2,1_4&#8243; use_custom_gutter=&#8221;on&#8221; gutter_width=&#8221;2&#8243; make_equal=&#8221;on&#8221; _builder_version=&#8221;4.7.7&#8243; _module_preset=&#8221;default&#8221; width=&#8221;90%&#8221; width_tablet=&#8221;&#8221; width_phone=&#8221;95%&#8221; width_last_edited=&#8221;on|phone&#8221; max_width=&#8221;100%&#8221; locked=&#8221;off&#8221;][et_pb_column type=&#8221;1_4&#8243; _builder_version=&#8221;4.6.6&#8243; _module_preset=&#8221;default&#8221; background_color=&#8221;#ffffff&#8221; background_image=&#8221;https:\/\/infoliquidationrecycle.com\/wp-content\/uploads\/2020\/09\/ecran-crt-recyclage-recyclable-laval-montreal.jpg&#8221; custom_padding=&#8221;20px|20px|20px|20px|true|true&#8221; custom_padding_last_edited=&#8221;off|desktop&#8221; animation_style=&#8221;slide&#8221; animation_direction=&#8221;left&#8221; hover_transition_duration=&#8221;500ms&#8221; hover_transition_speed_curve=&#8221;ease-in-out&#8221; link_option_url=&#8221;https:\/\/infoliquidationrecycle.com\/en\/pick-up-form\/&#8221; border_radii=&#8221;on|5px|5px|5px|5px&#8221; box_shadow_style=&#8221;preset1&#8243; box_shadow_vertical=&#8221;0px&#8221; box_shadow_blur=&#8221;5px&#8221; custom_padding__hover_enabled=&#8221;on|desktop&#8221; custom_padding__hover=&#8221;0px|0px|0px|0px|true|true&#8221;][et_pb_blurb title=&#8221;CRT screen&#8221; url=&#8221;https:\/\/infoliquidationrecycle.com\/en\/pick-up-form\/&#8221; icon_alignment=&#8221;left&#8221; image_max_width=&#8221;80px&#8221; content_max_width=&#8221;100%&#8221; image_max_width_tablet=&#8221;&#8221; image_max_width_phone=&#8221;100%&#8221; image_max_width_last_edited=&#8221;on|phone&#8221; _builder_version=&#8221;4.7.7&#8243; _module_preset=&#8221;default&#8221; header_level=&#8221;h3&#8243; header_text_color=&#8221;#309033&#8243; header_font_size=&#8221;30px&#8221; body_font=&#8221;|300|||||||&#8221; body_font_size=&#8221;18px&#8221; body_line_height=&#8221;1.2em&#8221; body_link_font=&#8221;|700||on|on||||&#8221; background_color=&#8221;rgba(255,255,255,0.9)&#8221; height=&#8221;100%&#8221; custom_padding=&#8221;40px|40px|40px|40px|true|true&#8221; custom_padding_tablet=&#8221;&#8221; custom_padding_phone=&#8221;20px|20px|20px|20px|true|true&#8221; custom_padding_last_edited=&#8221;on|phone&#8221; hover_transition_duration=&#8221;500ms&#8221; link_option_url=&#8221;https:\/\/infoliquidationrecycle.com\/en\/pick-up-form\/&#8221; border_radii=&#8221;on|5px|5px|5px|5px&#8221; background__hover_enabled=&#8221;on|hover&#8221; background_color__hover=&#8221;#ffffff&#8221; background_enable_color__hover=&#8221;on&#8221; custom_padding__hover_enabled=&#8221;off|desktop&#8221; custom_padding__hover=&#8221;45px|45px|45px|45px|true|true&#8221;]After the dismantling of the shells and electronic cards, the whole thing will be manually separated and sent to different centers to recycle plastic as well as metals. The material will then be melted down to be re-injected into the production industry for different products.<\/p>\n<p><a href=\"https:\/\/infoliquidationrecycle.com\/en\/pick-up-form\/\">Toll-free pickup<\/a>[\/et_pb_blurb][\/et_pb_column][et_pb_column type=&#8221;1_2&#8243; _builder_version=&#8221;4.6.6&#8243; _module_preset=&#8221;default&#8221; background_color=&#8221;#ffffff&#8221; background_image=&#8221;https:\/\/infoliquidationrecycle.com\/wp-content\/uploads\/2020\/10\/ecran-plat-crt-flat-lcd-del-led-plasma-recyclage-recuperation-laval-montreal.jpg&#8221; custom_padding=&#8221;20px|20px|20px|20px|true|true&#8221; animation_style=&#8221;slide&#8221; animation_direction=&#8221;right&#8221; hover_transition_duration=&#8221;500ms&#8221; link_option_url=&#8221;https:\/\/infoliquidationrecycle.com\/en\/pick-up-form\/&#8221; border_radii=&#8221;on|5px|5px|5px|5px&#8221; box_shadow_style=&#8221;preset1&#8243; box_shadow_vertical=&#8221;0px&#8221; box_shadow_blur=&#8221;5px&#8221; custom_padding__hover_enabled=&#8221;on|hover&#8221; custom_padding__hover=&#8221;0px|0px|0px|0px|true|true&#8221;][et_pb_blurb title=&#8221;Standard LCD screen, LED or plasma, everyone finds their way!&#8221; url=&#8221;https:\/\/infoliquidationrecycle.com\/en\/pick-up-form\/&#8221; icon_alignment=&#8221;left&#8221; image_max_width=&#8221;80px&#8221; content_max_width=&#8221;100%&#8221; _builder_version=&#8221;4.7.7&#8243; _module_preset=&#8221;default&#8221; header_level=&#8221;h3&#8243; header_text_color=&#8221;#309033&#8243; header_font_size=&#8221;30px&#8221; body_font=&#8221;|300|||||||&#8221; body_font_size=&#8221;18px&#8221; body_line_height=&#8221;1.2em&#8221; body_link_font=&#8221;|700||on|on||||&#8221; background_color=&#8221;rgba(255,255,255,0.9)&#8221; height=&#8221;100%&#8221; custom_padding=&#8221;40px|40px|40px|40px|true|true&#8221; custom_padding_tablet=&#8221;&#8221; custom_padding_phone=&#8221;20px|20px|20px|20px|true|true&#8221; custom_padding_last_edited=&#8221;on|phone&#8221; hover_transition_duration=&#8221;500ms&#8221; link_option_url=&#8221;https:\/\/infoliquidationrecycle.com\/en\/pick-up-form\/&#8221; border_radii=&#8221;on|5px|5px|5px|5px&#8221; background__hover_enabled=&#8221;on|hover&#8221; background_color__hover=&#8221;#ffffff&#8221; background_enable_color__hover=&#8221;on&#8221; custom_padding__hover_enabled=&#8221;off|desktop&#8221; custom_padding__hover=&#8221;45px|45px|45px|45px|false|true&#8221;]<\/p>\n<h4>We listed them according to their typology<\/h4>\n<p>Indeed, each screen contains distinct components that will justify different treatment solutions. For standard LCD screens with backlight lamp, the main difficulty is to separate fluorescent tubes that contain mercury, an element toxic to humans and the environment. Today, we have not found better solutions to extract and neutralize it, than to do it manually. The fluorescent tubes containing mercury go into a chain dedicated to them. Typically, grinders will separate the glass from the mercury powder so that it can be neutralized and disposed of.<\/p>\n<p><a href=\"https:\/\/infoliquidationrecycle.com\/en\/pick-up-form\/\">Toll-free pickup<\/a>[\/et_pb_blurb][\/et_pb_column][et_pb_column type=&#8221;1_4&#8243; _builder_version=&#8221;4.6.6&#8243; _module_preset=&#8221;default&#8221; background_color=&#8221;#ffffff&#8221; background_image=&#8221;https:\/\/infoliquidationrecycle.com\/wp-content\/uploads\/2020\/09\/ramassage-recyclage-laval-montreal-slide-1.jpg&#8221; custom_padding=&#8221;20px|20px|20px|20px|true|true&#8221; animation_style=&#8221;slide&#8221; animation_direction=&#8221;right&#8221; hover_transition_duration=&#8221;500ms&#8221; link_option_url=&#8221;https:\/\/infoliquidationrecycle.com\/en\/pick-up-form\/&#8221; border_radii=&#8221;on|5px|5px|5px|5px&#8221; box_shadow_style=&#8221;preset1&#8243; box_shadow_vertical=&#8221;0px&#8221; box_shadow_blur=&#8221;5px&#8221; custom_padding__hover_enabled=&#8221;on|hover&#8221; custom_padding__hover=&#8221;0px|0px|0px|0px|true|true&#8221;][et_pb_blurb title=&#8221;Computer components&#8221; url=&#8221;https:\/\/infoliquidationrecycle.com\/en\/pick-up-form\/&#8221; icon_alignment=&#8221;left&#8221; image_max_width=&#8221;80px&#8221; content_max_width=&#8221;100%&#8221; _builder_version=&#8221;4.7.7&#8243; _module_preset=&#8221;default&#8221; header_level=&#8221;h3&#8243; header_text_color=&#8221;#309033&#8243; header_font_size=&#8221;30px&#8221; body_font=&#8221;|300|||||||&#8221; body_font_size=&#8221;18px&#8221; body_line_height=&#8221;1.2em&#8221; body_link_font=&#8221;|700||on|on||||&#8221; background_color=&#8221;rgba(255,255,255,0.9)&#8221; height=&#8221;100%&#8221; custom_padding=&#8221;40px|40px|40px|40px|true|true&#8221; custom_padding_tablet=&#8221;&#8221; custom_padding_phone=&#8221;20px|20px|20px|20px|true|true&#8221; custom_padding_last_edited=&#8221;on|phone&#8221; hover_transition_duration=&#8221;500ms&#8221; link_option_url=&#8221;https:\/\/infoliquidationrecycle.com\/en\/pick-up-form\/&#8221; border_radii=&#8221;on|5px|5px|5px|5px&#8221; background__hover_enabled=&#8221;on|hover&#8221; background_color__hover=&#8221;#ffffff&#8221; background_enable_color__hover=&#8221;on&#8221; custom_padding__hover_enabled=&#8221;off|desktop&#8221; custom_padding__hover=&#8221;45px|45px|45px|45px|false|true&#8221;]Devices are recovered, dismantled, shredded and crushed, manually or using specialized machinery. Valuable fragments are recovered in the form of ferrous, non-ferrous metals, cables, plastics, etc.<\/p>\n<h4>Each type of material to its very specific future<\/h4>\n<p><a href=\"https:\/\/infoliquidationrecycle.com\/en\/pick-up-form\/\">Toll-free pickup<\/a>[\/et_pb_blurb][\/et_pb_column][\/et_pb_row][\/et_pb_section]<\/p>\n","protected":false},"excerpt":{"rendered":"<p>Recovery procedureAfter the dismantling of the shells and electronic cards, the whole thing will be manually separated and sent to different centers to recycle plastic as well as metals. The material will then be melted down to be re-injected into the production industry for different products. Toll-free pickupWe listed them according to their typology Indeed, [&hellip;]<\/p>\n","protected":false},"author":1,"featured_media":0,"parent":0,"menu_order":15,"comment_status":"closed","ping_status":"closed","template":"","meta":{"_et_pb_use_builder":"on","_et_pb_old_content":"","_et_gb_content_width":"","footnotes":""},"class_list":["post-3891","page","type-page","status-publish","hentry"],"yoast_head":"<!-- This site is optimized with the Yoast SEO plugin v26.3 - https:\/\/yoast.com\/wordpress\/plugins\/seo\/ -->\n<title>Recovery procedure - Info Liquidation Recycle<\/title>\n<meta name=\"description\" content=\"Devices are recovered, dismantled, shredded and crushed, manually or using specialized machinery. Valuable fragments are recovered in the form of ferrous, non-ferrous metals, cables, plastics, etc.\" \/>\n<meta name=\"robots\" content=\"index, follow, max-snippet:-1, max-image-preview:large, max-video-preview:-1\" \/>\n<link rel=\"canonical\" href=\"https:\/\/infoliquidationrecycle.com\/en\/recovery-procedure\/\" \/>\n<meta property=\"og:locale\" content=\"en_US\" \/>\n<meta property=\"og:type\" content=\"article\" \/>\n<meta property=\"og:title\" content=\"Recovery procedure - Info Liquidation Recycle\" \/>\n<meta property=\"og:description\" content=\"Devices are recovered, dismantled, shredded and crushed, manually or using specialized machinery. Valuable fragments are recovered in the form of ferrous, non-ferrous metals, cables, plastics, etc.\" \/>\n<meta property=\"og:url\" content=\"https:\/\/infoliquidationrecycle.com\/en\/recovery-procedure\/\" \/>\n<meta property=\"og:site_name\" content=\"Info Liquidation Recycle\" \/>\n<meta property=\"article:publisher\" content=\"https:\/\/www.facebook.com\/InfoLiquidationRecycle\/\" \/>\n<meta property=\"article:modified_time\" content=\"2021-01-07T09:47:12+00:00\" \/>\n<meta name=\"twitter:card\" content=\"summary_large_image\" \/>\n<meta name=\"twitter:label1\" content=\"Est. reading time\" \/>\n\t<meta name=\"twitter:data1\" content=\"5 minutes\" \/>\n<script type=\"application\/ld+json\" class=\"yoast-schema-graph\">{\"@context\":\"https:\/\/schema.org\",\"@graph\":[{\"@type\":\"WebPage\",\"@id\":\"https:\/\/infoliquidationrecycle.com\/en\/recovery-procedure\/\",\"url\":\"https:\/\/infoliquidationrecycle.com\/en\/recovery-procedure\/\",\"name\":\"Recovery procedure - Info Liquidation Recycle\",\"isPartOf\":{\"@id\":\"https:\/\/infoliquidationrecycle.com\/en\/#website\"},\"datePublished\":\"2020-12-22T22:03:07+00:00\",\"dateModified\":\"2021-01-07T09:47:12+00:00\",\"description\":\"Devices are recovered, dismantled, shredded and crushed, manually or using specialized machinery. Valuable fragments are recovered in the form of ferrous, non-ferrous metals, cables, plastics, etc.\",\"breadcrumb\":{\"@id\":\"https:\/\/infoliquidationrecycle.com\/en\/recovery-procedure\/#breadcrumb\"},\"inLanguage\":\"en-CA\",\"potentialAction\":[{\"@type\":\"ReadAction\",\"target\":[\"https:\/\/infoliquidationrecycle.com\/en\/recovery-procedure\/\"]}]},{\"@type\":\"BreadcrumbList\",\"@id\":\"https:\/\/infoliquidationrecycle.com\/en\/recovery-procedure\/#breadcrumb\",\"itemListElement\":[{\"@type\":\"ListItem\",\"position\":1,\"name\":\"Accueil\",\"item\":\"https:\/\/infoliquidationrecycle.com\/en\/home-2\/\"},{\"@type\":\"ListItem\",\"position\":2,\"name\":\"Recovery procedure\"}]},{\"@type\":\"WebSite\",\"@id\":\"https:\/\/infoliquidationrecycle.com\/en\/#website\",\"url\":\"https:\/\/infoliquidationrecycle.com\/en\/\",\"name\":\"Info Liquidation Recycle ramassage de mati\u00e8res et d\u00e9chets recyclables\",\"description\":\"Recyclage et ramassage informatique et \u00e9l\u00e9ctronique, \u00e0 Laval, Montr\u00e9al.\",\"publisher\":{\"@id\":\"https:\/\/infoliquidationrecycle.com\/en\/#organization\"},\"potentialAction\":[{\"@type\":\"SearchAction\",\"target\":{\"@type\":\"EntryPoint\",\"urlTemplate\":\"https:\/\/infoliquidationrecycle.com\/en\/?s={search_term_string}\"},\"query-input\":{\"@type\":\"PropertyValueSpecification\",\"valueRequired\":true,\"valueName\":\"search_term_string\"}}],\"inLanguage\":\"en-CA\"},{\"@type\":\"Organization\",\"@id\":\"https:\/\/infoliquidationrecycle.com\/en\/#organization\",\"name\":\"Info Liquidation Recycle ramassage de mati\u00e8res et d\u00e9chets recyclables - Laval, Montr\u00e9al\",\"url\":\"https:\/\/infoliquidationrecycle.com\/en\/\",\"logo\":{\"@type\":\"ImageObject\",\"inLanguage\":\"en-CA\",\"@id\":\"https:\/\/infoliquidationrecycle.com\/en\/#\/schema\/logo\/image\/\",\"url\":\"https:\/\/i0.wp.com\/infoliquidationrecycle.com\/wp-content\/uploads\/2020\/09\/logo.png?fit=338%2C80&ssl=1\",\"contentUrl\":\"https:\/\/i0.wp.com\/infoliquidationrecycle.com\/wp-content\/uploads\/2020\/09\/logo.png?fit=338%2C80&ssl=1\",\"width\":338,\"height\":80,\"caption\":\"Info Liquidation Recycle ramassage de mati\u00e8res et d\u00e9chets recyclables - Laval, Montr\u00e9al\"},\"image\":{\"@id\":\"https:\/\/infoliquidationrecycle.com\/en\/#\/schema\/logo\/image\/\"},\"sameAs\":[\"https:\/\/www.facebook.com\/InfoLiquidationRecycle\/\"]}]}<\/script>\n<!-- \/ Yoast SEO plugin. -->","yoast_head_json":{"title":"Recovery procedure - Info Liquidation Recycle","description":"Devices are recovered, dismantled, shredded and crushed, manually or using specialized machinery. Valuable fragments are recovered in the form of ferrous, non-ferrous metals, cables, plastics, etc.","robots":{"index":"index","follow":"follow","max-snippet":"max-snippet:-1","max-image-preview":"max-image-preview:large","max-video-preview":"max-video-preview:-1"},"canonical":"https:\/\/infoliquidationrecycle.com\/en\/recovery-procedure\/","og_locale":"en_US","og_type":"article","og_title":"Recovery procedure - Info Liquidation Recycle","og_description":"Devices are recovered, dismantled, shredded and crushed, manually or using specialized machinery. Valuable fragments are recovered in the form of ferrous, non-ferrous metals, cables, plastics, etc.","og_url":"https:\/\/infoliquidationrecycle.com\/en\/recovery-procedure\/","og_site_name":"Info Liquidation Recycle","article_publisher":"https:\/\/www.facebook.com\/InfoLiquidationRecycle\/","article_modified_time":"2021-01-07T09:47:12+00:00","twitter_card":"summary_large_image","twitter_misc":{"Est. reading time":"5 minutes"},"schema":{"@context":"https:\/\/schema.org","@graph":[{"@type":"WebPage","@id":"https:\/\/infoliquidationrecycle.com\/en\/recovery-procedure\/","url":"https:\/\/infoliquidationrecycle.com\/en\/recovery-procedure\/","name":"Recovery procedure - Info Liquidation Recycle","isPartOf":{"@id":"https:\/\/infoliquidationrecycle.com\/en\/#website"},"datePublished":"2020-12-22T22:03:07+00:00","dateModified":"2021-01-07T09:47:12+00:00","description":"Devices are recovered, dismantled, shredded and crushed, manually or using specialized machinery. Valuable fragments are recovered in the form of ferrous, non-ferrous metals, cables, plastics, etc.","breadcrumb":{"@id":"https:\/\/infoliquidationrecycle.com\/en\/recovery-procedure\/#breadcrumb"},"inLanguage":"en-CA","potentialAction":[{"@type":"ReadAction","target":["https:\/\/infoliquidationrecycle.com\/en\/recovery-procedure\/"]}]},{"@type":"BreadcrumbList","@id":"https:\/\/infoliquidationrecycle.com\/en\/recovery-procedure\/#breadcrumb","itemListElement":[{"@type":"ListItem","position":1,"name":"Accueil","item":"https:\/\/infoliquidationrecycle.com\/en\/home-2\/"},{"@type":"ListItem","position":2,"name":"Recovery procedure"}]},{"@type":"WebSite","@id":"https:\/\/infoliquidationrecycle.com\/en\/#website","url":"https:\/\/infoliquidationrecycle.com\/en\/","name":"Info Liquidation Recycle ramassage de mati\u00e8res et d\u00e9chets recyclables","description":"Recyclage et ramassage informatique et \u00e9l\u00e9ctronique, \u00e0 Laval, Montr\u00e9al.","publisher":{"@id":"https:\/\/infoliquidationrecycle.com\/en\/#organization"},"potentialAction":[{"@type":"SearchAction","target":{"@type":"EntryPoint","urlTemplate":"https:\/\/infoliquidationrecycle.com\/en\/?s={search_term_string}"},"query-input":{"@type":"PropertyValueSpecification","valueRequired":true,"valueName":"search_term_string"}}],"inLanguage":"en-CA"},{"@type":"Organization","@id":"https:\/\/infoliquidationrecycle.com\/en\/#organization","name":"Info Liquidation Recycle ramassage de mati\u00e8res et d\u00e9chets recyclables - Laval, Montr\u00e9al","url":"https:\/\/infoliquidationrecycle.com\/en\/","logo":{"@type":"ImageObject","inLanguage":"en-CA","@id":"https:\/\/infoliquidationrecycle.com\/en\/#\/schema\/logo\/image\/","url":"https:\/\/i0.wp.com\/infoliquidationrecycle.com\/wp-content\/uploads\/2020\/09\/logo.png?fit=338%2C80&ssl=1","contentUrl":"https:\/\/i0.wp.com\/infoliquidationrecycle.com\/wp-content\/uploads\/2020\/09\/logo.png?fit=338%2C80&ssl=1","width":338,"height":80,"caption":"Info Liquidation Recycle ramassage de mati\u00e8res et d\u00e9chets recyclables - Laval, Montr\u00e9al"},"image":{"@id":"https:\/\/infoliquidationrecycle.com\/en\/#\/schema\/logo\/image\/"},"sameAs":["https:\/\/www.facebook.com\/InfoLiquidationRecycle\/"]}]}},"_links":{"self":[{"href":"https:\/\/infoliquidationrecycle.com\/en\/wp-json\/wp\/v2\/pages\/3891","targetHints":{"allow":["GET"]}}],"collection":[{"href":"https:\/\/infoliquidationrecycle.com\/en\/wp-json\/wp\/v2\/pages"}],"about":[{"href":"https:\/\/infoliquidationrecycle.com\/en\/wp-json\/wp\/v2\/types\/page"}],"author":[{"embeddable":true,"href":"https:\/\/infoliquidationrecycle.com\/en\/wp-json\/wp\/v2\/users\/1"}],"replies":[{"embeddable":true,"href":"https:\/\/infoliquidationrecycle.com\/en\/wp-json\/wp\/v2\/comments?post=3891"}],"version-history":[{"count":0,"href":"https:\/\/infoliquidationrecycle.com\/en\/wp-json\/wp\/v2\/pages\/3891\/revisions"}],"wp:attachment":[{"href":"https:\/\/infoliquidationrecycle.com\/en\/wp-json\/wp\/v2\/media?parent=3891"}],"curies":[{"name":"wp","href":"https:\/\/api.w.org\/{rel}","templated":true}]}}