{"id":3900,"date":"2020-12-22T23:12:13","date_gmt":"2020-12-22T22:12:13","guid":{"rendered":"http:\/\/infoliquidation.cassiopea.ca\/recycling-cell-phones-and-tablets\/"},"modified":"2023-01-23T11:28:03","modified_gmt":"2023-01-23T16:28:03","slug":"recycling-cell","status":"publish","type":"page","link":"https:\/\/infoliquidationrecycle.com\/en\/recycling-cell\/","title":{"rendered":"Recycling and pick-up of cell phones and tablets"},"content":{"rendered":"<p>[et_pb_section fb_built=&#8221;1&#8243; _builder_version=&#8221;4.16&#8243; _module_preset=&#8221;default&#8221; use_background_color_gradient=&#8221;on&#8221; background_color_gradient_stops=&#8221;rgba(0,0,0,0.17) 0%|rgba(0,0,0,0.17) 100%&#8221; background_color_gradient_overlays_image=&#8221;on&#8221; background_color_gradient_start=&#8221;rgba(0,0,0,0.17)&#8221; background_color_gradient_end=&#8221;rgba(0,0,0,0.17)&#8221; background_image=&#8221;https:\/\/infoliquidationrecycle.com\/wp-content\/uploads\/2020\/11\/ecrans-recyclage-composantes-electroniques-lcd-led-crt-plasma-laval-montreal.jpg&#8221; custom_padding=&#8221;300px||100px||false|false&#8221; locked=&#8221;off&#8221; global_colors_info=&#8221;{}&#8221;][et_pb_row _builder_version=&#8221;4.17.3&#8243; _module_preset=&#8221;default&#8221; global_colors_info=&#8221;{}&#8221;][et_pb_column type=&#8221;4_4&#8243; _builder_version=&#8221;4.16&#8243; _module_preset=&#8221;default&#8221; global_colors_info=&#8221;{}&#8221;][et_pb_text _builder_version=&#8221;4.16&#8243; _dynamic_attributes=&#8221;content&#8221; _module_preset=&#8221;default&#8221; header_font_size=&#8221;60px&#8221; text_orientation=&#8221;center&#8221; background_layout=&#8221;dark&#8221; global_colors_info=&#8221;{}&#8221;]@ET-DC@eyJkeW5hbWljIjp0cnVlLCJjb250ZW50IjoicG9zdF90aXRsZSIsInNldHRpbmdzIjp7ImJlZm9yZSI6IjxoMT4iLCJhZnRlciI6IjwvaDE+In19@[\/et_pb_text][et_pb_button button_url=&#8221;@ET-DC@eyJkeW5hbWljIjp0cnVlLCJjb250ZW50IjoicG9zdF9saW5rX3VybF9wYWdlIiwic2V0dGluZ3MiOnsicG9zdF9pZCI6IjMwMyJ9fQ==@&#8221; button_text=&#8221;Pick-up form&#8221; button_alignment=&#8221;center&#8221; _builder_version=&#8221;4.16&#8243; _dynamic_attributes=&#8221;button_url&#8221; _module_preset=&#8221;default&#8221; locked=&#8221;off&#8221; global_colors_info=&#8221;{}&#8221;][\/et_pb_button][\/et_pb_column][\/et_pb_row][\/et_pb_section][et_pb_section fb_built=&#8221;1&#8243; admin_label=&#8221;Section&#8221; _builder_version=&#8221;4.16&#8243; _module_preset=&#8221;default&#8221; background_color=&#8221;#f7f7f7&#8243; background_image=&#8221;https:\/\/infoliquidationrecycle.com\/wp-content\/uploads\/2020\/12\/electronic-devices-with-recycling-symbol-on-screen.png&#8221; parallax=&#8221;on&#8221; custom_padding=&#8221;5%||5%||true|false&#8221; locked=&#8221;off&#8221; global_colors_info=&#8221;{}&#8221;][et_pb_row _builder_version=&#8221;4.16&#8243; _module_preset=&#8221;default&#8221; locked=&#8221;off&#8221; global_colors_info=&#8221;{}&#8221;][et_pb_column type=&#8221;4_4&#8243; _builder_version=&#8221;4.16&#8243; _module_preset=&#8221;default&#8221; global_colors_info=&#8221;{}&#8221;][et_pb_image src=&#8221;https:\/\/infoliquidationrecycle.com\/wp-content\/uploads\/2020\/11\/icon_info_liquidation.png&#8221; title_text=&#8221;icon_info_liquidation&#8221; show_bottom_space=&#8221;off&#8221; align=&#8221;center&#8221; _builder_version=&#8221;4.16&#8243; _module_preset=&#8221;default&#8221; width=&#8221;60px&#8221; custom_margin=&#8221;||30px||false|false&#8221; global_colors_info=&#8221;{}&#8221;][\/et_pb_image][et_pb_text _builder_version=&#8221;4.16&#8243; _module_preset=&#8221;default&#8221; text_font=&#8221;|300|||||||&#8221; text_text_color=&#8221;#309033&#8243; text_font_size=&#8221;20px&#8221; header_2_font=&#8221;|||on|||||&#8221; header_2_font_size=&#8221;50px&#8221; header_2_line_height=&#8221;1.4em&#8221; text_orientation=&#8221;center&#8221; global_colors_info=&#8221;{}&#8221;]<\/p>\n<p>Are your electronic and computer hardware on the end, and you&#8217;re looking for an environmentally friendly way to get rid of them? Recycling is definitely the healthiest and cleanest option of our time. It helps <strong>to combat waste,<\/strong>but it also comes with many economic and environmental benefits. You help create jobs and clean up your environment. Whether it&#8217;s for personal needs or for the needs of your business, choosing the services of a <strong>recycling <\/strong>company is the best option.<\/p>\n<p>[\/et_pb_text][\/et_pb_column][\/et_pb_row][et_pb_row column_structure=&#8221;1_3,1_3,1_3&#8243; _builder_version=&#8221;4.16&#8243; _module_preset=&#8221;default&#8221; global_colors_info=&#8221;{}&#8221;][et_pb_column type=&#8221;1_3&#8243; _builder_version=&#8221;4.16&#8243; _module_preset=&#8221;default&#8221; global_colors_info=&#8221;{}&#8221;][et_pb_button button_url=&#8221;@ET-DC@eyJkeW5hbWljIjp0cnVlLCJjb250ZW50IjoicG9zdF9saW5rX3VybF9wYWdlIiwic2V0dGluZ3MiOnsicG9zdF9pZCI6IjI5ODEifX0=@&#8221; button_text=&#8221;Montreal&#8221; button_alignment=&#8221;center&#8221; _builder_version=&#8221;4.16&#8243; _dynamic_attributes=&#8221;button_url&#8221; _module_preset=&#8221;default&#8221; global_colors_info=&#8221;{}&#8221;][\/et_pb_button][\/et_pb_column][et_pb_column type=&#8221;1_3&#8243; _builder_version=&#8221;4.16&#8243; _module_preset=&#8221;default&#8221; global_colors_info=&#8221;{}&#8221;][et_pb_button button_url=&#8221;@ET-DC@eyJkeW5hbWljIjp0cnVlLCJjb250ZW50IjoicG9zdF9saW5rX3VybF9wYWdlIiwic2V0dGluZ3MiOnsicG9zdF9pZCI6IjI5NjcifX0=@&#8221; button_text=&#8221;North Shore&#8221; button_alignment=&#8221;center&#8221; _builder_version=&#8221;4.16&#8243; _dynamic_attributes=&#8221;button_url&#8221; _module_preset=&#8221;default&#8221; global_colors_info=&#8221;{}&#8221;][\/et_pb_button][\/et_pb_column][et_pb_column type=&#8221;1_3&#8243; _builder_version=&#8221;4.16&#8243; _module_preset=&#8221;default&#8221; global_colors_info=&#8221;{}&#8221;][et_pb_button button_url=&#8221;@ET-DC@eyJkeW5hbWljIjp0cnVlLCJjb250ZW50IjoicG9zdF9saW5rX3VybF9wYWdlIiwic2V0dGluZ3MiOnsicG9zdF9pZCI6IjI5NDgifX0=@&#8221; button_text=&#8221;South Shore&#8221; button_alignment=&#8221;center&#8221; _builder_version=&#8221;4.16&#8243; _dynamic_attributes=&#8221;button_url&#8221; _module_preset=&#8221;default&#8221; global_colors_info=&#8221;{}&#8221;][\/et_pb_button][\/et_pb_column][\/et_pb_row][et_pb_row _builder_version=&#8221;4.16&#8243; _module_preset=&#8221;default&#8221; locked=&#8221;off&#8221; global_colors_info=&#8221;{}&#8221;][et_pb_column type=&#8221;4_4&#8243; _builder_version=&#8221;4.16&#8243; _module_preset=&#8221;default&#8221; global_colors_info=&#8221;{}&#8221;][et_pb_text _builder_version=&#8221;4.16&#8243; _module_preset=&#8221;default&#8221; text_font=&#8221;|300|||||||&#8221; custom_margin=&#8221;||0px||false|false&#8221; custom_padding=&#8221;||0px||false|false&#8221; global_colors_info=&#8221;{}&#8221;]<\/p>\n<h2>Some components of recyclable cell phones<\/h2>\n<p>[\/et_pb_text][et_pb_text _builder_version=&#8221;4.16&#8243; _module_preset=&#8221;default&#8221; text_font=&#8221;|300|||||||&#8221; global_colors_info=&#8221;{}&#8221;]<\/p>\n<p>The tablet and cell phone contain quite special and sometimes expensive materials. Those that are recyclable are: plastic (half), copper (about a quarter), glass (another quarter)&#8230; cobalt (about 4%), silver (about 1%), and mercury, which is quite dangerous.<br \/>  Sustainable development, ecology, and the protection of the planet are directly dependent on your own actions. Once you want to change phones, don&#8217;t throw away the old one. Contact the recycling service closest to you and do good to the planet.<\/p>\n<p>[\/et_pb_text][\/et_pb_column][\/et_pb_row][et_pb_row _builder_version=&#8221;4.16&#8243; _module_preset=&#8221;default&#8221; locked=&#8221;off&#8221; global_colors_info=&#8221;{}&#8221;][et_pb_column type=&#8221;4_4&#8243; _builder_version=&#8221;4.16&#8243; _module_preset=&#8221;default&#8221; global_colors_info=&#8221;{}&#8221;][et_pb_text _builder_version=&#8221;4.16&#8243; _module_preset=&#8221;default&#8221; text_font=&#8221;|300|||||||&#8221; custom_padding=&#8221;||0px||false|false&#8221; global_colors_info=&#8221;{}&#8221;]<\/p>\n<h2>Some good reasons to recycle your old cell phone<\/h2>\n<p>[\/et_pb_text][et_pb_text _builder_version=&#8221;4.16&#8243; _module_preset=&#8221;default&#8221; text_font=&#8221;|300|||||||&#8221; global_colors_info=&#8221;{}&#8221;]<\/p>\n<p>After a while of use, <strong>the old appliances<\/strong> are left at the bottom of the closet in favor of newer model. A model whose design often requires a lot of resources! The cost of the new technology has to be paid. By tapping into resources to make ever more powerful phones, a significant amount of resources is committed when this can be avoided by recycling the old phone. In fact, the <strong>raw materials<\/strong> used for its design are still usable. If you&#8217;re looking for more reasons to have your cell phone recycled, be aware that:<\/p>\n<p>Sustainable development, ecology, and the protection of the planet are directly dependent on your own actions. Once you want to change phones, don&#8217;t throw away the old one. Contact the recycling service closest to you and do good to the planet.<\/p>\n<p>[\/et_pb_text][\/et_pb_column][\/et_pb_row][et_pb_row column_structure=&#8221;1_3,1_3,1_3&#8243; _builder_version=&#8221;4.16&#8243; _module_preset=&#8221;default&#8221; custom_padding=&#8221;||0px|||&#8221; locked=&#8221;off&#8221; global_colors_info=&#8221;{}&#8221;][et_pb_column type=&#8221;1_3&#8243; _builder_version=&#8221;4.16&#8243; _module_preset=&#8221;default&#8221; global_colors_info=&#8221;{}&#8221;][et_pb_text _builder_version=&#8221;4.16&#8243; _module_preset=&#8221;default&#8221; text_font=&#8221;|300|||||||&#8221; text_font_size=&#8221;14px&#8221; global_colors_info=&#8221;{}&#8221;]<\/p>\n<ul>\n<li>Help you slow down resource depletion<\/li>\n<\/ul>\n<p>[\/et_pb_text][\/et_pb_column][et_pb_column type=&#8221;1_3&#8243; _builder_version=&#8221;4.16&#8243; _module_preset=&#8221;default&#8221; global_colors_info=&#8221;{}&#8221;][et_pb_text _builder_version=&#8221;4.16&#8243; _module_preset=&#8221;default&#8221; text_font=&#8221;|300|||||||&#8221; text_font_size=&#8221;14px&#8221; global_colors_info=&#8221;{}&#8221;]<\/p>\n<ul>\n<li>You allow an ordinary individual not to spend fortunes to buy a tablet;<\/li>\n<\/ul>\n<p>[\/et_pb_text][\/et_pb_column][et_pb_column type=&#8221;1_3&#8243; _builder_version=&#8221;4.16&#8243; _module_preset=&#8221;default&#8221; global_colors_info=&#8221;{}&#8221;][et_pb_text _builder_version=&#8221;4.16&#8243; _module_preset=&#8221;default&#8221; text_font=&#8221;|300|||||||&#8221; text_font_size=&#8221;14px&#8221; global_colors_info=&#8221;{}&#8221;]<\/p>\n<ul>\n<li>You help reduce pollution from toxic materials in phones.<\/li>\n<\/ul>\n<p>[\/et_pb_text][\/et_pb_column][\/et_pb_row][et_pb_row _builder_version=&#8221;4.16&#8243; _module_preset=&#8221;default&#8221; locked=&#8221;off&#8221; global_colors_info=&#8221;{}&#8221;][et_pb_column type=&#8221;4_4&#8243; _builder_version=&#8221;4.16&#8243; _module_preset=&#8221;default&#8221; global_colors_info=&#8221;{}&#8221;][et_pb_text _builder_version=&#8221;4.16&#8243; _module_preset=&#8221;default&#8221; text_font=&#8221;|300|||||||&#8221; global_colors_info=&#8221;{}&#8221;]<\/p>\n<p>We cover the Montreal area, the North Shore, and the South Shore.<\/p>\n<p>[\/et_pb_text][\/et_pb_column][\/et_pb_row][et_pb_row _builder_version=&#8221;4.16&#8243; _module_preset=&#8221;default&#8221; background_color=&#8221;#65c05b&#8221; width_tablet=&#8221;&#8221; width_phone=&#8221;95%&#8221; width_last_edited=&#8221;on|phone&#8221; custom_padding=&#8221;20px|20px|20px|20px|true|true&#8221; border_radii=&#8221;on|10px|10px|10px|10px&#8221; locked=&#8221;off&#8221; global_colors_info=&#8221;{}&#8221;][et_pb_column type=&#8221;4_4&#8243; _builder_version=&#8221;4.16&#8243; _module_preset=&#8221;default&#8221; global_colors_info=&#8221;{}&#8221;][et_pb_text _builder_version=&#8221;4.16&#8243; _module_preset=&#8221;default&#8221; text_font=&#8221;|300|||||||&#8221; text_font_size=&#8221;24px&#8221; text_line_height=&#8221;1.4em&#8221; text_orientation=&#8221;center&#8221; background_layout=&#8221;dark&#8221; global_colors_info=&#8221;{}&#8221;]<\/p>\n<p><span>Ville-st-Laurent, Kirkland, Mascouche, St-J\u00e9r\u00f4me, Mascouche, Repentigny, Boucherville, St-Eustache, Longueuil, Boucherville, Lachine, Lasalle, Dorval, C\u00f4te-St-Luc, Dollard-des-Ormeaux, Pointe-Claire, Boisbriand, St-Th\u00e9r\u00e8se,<\/span><\/p>\n<p>[\/et_pb_text][\/et_pb_column][\/et_pb_row][et_pb_row _builder_version=&#8221;4.16&#8243; _module_preset=&#8221;default&#8221; locked=&#8221;off&#8221; global_colors_info=&#8221;{}&#8221;][et_pb_column type=&#8221;4_4&#8243; _builder_version=&#8221;4.16&#8243; _module_preset=&#8221;default&#8221; global_colors_info=&#8221;{}&#8221;][et_pb_button button_url=&#8221;@ET-DC@eyJkeW5hbWljIjp0cnVlLCJjb250ZW50IjoicG9zdF9saW5rX3VybF9wYWdlIiwic2V0dGluZ3MiOnsicG9zdF9pZCI6IjMwMyJ9fQ==@&#8221; button_text=&#8221;Pick-up form&#8221; button_alignment=&#8221;center&#8221; _builder_version=&#8221;4.16&#8243; _dynamic_attributes=&#8221;button_url&#8221; _module_preset=&#8221;default&#8221; global_colors_info=&#8221;{}&#8221;][\/et_pb_button][\/et_pb_column][\/et_pb_row][\/et_pb_section]<\/p>\n","protected":false},"excerpt":{"rendered":"<p>Are your electronic and computer hardware on the end, and you&#8217;re looking for an environmentally friendly way to get rid of them? Recycling is definitely the healthiest and cleanest option of our time. It helps to combat waste,but it also comes with many economic and environmental benefits. You help create jobs and clean up your [&hellip;]<\/p>\n","protected":false},"author":1,"featured_media":0,"parent":0,"menu_order":11,"comment_status":"closed","ping_status":"closed","template":"","meta":{"_et_pb_use_builder":"on","_et_pb_old_content":"","_et_gb_content_width":"","footnotes":""},"class_list":["post-3900","page","type-page","status-publish","hentry"],"yoast_head":"<!-- This site is optimized with the Yoast SEO plugin v26.3 - https:\/\/yoast.com\/wordpress\/plugins\/seo\/ -->\n<title>Recycling and pick-up of cell phones and tablets - Info Liquidation Recycle<\/title>\n<meta name=\"description\" content=\"Recycling and pick-up of cell phones and\" \/>\n<meta name=\"robots\" content=\"index, follow, max-snippet:-1, max-image-preview:large, max-video-preview:-1\" \/>\n<link rel=\"canonical\" href=\"https:\/\/infoliquidationrecycle.com\/en\/recycling-cell\/\" \/>\n<meta property=\"og:locale\" content=\"en_US\" \/>\n<meta property=\"og:type\" content=\"article\" \/>\n<meta property=\"og:title\" content=\"Recycling and pick-up of cell phones and tablets - Info Liquidation Recycle\" \/>\n<meta property=\"og:description\" content=\"Recycling and pick-up of cell phones and\" \/>\n<meta property=\"og:url\" content=\"https:\/\/infoliquidationrecycle.com\/en\/recycling-cell\/\" \/>\n<meta property=\"og:site_name\" content=\"Info Liquidation Recycle\" \/>\n<meta property=\"article:publisher\" content=\"https:\/\/www.facebook.com\/InfoLiquidationRecycle\/\" \/>\n<meta property=\"article:modified_time\" content=\"2023-01-23T16:28:03+00:00\" \/>\n<meta name=\"twitter:card\" content=\"summary_large_image\" \/>\n<meta name=\"twitter:label1\" content=\"Est. reading time\" \/>\n\t<meta name=\"twitter:data1\" content=\"4 minutes\" \/>\n<script type=\"application\/ld+json\" class=\"yoast-schema-graph\">{\"@context\":\"https:\/\/schema.org\",\"@graph\":[{\"@type\":\"WebPage\",\"@id\":\"https:\/\/infoliquidationrecycle.com\/en\/recycling-cell\/\",\"url\":\"https:\/\/infoliquidationrecycle.com\/en\/recycling-cell\/\",\"name\":\"Recycling and pick-up of cell phones and tablets - Info Liquidation Recycle\",\"isPartOf\":{\"@id\":\"https:\/\/infoliquidationrecycle.com\/en\/#website\"},\"datePublished\":\"2020-12-22T22:12:13+00:00\",\"dateModified\":\"2023-01-23T16:28:03+00:00\",\"description\":\"Recycling and pick-up of cell phones and\",\"breadcrumb\":{\"@id\":\"https:\/\/infoliquidationrecycle.com\/en\/recycling-cell\/#breadcrumb\"},\"inLanguage\":\"en-CA\",\"potentialAction\":[{\"@type\":\"ReadAction\",\"target\":[\"https:\/\/infoliquidationrecycle.com\/en\/recycling-cell\/\"]}]},{\"@type\":\"BreadcrumbList\",\"@id\":\"https:\/\/infoliquidationrecycle.com\/en\/recycling-cell\/#breadcrumb\",\"itemListElement\":[{\"@type\":\"ListItem\",\"position\":1,\"name\":\"Accueil\",\"item\":\"https:\/\/infoliquidationrecycle.com\/en\/home-2\/\"},{\"@type\":\"ListItem\",\"position\":2,\"name\":\"Recycling and pick-up of cell phones and tablets\"}]},{\"@type\":\"WebSite\",\"@id\":\"https:\/\/infoliquidationrecycle.com\/en\/#website\",\"url\":\"https:\/\/infoliquidationrecycle.com\/en\/\",\"name\":\"Info Liquidation Recycle ramassage de mati\u00e8res et d\u00e9chets recyclables\",\"description\":\"Recyclage et ramassage informatique et \u00e9l\u00e9ctronique, \u00e0 Laval, Montr\u00e9al.\",\"publisher\":{\"@id\":\"https:\/\/infoliquidationrecycle.com\/en\/#organization\"},\"potentialAction\":[{\"@type\":\"SearchAction\",\"target\":{\"@type\":\"EntryPoint\",\"urlTemplate\":\"https:\/\/infoliquidationrecycle.com\/en\/?s={search_term_string}\"},\"query-input\":{\"@type\":\"PropertyValueSpecification\",\"valueRequired\":true,\"valueName\":\"search_term_string\"}}],\"inLanguage\":\"en-CA\"},{\"@type\":\"Organization\",\"@id\":\"https:\/\/infoliquidationrecycle.com\/en\/#organization\",\"name\":\"Info Liquidation Recycle ramassage de mati\u00e8res et d\u00e9chets recyclables - Laval, Montr\u00e9al\",\"url\":\"https:\/\/infoliquidationrecycle.com\/en\/\",\"logo\":{\"@type\":\"ImageObject\",\"inLanguage\":\"en-CA\",\"@id\":\"https:\/\/infoliquidationrecycle.com\/en\/#\/schema\/logo\/image\/\",\"url\":\"https:\/\/i0.wp.com\/infoliquidationrecycle.com\/wp-content\/uploads\/2020\/09\/logo.png?fit=338%2C80&ssl=1\",\"contentUrl\":\"https:\/\/i0.wp.com\/infoliquidationrecycle.com\/wp-content\/uploads\/2020\/09\/logo.png?fit=338%2C80&ssl=1\",\"width\":338,\"height\":80,\"caption\":\"Info Liquidation Recycle ramassage de mati\u00e8res et d\u00e9chets recyclables - Laval, Montr\u00e9al\"},\"image\":{\"@id\":\"https:\/\/infoliquidationrecycle.com\/en\/#\/schema\/logo\/image\/\"},\"sameAs\":[\"https:\/\/www.facebook.com\/InfoLiquidationRecycle\/\"]}]}<\/script>\n<!-- \/ Yoast SEO plugin. -->","yoast_head_json":{"title":"Recycling and pick-up of cell phones and tablets - Info Liquidation Recycle","description":"Recycling and pick-up of cell phones and","robots":{"index":"index","follow":"follow","max-snippet":"max-snippet:-1","max-image-preview":"max-image-preview:large","max-video-preview":"max-video-preview:-1"},"canonical":"https:\/\/infoliquidationrecycle.com\/en\/recycling-cell\/","og_locale":"en_US","og_type":"article","og_title":"Recycling and pick-up of cell phones and tablets - Info Liquidation Recycle","og_description":"Recycling and pick-up of cell phones and","og_url":"https:\/\/infoliquidationrecycle.com\/en\/recycling-cell\/","og_site_name":"Info Liquidation Recycle","article_publisher":"https:\/\/www.facebook.com\/InfoLiquidationRecycle\/","article_modified_time":"2023-01-23T16:28:03+00:00","twitter_card":"summary_large_image","twitter_misc":{"Est. reading time":"4 minutes"},"schema":{"@context":"https:\/\/schema.org","@graph":[{"@type":"WebPage","@id":"https:\/\/infoliquidationrecycle.com\/en\/recycling-cell\/","url":"https:\/\/infoliquidationrecycle.com\/en\/recycling-cell\/","name":"Recycling and pick-up of cell phones and tablets - Info Liquidation Recycle","isPartOf":{"@id":"https:\/\/infoliquidationrecycle.com\/en\/#website"},"datePublished":"2020-12-22T22:12:13+00:00","dateModified":"2023-01-23T16:28:03+00:00","description":"Recycling and pick-up of cell phones and","breadcrumb":{"@id":"https:\/\/infoliquidationrecycle.com\/en\/recycling-cell\/#breadcrumb"},"inLanguage":"en-CA","potentialAction":[{"@type":"ReadAction","target":["https:\/\/infoliquidationrecycle.com\/en\/recycling-cell\/"]}]},{"@type":"BreadcrumbList","@id":"https:\/\/infoliquidationrecycle.com\/en\/recycling-cell\/#breadcrumb","itemListElement":[{"@type":"ListItem","position":1,"name":"Accueil","item":"https:\/\/infoliquidationrecycle.com\/en\/home-2\/"},{"@type":"ListItem","position":2,"name":"Recycling and pick-up of cell phones and tablets"}]},{"@type":"WebSite","@id":"https:\/\/infoliquidationrecycle.com\/en\/#website","url":"https:\/\/infoliquidationrecycle.com\/en\/","name":"Info Liquidation Recycle ramassage de mati\u00e8res et d\u00e9chets recyclables","description":"Recyclage et ramassage informatique et \u00e9l\u00e9ctronique, \u00e0 Laval, Montr\u00e9al.","publisher":{"@id":"https:\/\/infoliquidationrecycle.com\/en\/#organization"},"potentialAction":[{"@type":"SearchAction","target":{"@type":"EntryPoint","urlTemplate":"https:\/\/infoliquidationrecycle.com\/en\/?s={search_term_string}"},"query-input":{"@type":"PropertyValueSpecification","valueRequired":true,"valueName":"search_term_string"}}],"inLanguage":"en-CA"},{"@type":"Organization","@id":"https:\/\/infoliquidationrecycle.com\/en\/#organization","name":"Info Liquidation Recycle ramassage de mati\u00e8res et d\u00e9chets recyclables - Laval, Montr\u00e9al","url":"https:\/\/infoliquidationrecycle.com\/en\/","logo":{"@type":"ImageObject","inLanguage":"en-CA","@id":"https:\/\/infoliquidationrecycle.com\/en\/#\/schema\/logo\/image\/","url":"https:\/\/i0.wp.com\/infoliquidationrecycle.com\/wp-content\/uploads\/2020\/09\/logo.png?fit=338%2C80&ssl=1","contentUrl":"https:\/\/i0.wp.com\/infoliquidationrecycle.com\/wp-content\/uploads\/2020\/09\/logo.png?fit=338%2C80&ssl=1","width":338,"height":80,"caption":"Info Liquidation Recycle ramassage de mati\u00e8res et d\u00e9chets recyclables - Laval, Montr\u00e9al"},"image":{"@id":"https:\/\/infoliquidationrecycle.com\/en\/#\/schema\/logo\/image\/"},"sameAs":["https:\/\/www.facebook.com\/InfoLiquidationRecycle\/"]}]}},"_links":{"self":[{"href":"https:\/\/infoliquidationrecycle.com\/en\/wp-json\/wp\/v2\/pages\/3900","targetHints":{"allow":["GET"]}}],"collection":[{"href":"https:\/\/infoliquidationrecycle.com\/en\/wp-json\/wp\/v2\/pages"}],"about":[{"href":"https:\/\/infoliquidationrecycle.com\/en\/wp-json\/wp\/v2\/types\/page"}],"author":[{"embeddable":true,"href":"https:\/\/infoliquidationrecycle.com\/en\/wp-json\/wp\/v2\/users\/1"}],"replies":[{"embeddable":true,"href":"https:\/\/infoliquidationrecycle.com\/en\/wp-json\/wp\/v2\/comments?post=3900"}],"version-history":[{"count":4,"href":"https:\/\/infoliquidationrecycle.com\/en\/wp-json\/wp\/v2\/pages\/3900\/revisions"}],"predecessor-version":[{"id":210131,"href":"https:\/\/infoliquidationrecycle.com\/en\/wp-json\/wp\/v2\/pages\/3900\/revisions\/210131"}],"wp:attachment":[{"href":"https:\/\/infoliquidationrecycle.com\/en\/wp-json\/wp\/v2\/media?parent=3900"}],"curies":[{"name":"wp","href":"https:\/\/api.w.org\/{rel}","templated":true}]}}