{"id":3927,"date":"2020-12-22T23:25:59","date_gmt":"2020-12-22T22:25:59","guid":{"rendered":"http:\/\/infoliquidation.cassiopea.ca\/computer-and-laptop-recycling\/recycling-computer-and-laptop-south-shore\/"},"modified":"2021-01-07T11:17:05","modified_gmt":"2021-01-07T10:17:05","slug":"recycling-computer-and-laptop-south-shore","status":"publish","type":"page","link":"https:\/\/infoliquidationrecycle.com\/en\/computer-recycling-2\/recycling-computer-and-laptop-south-shore\/","title":{"rendered":"Recycling computer and laptop South Shore"},"content":{"rendered":"<p>[et_pb_section fb_built=&#8221;1&#8243; _builder_version=&#8221;4.7.4&#8243; _module_preset=&#8221;default&#8221; custom_padding=&#8221;300px||100px||false|false&#8221; locked=&#8221;off&#8221; use_background_color_gradient=&#8221;on&#8221; background_color_gradient_start=&#8221;rgba(0,0,0,0.17)&#8221; background_color_gradient_end=&#8221;rgba(0,0,0,0.17)&#8221; background_color_gradient_overlays_image=&#8221;on&#8221; background_image=&#8221;https:\/\/infoliquidationrecycle.com\/wp-content\/uploads\/2020\/11\/ecrans-recyclage-composantes-electroniques-lcd-led-crt-plasma-laval-montreal.jpg&#8221;][et_pb_row _builder_version=&#8221;4.6.6&#8243; _module_preset=&#8221;default&#8221;][et_pb_column type=&#8221;4_4&#8243; _builder_version=&#8221;4.6.6&#8243; _module_preset=&#8221;default&#8221;][et_pb_text _builder_version=&#8221;4.7.4&#8243; _dynamic_attributes=&#8221;content&#8221; _module_preset=&#8221;default&#8221; header_font_size=&#8221;60px&#8221; text_orientation=&#8221;center&#8221; background_layout=&#8221;dark&#8221;]@ET-DC@eyJkeW5hbWljIjp0cnVlLCJjb250ZW50IjoicG9zdF90aXRsZSIsInNldHRpbmdzIjp7ImJlZm9yZSI6IjxoMT4iLCJhZnRlciI6IjwvaDE+In19@[\/et_pb_text][et_pb_text _builder_version=&#8221;4.7.7&#8243; _module_preset=&#8221;default&#8221; text_font=&#8221;|300|||||||&#8221; header_2_font=&#8221;|||on|||||&#8221; header_2_font_size=&#8221;50px&#8221; header_2_line_height=&#8221;1.4em&#8221; text_orientation=&#8221;center&#8221; background_layout=&#8221;dark&#8221; custom_margin=&#8221;||20px||false|false&#8221;]<\/p>\n<p>Every year, nearly <strong>700,000 computers<\/strong>are sold in Quebec City alone. Considering that a Canadian produces an average of 20 kilograms of e-waste and that companies change their computer fleet about every 3 years, there are no less than <strong>170,000 tonnes<\/strong> of electronic waste each year. The situation worsens over time because of equipment producers who continue to flood the market with products that are supposed to bring new products.<\/p>\n<p>[\/et_pb_text][et_pb_button button_url=&#8221;@ET-DC@eyJkeW5hbWljIjp0cnVlLCJjb250ZW50IjoicG9zdF9saW5rX3VybF9wYWdlIiwic2V0dGluZ3MiOnsicG9zdF9pZCI6IjMwMyJ9fQ==@&#8221; button_text=&#8221;Pick-up form&#8221; button_alignment=&#8221;center&#8221; _builder_version=&#8221;4.7.4&#8243; _dynamic_attributes=&#8221;button_url&#8221; _module_preset=&#8221;default&#8221; locked=&#8221;off&#8221;][\/et_pb_button][\/et_pb_column][\/et_pb_row][\/et_pb_section][et_pb_section fb_built=&#8221;1&#8243; admin_label=&#8221;Section&#8221; _builder_version=&#8221;4.6.6&#8243; _module_preset=&#8221;default&#8221; background_color=&#8221;#f7f7f7&#8243; custom_padding=&#8221;5%||5%||false|false&#8221; locked=&#8221;off&#8221;][et_pb_row _builder_version=&#8221;4.7.4&#8243; _module_preset=&#8221;default&#8221; locked=&#8221;off&#8221;][et_pb_column type=&#8221;4_4&#8243; _builder_version=&#8221;4.7.4&#8243; _module_preset=&#8221;default&#8221;][et_pb_text _builder_version=&#8221;4.7.4&#8243; _module_preset=&#8221;default&#8221; text_font=&#8221;|300|||||||&#8221;]<\/p>\n<h2>What is the current finding on e-recycling in Montreal?<\/h2>\n<p>Today, there is a propensity among individuals to<span> <\/span><strong>accumulating e-waste<\/strong><span> <\/span>at home while waiting for a clean-up. When it arrives next, the appliances are simply mixed up in household waste despite the existence of a<span> <\/span><strong>electronic recycling system.<\/strong> Out of three Quebecers, only one person would be aware of the importance of the process of recovering the devices to limit the pollution generated.<\/p>\n<p>To limit the impact of used computers and laptops, regulations require electronics manufacturers and retailers to prioritize device recycling through the <strong>&#8220;Extended Producer Responsibility&#8221;<\/strong> program. To compensate, they have added a tax to the aircraft bill. The<span> <\/span><strong>eco-fees<\/strong><span> <\/span>collected (nearly<span> <\/span><strong>$17 million\/year)<\/strong> are donated to<span> <\/span><strong>Association for the Recycling of Electronic Products of Quebec (ARPE)<\/strong>. The institution collects e-waste<span> <\/span><strong>960 deposits<\/strong><span> <\/span>before sending them to certified recyclers who then take care of their re-conditioning or disposal. Most components such as batteries, keyboards, mice, LCD displays and cathode screens are not reusable. However, a large number of items are reworked before being put back on the market as<span> <\/span><strong>manufacturing material.<\/strong><\/p>\n<p>Despite the existence of this system, many illegal recycling channels are still trying to take advantage of the market. Companies would have been pinned for the mismanagement of their waste, or for entrusting the recycling of their devices to non-certified suppliers.<\/p>\n<p>[\/et_pb_text][\/et_pb_column][\/et_pb_row][et_pb_row _builder_version=&#8221;4.7.4&#8243; _module_preset=&#8221;default&#8221; locked=&#8221;off&#8221;][et_pb_column type=&#8221;4_4&#8243; _builder_version=&#8221;4.6.6&#8243; _module_preset=&#8221;default&#8221;][et_pb_button button_url=&#8221;@ET-DC@eyJkeW5hbWljIjp0cnVlLCJjb250ZW50IjoicG9zdF9saW5rX3VybF9wYWdlIiwic2V0dGluZ3MiOnsicG9zdF9pZCI6IjMwMyJ9fQ==@&#8221; button_text=&#8221;Pick-up form&#8221; button_alignment=&#8221;center&#8221; _builder_version=&#8221;4.7.4&#8243; _dynamic_attributes=&#8221;button_url&#8221; _module_preset=&#8221;default&#8221;][\/et_pb_button][\/et_pb_column][\/et_pb_row][et_pb_row _builder_version=&#8221;4.7.4&#8243; _module_preset=&#8221;default&#8221; use_background_color_gradient=&#8221;on&#8221; background_color_gradient_start=&#8221;rgba(255,255,255,0.9)&#8221; background_color_gradient_end=&#8221;rgba(255,255,255,0.9)&#8221; background_color_gradient_overlays_image=&#8221;on&#8221; background_image=&#8221;https:\/\/infoliquidationrecycle.com\/wp-content\/uploads\/2020\/11\/ordinateurs-portables-recuperation-recycle-materiel-electronique-certificat-destruction-laval-montreal.jpg&#8221; custom_padding=&#8221;30px|30px|30px|30px|true|true&#8221;][et_pb_column type=&#8221;4_4&#8243; _builder_version=&#8221;4.7.4&#8243; _module_preset=&#8221;default&#8221;][et_pb_text _builder_version=&#8221;4.7.4&#8243; _module_preset=&#8221;default&#8221; text_font=&#8221;|300|||||||&#8221;]<\/p>\n<h2>What are your recycling options if you live on the South Shore?<\/h2>\n<p>In addition to the<span> <\/span><strong>Bell CFER network<\/strong><span> <\/span>and<span> <\/span><strong>VIDEOtron&#8217;s SIT Mauricie<\/strong>, ARPE represents the largest recycling network overseen by<span> <\/span><strong>Recyc-Qu\u00e9bec<\/strong><span> <\/span>for a regulated waste transformation. Together, they provide the public with a variety of opportunities to move their e-waste.<\/p>\n<p>[\/et_pb_text][\/et_pb_column][\/et_pb_row][et_pb_row column_structure=&#8221;1_2,1_2&#8243; _builder_version=&#8221;4.7.4&#8243; _module_preset=&#8221;default&#8221; locked=&#8221;off&#8221;][et_pb_column type=&#8221;1_2&#8243; _builder_version=&#8221;4.7.4&#8243; _module_preset=&#8221;default&#8221;][et_pb_text _builder_version=&#8221;4.7.4&#8243; _module_preset=&#8221;default&#8221; text_font=&#8221;|300|||||||&#8221; text_font_size=&#8221;14px&#8221;]<\/p>\n<h3>As an individual<\/h3>\n<p>The first thing you can do as an individual is to keep your electronic devices long term. Trends and new features should not distract you from your devices that always perform their role well.<\/p>\n<p>If you have an aging device however, you can still consider an alternative. It&#8217;s all about<span> <\/span><strong>donating computers to associations<\/strong><span> <\/span>Boucherville, Brossard and Longueuil. You can make available various devices such as adapters, phones or various cables that will be restored to working condition by<span> <\/span><strong>NGOs<span> <\/span> <\/strong>and<strong> <span> <\/span>resources .<\/strong><\/p>\n<p>Otherwise, you will need to drop off your devices at recovery points or use<span> <\/span><strong>a provider near your home.<\/strong> A few instructions are still to be followed before going through the sorting. Remove the batteries and batteries and put them in the dedicated portable recycling bin and separate the screens from the rest of the devices. If you use a provider, you can always do separate groups or assign this task to the professional.  <\/p>\n<p>[\/et_pb_text][\/et_pb_column][et_pb_column type=&#8221;1_2&#8243; _builder_version=&#8221;4.7.4&#8243; _module_preset=&#8221;default&#8221;][et_pb_text _builder_version=&#8221;4.7.4&#8243; _module_preset=&#8221;default&#8221; text_font=&#8221;|300|||||||&#8221; text_font_size=&#8221;14px&#8221;]<\/p>\n<h3>As a company<\/h3>\n<p>For companies wishing to participate in the recycling program, the choice is limited. You must call in a provider to transport all of your out-of-use devices to an ARPE collection point. Servers, printers, as well as computer equipment (switch, modems, U.P.S&#8230;) and computer parts (circuits, hard drives, etc.) are all affected. If you live on the South Shore, you will find many professionals in the towns of Greenfield Park, Saint-Hubert, Saint-Bruno-de-Montarville and Saint-Lambert to help you in this task. Depending on the number and size of your devices, however, the recovery service can<span> <\/span><strong>Be<\/strong><span> <\/span><strong>paid<\/strong>.<\/p>\n<p>Some businesses may also offer to take your devices back to refurbish and upgrade them on the<span> <\/span><strong>second-hand devices market.<\/strong> On the other hand, it can be interesting for you to collaborate with a recycling company. Some of them employ people with disabilities. By working with them, you can take advantage of a<span> <\/span><strong>reducing your Agefiph contribution<\/strong><span> <\/span>if you have trouble finding a disabled employee to participate in the life of your business.<\/p>\n<p>[\/et_pb_text][\/et_pb_column][\/et_pb_row][et_pb_row _builder_version=&#8221;4.7.4&#8243; _module_preset=&#8221;default&#8221; background_color=&#8221;#65c05b&#8221; custom_padding=&#8221;30px|30px|30px|30px|true|true&#8221; locked=&#8221;off&#8221;][et_pb_column type=&#8221;4_4&#8243; _builder_version=&#8221;4.7.4&#8243; _module_preset=&#8221;default&#8221;][et_pb_text _builder_version=&#8221;4.7.4&#8243; _module_preset=&#8221;default&#8221; text_font=&#8221;|300|||||||&#8221; background_layout=&#8221;dark&#8221;]<\/p>\n<h2>Who to use to recycle your devices?<\/h2>\n<p>As you will have understood, e-waste management is important, especially since a formal recycling system has been put in place. In addition, it is funded by the eco-fees you pay with each new purchase of an electronic device. However, it&#8217;s about paying attention to the provider you entrust your devices to. As far as possible, you can go to one of the many collection points for used appliances or use a<span> <\/span><strong>certified professional<\/strong><span> <\/span>for safe computer and other devices recycling.<\/p>\n<p>[\/et_pb_text][\/et_pb_column][\/et_pb_row][et_pb_row _builder_version=&#8221;4.7.4&#8243; _module_preset=&#8221;default&#8221;][et_pb_column type=&#8221;4_4&#8243; _builder_version=&#8221;4.7.4&#8243; _module_preset=&#8221;default&#8221;][et_pb_button button_url=&#8221;@ET-DC@eyJkeW5hbWljIjp0cnVlLCJjb250ZW50IjoicG9zdF9saW5rX3VybF9wYWdlIiwic2V0dGluZ3MiOnsicG9zdF9pZCI6IjMwMyJ9fQ==@&#8221; button_text=&#8221;Pick-up form&#8221; button_alignment=&#8221;center&#8221; _builder_version=&#8221;4.7.4&#8243; _dynamic_attributes=&#8221;button_url&#8221; _module_preset=&#8221;default&#8221;][\/et_pb_button][et_pb_image src=&#8221;https:\/\/infoliquidationrecycle.com\/wp-content\/uploads\/2020\/11\/icon_info_liquidation.png&#8221; title_text=&#8221;icon_info_liquidation&#8221; align=&#8221;center&#8221; _builder_version=&#8221;4.7.4&#8243; _module_preset=&#8221;default&#8221; width=&#8221;60px&#8221; custom_margin=&#8221;||30px||false|false&#8221;][\/et_pb_image][\/et_pb_column][\/et_pb_row][\/et_pb_section]<\/p>\n","protected":false},"excerpt":{"rendered":"<p>Every year, nearly 700,000 computersare sold in Quebec City alone. Considering that a Canadian produces an average of 20 kilograms of e-waste and that companies change their computer fleet about every 3 years, there are no less than 170,000 tonnes of electronic waste each year. The situation worsens over time because of equipment producers who [&hellip;]<\/p>\n","protected":false},"author":1,"featured_media":0,"parent":3912,"menu_order":0,"comment_status":"closed","ping_status":"closed","template":"","meta":{"_et_pb_use_builder":"on","_et_pb_old_content":"","_et_gb_content_width":"","footnotes":""},"class_list":["post-3927","page","type-page","status-publish","hentry"],"yoast_head":"<!-- This site is optimized with the Yoast SEO plugin v26.3 - https:\/\/yoast.com\/wordpress\/plugins\/seo\/ -->\n<title>Recycling computer and laptop South Shore - Info Liquidation Recycle<\/title>\n<meta name=\"description\" content=\"Every year, nearly 700,000 computersare sold in Quebec City alone. Considering that a Canadian produces an average of 20 kilograms of e-waste and that companies change their computer fleet about every 3 years, there are no less than 170,000 tonnes of\" \/>\n<meta name=\"robots\" content=\"index, follow, max-snippet:-1, max-image-preview:large, max-video-preview:-1\" \/>\n<link rel=\"canonical\" href=\"https:\/\/infoliquidationrecycle.com\/en\/computer-recycling-2\/recycling-computer-and-laptop-south-shore\/\" \/>\n<meta property=\"og:locale\" content=\"en_US\" \/>\n<meta property=\"og:type\" content=\"article\" \/>\n<meta property=\"og:title\" content=\"Recycling computer and laptop South Shore - Info Liquidation Recycle\" \/>\n<meta property=\"og:url\" content=\"https:\/\/infoliquidationrecycle.com\/en\/computer-recycling-2\/recycling-computer-and-laptop-south-shore\/\" \/>\n<meta property=\"og:site_name\" content=\"Info Liquidation Recycle\" \/>\n<meta property=\"article:publisher\" content=\"https:\/\/www.facebook.com\/InfoLiquidationRecycle\/\" \/>\n<meta property=\"article:modified_time\" content=\"2021-01-07T10:17:05+00:00\" \/>\n<meta name=\"twitter:card\" content=\"summary_large_image\" \/>\n<meta name=\"twitter:label1\" content=\"Est. reading time\" \/>\n\t<meta name=\"twitter:data1\" content=\"7 minutes\" \/>\n<script type=\"application\/ld+json\" class=\"yoast-schema-graph\">{\"@context\":\"https:\/\/schema.org\",\"@graph\":[{\"@type\":\"WebPage\",\"@id\":\"https:\/\/infoliquidationrecycle.com\/en\/computer-recycling-2\/recycling-computer-and-laptop-south-shore\/\",\"url\":\"https:\/\/infoliquidationrecycle.com\/en\/computer-recycling-2\/recycling-computer-and-laptop-south-shore\/\",\"name\":\"Recycling computer and laptop South Shore - Info Liquidation Recycle\",\"isPartOf\":{\"@id\":\"https:\/\/infoliquidationrecycle.com\/en\/#website\"},\"datePublished\":\"2020-12-22T22:25:59+00:00\",\"dateModified\":\"2021-01-07T10:17:05+00:00\",\"breadcrumb\":{\"@id\":\"https:\/\/infoliquidationrecycle.com\/en\/computer-recycling-2\/recycling-computer-and-laptop-south-shore\/#breadcrumb\"},\"inLanguage\":\"en-CA\",\"potentialAction\":[{\"@type\":\"ReadAction\",\"target\":[\"https:\/\/infoliquidationrecycle.com\/en\/computer-recycling-2\/recycling-computer-and-laptop-south-shore\/\"]}]},{\"@type\":\"BreadcrumbList\",\"@id\":\"https:\/\/infoliquidationrecycle.com\/en\/computer-recycling-2\/recycling-computer-and-laptop-south-shore\/#breadcrumb\",\"itemListElement\":[{\"@type\":\"ListItem\",\"position\":1,\"name\":\"Accueil\",\"item\":\"https:\/\/infoliquidationrecycle.com\/en\/home-2\/\"},{\"@type\":\"ListItem\",\"position\":2,\"name\":\"Computer and laptop recycling\",\"item\":\"https:\/\/infoliquidationrecycle.com\/en\/computer-recycling-2\/\"},{\"@type\":\"ListItem\",\"position\":3,\"name\":\"Recycling computer and laptop South Shore\"}]},{\"@type\":\"WebSite\",\"@id\":\"https:\/\/infoliquidationrecycle.com\/en\/#website\",\"url\":\"https:\/\/infoliquidationrecycle.com\/en\/\",\"name\":\"Info Liquidation Recycle ramassage de mati\u00e8res et d\u00e9chets recyclables\",\"description\":\"Recyclage et ramassage informatique et \u00e9l\u00e9ctronique, \u00e0 Laval, Montr\u00e9al.\",\"publisher\":{\"@id\":\"https:\/\/infoliquidationrecycle.com\/en\/#organization\"},\"potentialAction\":[{\"@type\":\"SearchAction\",\"target\":{\"@type\":\"EntryPoint\",\"urlTemplate\":\"https:\/\/infoliquidationrecycle.com\/en\/?s={search_term_string}\"},\"query-input\":{\"@type\":\"PropertyValueSpecification\",\"valueRequired\":true,\"valueName\":\"search_term_string\"}}],\"inLanguage\":\"en-CA\"},{\"@type\":\"Organization\",\"@id\":\"https:\/\/infoliquidationrecycle.com\/en\/#organization\",\"name\":\"Info Liquidation Recycle ramassage de mati\u00e8res et d\u00e9chets recyclables - Laval, Montr\u00e9al\",\"url\":\"https:\/\/infoliquidationrecycle.com\/en\/\",\"logo\":{\"@type\":\"ImageObject\",\"inLanguage\":\"en-CA\",\"@id\":\"https:\/\/infoliquidationrecycle.com\/en\/#\/schema\/logo\/image\/\",\"url\":\"https:\/\/i0.wp.com\/infoliquidationrecycle.com\/wp-content\/uploads\/2020\/09\/logo.png?fit=338%2C80&ssl=1\",\"contentUrl\":\"https:\/\/i0.wp.com\/infoliquidationrecycle.com\/wp-content\/uploads\/2020\/09\/logo.png?fit=338%2C80&ssl=1\",\"width\":338,\"height\":80,\"caption\":\"Info Liquidation Recycle ramassage de mati\u00e8res et d\u00e9chets recyclables - Laval, Montr\u00e9al\"},\"image\":{\"@id\":\"https:\/\/infoliquidationrecycle.com\/en\/#\/schema\/logo\/image\/\"},\"sameAs\":[\"https:\/\/www.facebook.com\/InfoLiquidationRecycle\/\"]}]}<\/script>\n<!-- \/ Yoast SEO plugin. -->","yoast_head_json":{"title":"Recycling computer and laptop South Shore - Info Liquidation Recycle","description":"Every year, nearly 700,000 computersare sold in Quebec City alone. Considering that a Canadian produces an average of 20 kilograms of e-waste and that companies change their computer fleet about every 3 years, there are no less than 170,000 tonnes of","robots":{"index":"index","follow":"follow","max-snippet":"max-snippet:-1","max-image-preview":"max-image-preview:large","max-video-preview":"max-video-preview:-1"},"canonical":"https:\/\/infoliquidationrecycle.com\/en\/computer-recycling-2\/recycling-computer-and-laptop-south-shore\/","og_locale":"en_US","og_type":"article","og_title":"Recycling computer and laptop South Shore - Info Liquidation Recycle","og_url":"https:\/\/infoliquidationrecycle.com\/en\/computer-recycling-2\/recycling-computer-and-laptop-south-shore\/","og_site_name":"Info Liquidation Recycle","article_publisher":"https:\/\/www.facebook.com\/InfoLiquidationRecycle\/","article_modified_time":"2021-01-07T10:17:05+00:00","twitter_card":"summary_large_image","twitter_misc":{"Est. reading time":"7 minutes"},"schema":{"@context":"https:\/\/schema.org","@graph":[{"@type":"WebPage","@id":"https:\/\/infoliquidationrecycle.com\/en\/computer-recycling-2\/recycling-computer-and-laptop-south-shore\/","url":"https:\/\/infoliquidationrecycle.com\/en\/computer-recycling-2\/recycling-computer-and-laptop-south-shore\/","name":"Recycling computer and laptop South Shore - Info Liquidation Recycle","isPartOf":{"@id":"https:\/\/infoliquidationrecycle.com\/en\/#website"},"datePublished":"2020-12-22T22:25:59+00:00","dateModified":"2021-01-07T10:17:05+00:00","breadcrumb":{"@id":"https:\/\/infoliquidationrecycle.com\/en\/computer-recycling-2\/recycling-computer-and-laptop-south-shore\/#breadcrumb"},"inLanguage":"en-CA","potentialAction":[{"@type":"ReadAction","target":["https:\/\/infoliquidationrecycle.com\/en\/computer-recycling-2\/recycling-computer-and-laptop-south-shore\/"]}]},{"@type":"BreadcrumbList","@id":"https:\/\/infoliquidationrecycle.com\/en\/computer-recycling-2\/recycling-computer-and-laptop-south-shore\/#breadcrumb","itemListElement":[{"@type":"ListItem","position":1,"name":"Accueil","item":"https:\/\/infoliquidationrecycle.com\/en\/home-2\/"},{"@type":"ListItem","position":2,"name":"Computer and laptop recycling","item":"https:\/\/infoliquidationrecycle.com\/en\/computer-recycling-2\/"},{"@type":"ListItem","position":3,"name":"Recycling computer and laptop South Shore"}]},{"@type":"WebSite","@id":"https:\/\/infoliquidationrecycle.com\/en\/#website","url":"https:\/\/infoliquidationrecycle.com\/en\/","name":"Info Liquidation Recycle ramassage de mati\u00e8res et d\u00e9chets recyclables","description":"Recyclage et ramassage informatique et \u00e9l\u00e9ctronique, \u00e0 Laval, Montr\u00e9al.","publisher":{"@id":"https:\/\/infoliquidationrecycle.com\/en\/#organization"},"potentialAction":[{"@type":"SearchAction","target":{"@type":"EntryPoint","urlTemplate":"https:\/\/infoliquidationrecycle.com\/en\/?s={search_term_string}"},"query-input":{"@type":"PropertyValueSpecification","valueRequired":true,"valueName":"search_term_string"}}],"inLanguage":"en-CA"},{"@type":"Organization","@id":"https:\/\/infoliquidationrecycle.com\/en\/#organization","name":"Info Liquidation Recycle ramassage de mati\u00e8res et d\u00e9chets recyclables - Laval, Montr\u00e9al","url":"https:\/\/infoliquidationrecycle.com\/en\/","logo":{"@type":"ImageObject","inLanguage":"en-CA","@id":"https:\/\/infoliquidationrecycle.com\/en\/#\/schema\/logo\/image\/","url":"https:\/\/i0.wp.com\/infoliquidationrecycle.com\/wp-content\/uploads\/2020\/09\/logo.png?fit=338%2C80&ssl=1","contentUrl":"https:\/\/i0.wp.com\/infoliquidationrecycle.com\/wp-content\/uploads\/2020\/09\/logo.png?fit=338%2C80&ssl=1","width":338,"height":80,"caption":"Info Liquidation Recycle ramassage de mati\u00e8res et d\u00e9chets recyclables - Laval, Montr\u00e9al"},"image":{"@id":"https:\/\/infoliquidationrecycle.com\/en\/#\/schema\/logo\/image\/"},"sameAs":["https:\/\/www.facebook.com\/InfoLiquidationRecycle\/"]}]}},"_links":{"self":[{"href":"https:\/\/infoliquidationrecycle.com\/en\/wp-json\/wp\/v2\/pages\/3927","targetHints":{"allow":["GET"]}}],"collection":[{"href":"https:\/\/infoliquidationrecycle.com\/en\/wp-json\/wp\/v2\/pages"}],"about":[{"href":"https:\/\/infoliquidationrecycle.com\/en\/wp-json\/wp\/v2\/types\/page"}],"author":[{"embeddable":true,"href":"https:\/\/infoliquidationrecycle.com\/en\/wp-json\/wp\/v2\/users\/1"}],"replies":[{"embeddable":true,"href":"https:\/\/infoliquidationrecycle.com\/en\/wp-json\/wp\/v2\/comments?post=3927"}],"version-history":[{"count":0,"href":"https:\/\/infoliquidationrecycle.com\/en\/wp-json\/wp\/v2\/pages\/3927\/revisions"}],"up":[{"embeddable":true,"href":"https:\/\/infoliquidationrecycle.com\/en\/wp-json\/wp\/v2\/pages\/3912"}],"wp:attachment":[{"href":"https:\/\/infoliquidationrecycle.com\/en\/wp-json\/wp\/v2\/media?parent=3927"}],"curies":[{"name":"wp","href":"https:\/\/api.w.org\/{rel}","templated":true}]}}